{"id":28295,"date":"2015-01-27T10:39:34","date_gmt":"2015-01-27T10:39:34","guid":{"rendered":"https:\/\/shop.metal-badge.ch\/?product=tenue-de-camouflage-foret-de-type-ghillie-suit"},"modified":"2015-01-27T15:01:35","modified_gmt":"2015-01-27T15:01:35","slug":"tenue-de-camouflage-foret-de-type-ghillie-suit","status":"publish","type":"product","link":"https:\/\/metal-badge.ch\/fr\/product\/28295\/tenue-de-camouflage-foret-de-type-ghillie-suit\/","title":{"rendered":"Tenue de camouflage for\u00eat de type ghillie suit"},"content":{"rendered":"<p>Un camouflage parfait \u00e0 tr\u00e8s bas prix.<br \/>\nLe nom de ghillie suit nous vient des gardes-chasses des highlands d&rsquo;\u00c9cosse, qui les utilisaient pour se camoufler et chasser. Les ghillie suits sont parfaitement adapt\u00e9s au camouflage : ils cachent la forme du corps et permettent \u00e0 ceux qui les portent de se fondre dans l&rsquo;environnement. Totalement silencieux. Pour \u00eatre \u00e0 l&rsquo;affut dans une position offensive ou prendre la photo parfaite d&rsquo;un animal sauvage, ainsi que pour la chasse, ce ghillie suit sera parfait dans tous les environnements de type for\u00eat ou zone d&rsquo;herbages. Tissu maill\u00e9 trait\u00e9 pour ne pas s&rsquo;enflammer en cas d&rsquo;\u00e9tincelles et contre la poussi\u00e8re. Syst\u00e8me bien con\u00e7u et \u00e9laboration de qualit\u00e9. L&rsquo;ensemble comprend une veste avec un \u00e9l\u00e9ment pour couvrir la t\u00eate de type \u00ab capuche avec visi\u00e8re pour la vue \u00e0 l&rsquo;avant en filet \u00bb, un pantalon et un rev\u00eatement d&rsquo;arme. Il est bien entendu \u00e9galement pratique que chaque partie puisse \u00eatre utilis\u00e9e individuellement. La veste est \u00e9quip\u00e9e de boutons pression et est confortable \u00e0 mettre. Le pantalon comporte un \u00e9lastique en caoutchouc et une bande de serrage \u00e0 la taille. Deux ouvertures permettent l&rsquo;acc\u00e8s aux vraies poches du pantalon. Les bas de jambes sont \u00e9lastiques et \u00e9quip\u00e9s de fermetures \u00e0 pression. Ainsi, le pantalon peut \u00eatre mis confortablement par-dessus des bottes ou de grosses chaussures. L&rsquo;ensemble est tr\u00e8s l\u00e9ger, laisse respirer et est confortable \u00e0 porter. Le sac fourni avec une bande de suspension est \u00e9galement tr\u00e8s pratique. <\/p>\n<p>La taille M-L est \u00e9tablie pour une taille \u00e0 partir de 165 cm et la taille XL-XXL \u00e0 partir de 180 cm.<\/p>\n<p>Mat\u00e9riau : 60 % polypropyl\u00e8ne, 40 % polyester <br \/>\nCouleur : camouflage<br \/>\nPoids :  1420 g<\/p>\n","protected":false},"excerpt":{"rendered":"<p>Un camouflage parfait \u00e0 tr\u00e8s bas prix. Le nom de ghillie suit nous vient des gardes-chasses des highlands d&rsquo;\u00c9cosse, qui les utilisaient pour se camoufler et chasser. Les ghillie suits sont parfaitement adapt\u00e9s au camouflage : ils cachent la forme du corps et permettent \u00e0 ceux qui les portent de se fondre dans l&rsquo;environnement. Totalement [&hellip;]<\/p>\n","protected":false},"featured_media":91703,"comment_status":"open","ping_status":"closed","template":"","meta":{"inline_featured_image":false},"product_brand":[],"product_cat":[1347],"product_tag":[1769,1773],"class_list":{"0":"post-28295","1":"product","2":"type-product","3":"status-publish","4":"has-post-thumbnail","6":"product_cat-accessoires-militaires-de-chasse","7":"product_tag-army-survival-fr","8":"product_tag-chasse-peche","10":"first","11":"instock","12":"taxable","13":"shipping-taxable","14":"purchasable","15":"product-type-simple"},"_links":{"self":[{"href":"https:\/\/metal-badge.ch\/fr\/wp-json\/wp\/v2\/product\/28295","targetHints":{"allow":["GET"]}}],"collection":[{"href":"https:\/\/metal-badge.ch\/fr\/wp-json\/wp\/v2\/product"}],"about":[{"href":"https:\/\/metal-badge.ch\/fr\/wp-json\/wp\/v2\/types\/product"}],"replies":[{"embeddable":true,"href":"https:\/\/metal-badge.ch\/fr\/wp-json\/wp\/v2\/comments?post=28295"}],"wp:featuredmedia":[{"embeddable":true,"href":"https:\/\/metal-badge.ch\/fr\/wp-json\/wp\/v2\/media\/91703"}],"wp:attachment":[{"href":"https:\/\/metal-badge.ch\/fr\/wp-json\/wp\/v2\/media?parent=28295"}],"wp:term":[{"taxonomy":"product_brand","embeddable":true,"href":"https:\/\/metal-badge.ch\/fr\/wp-json\/wp\/v2\/product_brand?post=28295"},{"taxonomy":"product_cat","embeddable":true,"href":"https:\/\/metal-badge.ch\/fr\/wp-json\/wp\/v2\/product_cat?post=28295"},{"taxonomy":"product_tag","embeddable":true,"href":"https:\/\/metal-badge.ch\/fr\/wp-json\/wp\/v2\/product_tag?post=28295"}],"curies":[{"name":"wp","href":"https:\/\/api.w.org\/{rel}","templated":true}]}}