{"id":28286,"date":"2015-01-27T09:56:52","date_gmt":"2015-01-27T09:56:52","guid":{"rendered":"https:\/\/shop.metal-badge.ch\/?product=lampe-frontale-led-cree-xm-l-t6"},"modified":"2020-08-02T00:48:20","modified_gmt":"2020-08-02T00:48:20","slug":"lampe-frontale-led-cree-xm-l-t6","status":"publish","type":"product","link":"https:\/\/metal-badge.ch\/fr\/product\/28286\/lampe-frontale-led-cree-xm-l-t6\/","title":{"rendered":"Lampe frontale LED CREE XM-L T6"},"content":{"rendered":"<p>Lampe frontale \u00e0 zoom pour un rayon lumineux optimal r\u00e9glable pour une lumi\u00e8re diffuse ou concentr\u00e9e comme un stroboscope, \u00e0 longue dur\u00e9e de vie. Le bo\u00eetier de qualit\u00e9 est tr\u00e8s robuste et efficace contre les projections d&rsquo;eau. Les bandes \u00e9lastiques r\u00e9glables pour le front et la t\u00eate peuvent \u00eatre adapt\u00e9es selon vos souhaits. Cette lampe frontale tr\u00e8s performante est \u00e9quip\u00e9e d&rsquo;un projecteur amovible \u00e0 90\u00ba. L&rsquo;\u00e9nergie est fournie par 2 piles au lithium AAA 18650 rechargeables, qui assurent une autonomie de 10 heures et sont fournies.<\/p>\n<h3>Donn\u00e9es techniques<\/h3>\n<p>Poids : 250 g, piles comprises<br \/>\nCouleur : noir <br \/>\nCouleur de la lumi\u00e8re : blanc<br \/>\nMat\u00e9riau : aluminium, plastique<br \/>\nProjecteur amovible <br \/>\nLuminosit\u00e9 : 1600 LM \/ env. 300 m <br \/>\nDimensions : diam\u00e8tre du projecteur de 4 cm \/ profondeur de 5 cm<br \/>\nPiles : AAA 18650 au lithium-ion 2400 mAh<br \/>\n2 piles et un chargeur sont fournis (pour USA avec un adaptateur pour UE + Suisse)<\/p>\n","protected":false},"excerpt":{"rendered":"<p>Lampe frontale \u00e0 zoom pour un rayon lumineux optimal r\u00e9glable pour une lumi\u00e8re diffuse ou concentr\u00e9e comme un stroboscope, \u00e0 longue dur\u00e9e de vie. Le bo\u00eetier de qualit\u00e9 est tr\u00e8s robuste et efficace contre les projections d&rsquo;eau. Les bandes \u00e9lastiques r\u00e9glables pour le front et la t\u00eate peuvent \u00eatre adapt\u00e9es selon vos souhaits. Cette lampe [&hellip;]<\/p>\n","protected":false},"featured_media":91705,"comment_status":"open","ping_status":"closed","template":"","meta":{"inline_featured_image":false},"product_brand":[],"product_cat":[1347,1343],"product_tag":[1769,1777,1773,1863,1765],"class_list":{"0":"post-28286","1":"product","2":"type-product","3":"status-publish","4":"has-post-thumbnail","6":"product_cat-accessoires-militaires-de-chasse","7":"product_cat-lampes-lampes-de-poche","8":"product_tag-army-survival-fr","9":"product_tag-camping-voyage","10":"product_tag-chasse-peche","11":"product_tag-lampes-frontale","12":"product_tag-sport-outdoor-fr","14":"first","15":"instock","16":"taxable","17":"shipping-taxable","18":"purchasable","19":"product-type-simple"},"_links":{"self":[{"href":"https:\/\/metal-badge.ch\/fr\/wp-json\/wp\/v2\/product\/28286","targetHints":{"allow":["GET"]}}],"collection":[{"href":"https:\/\/metal-badge.ch\/fr\/wp-json\/wp\/v2\/product"}],"about":[{"href":"https:\/\/metal-badge.ch\/fr\/wp-json\/wp\/v2\/types\/product"}],"replies":[{"embeddable":true,"href":"https:\/\/metal-badge.ch\/fr\/wp-json\/wp\/v2\/comments?post=28286"}],"wp:featuredmedia":[{"embeddable":true,"href":"https:\/\/metal-badge.ch\/fr\/wp-json\/wp\/v2\/media\/91705"}],"wp:attachment":[{"href":"https:\/\/metal-badge.ch\/fr\/wp-json\/wp\/v2\/media?parent=28286"}],"wp:term":[{"taxonomy":"product_brand","embeddable":true,"href":"https:\/\/metal-badge.ch\/fr\/wp-json\/wp\/v2\/product_brand?post=28286"},{"taxonomy":"product_cat","embeddable":true,"href":"https:\/\/metal-badge.ch\/fr\/wp-json\/wp\/v2\/product_cat?post=28286"},{"taxonomy":"product_tag","embeddable":true,"href":"https:\/\/metal-badge.ch\/fr\/wp-json\/wp\/v2\/product_tag?post=28286"}],"curies":[{"name":"wp","href":"https:\/\/api.w.org\/{rel}","templated":true}]}}