{"id":28276,"date":"2015-01-27T09:30:17","date_gmt":"2015-01-27T09:30:17","guid":{"rendered":"https:\/\/shop.metal-badge.ch\/?product=hamac-en-nylon-a-mailles"},"modified":"2020-08-02T00:48:15","modified_gmt":"2020-08-02T00:48:15","slug":"hamac-en-nylon-a-mailles","status":"publish","type":"product","link":"https:\/\/metal-badge.ch\/fr\/product\/28276\/hamac-en-nylon-a-mailles\/","title":{"rendered":"Hamac en nylon \u00e0 mailles"},"content":{"rendered":"<p>Avec un hamac en nylon, vous aurez toujours votre lit avec vous, et vous dormirez confortablement au-dessus du sol. Les deux cordes avec lesquelles vous pouvez suspendre et tendre le hamac entre deux arbres sont fournis.<br \/>\nCe hamac est tr\u00e8s l\u00e9ger et est fait de nylon r\u00e9sistant. Avantage : Prend tr\u00e8s peu de place dans votre sac \u00e0 dos ou vos bagages. Profitez d&rsquo;une brise fraiche \u00e0 l&rsquo;air libre d&rsquo;un champ, en allant randonner, chasser, en voyage, ou tout simplement dans votre jardin ou sur votre balcon.<\/p>\n<h3>Description du produit :<\/h3>\n<p>Poids : 0,4 kg<br \/>\nTaille : 225 x 90 cm<br \/>\nCouleur : vert olive<br \/>\nCapacit\u00e9 de port : 100 kg<\/p>\n","protected":false},"excerpt":{"rendered":"<p>Avec un hamac en nylon, vous aurez toujours votre lit avec vous, et vous dormirez confortablement au-dessus du sol. Les deux cordes avec lesquelles vous pouvez suspendre et tendre le hamac entre deux arbres sont fournis. Ce hamac est tr\u00e8s l\u00e9ger et est fait de nylon r\u00e9sistant. Avantage : Prend tr\u00e8s peu de place dans [&hellip;]<\/p>\n","protected":false},"featured_media":91707,"comment_status":"open","ping_status":"closed","template":"","meta":{"inline_featured_image":false},"product_brand":[],"product_cat":[1347,1435,1694],"product_tag":[1769,1777,1773,1765],"class_list":{"0":"post-28276","1":"product","2":"type-product","3":"status-publish","4":"has-post-thumbnail","6":"product_cat-accessoires-militaires-de-chasse","7":"product_cat-camping-voyage","8":"product_cat-sacs-de-couchage-sacs-de-bivouac-hamacs","9":"product_tag-army-survival-fr","10":"product_tag-camping-voyage","11":"product_tag-chasse-peche","12":"product_tag-sport-outdoor-fr","14":"first","15":"instock","16":"taxable","17":"shipping-taxable","18":"purchasable","19":"product-type-simple"},"_links":{"self":[{"href":"https:\/\/metal-badge.ch\/fr\/wp-json\/wp\/v2\/product\/28276","targetHints":{"allow":["GET"]}}],"collection":[{"href":"https:\/\/metal-badge.ch\/fr\/wp-json\/wp\/v2\/product"}],"about":[{"href":"https:\/\/metal-badge.ch\/fr\/wp-json\/wp\/v2\/types\/product"}],"replies":[{"embeddable":true,"href":"https:\/\/metal-badge.ch\/fr\/wp-json\/wp\/v2\/comments?post=28276"}],"wp:featuredmedia":[{"embeddable":true,"href":"https:\/\/metal-badge.ch\/fr\/wp-json\/wp\/v2\/media\/91707"}],"wp:attachment":[{"href":"https:\/\/metal-badge.ch\/fr\/wp-json\/wp\/v2\/media?parent=28276"}],"wp:term":[{"taxonomy":"product_brand","embeddable":true,"href":"https:\/\/metal-badge.ch\/fr\/wp-json\/wp\/v2\/product_brand?post=28276"},{"taxonomy":"product_cat","embeddable":true,"href":"https:\/\/metal-badge.ch\/fr\/wp-json\/wp\/v2\/product_cat?post=28276"},{"taxonomy":"product_tag","embeddable":true,"href":"https:\/\/metal-badge.ch\/fr\/wp-json\/wp\/v2\/product_tag?post=28276"}],"curies":[{"name":"wp","href":"https:\/\/api.w.org\/{rel}","templated":true}]}}