{"id":28268,"date":"2015-01-26T16:50:57","date_gmt":"2015-01-26T16:50:57","guid":{"rendered":"https:\/\/shop.metal-badge.ch\/?product=lunettes-tactiques-de-sport-de-tir-et-de-protection"},"modified":"2015-01-26T16:55:16","modified_gmt":"2015-01-26T16:55:16","slug":"lunettes-tactiques-de-sport-de-tir-et-de-protection","status":"publish","type":"product","link":"https:\/\/metal-badge.ch\/fr\/product\/28268\/lunettes-tactiques-de-sport-de-tir-et-de-protection\/","title":{"rendered":"Lunettes tactiques de sport, de tir et de protection"},"content":{"rendered":"<p>Lunettes de protection, de sport ou de tir avec des ailerons nasals mous retirable, forme adapt\u00e9e \u00e0 la morphologie. Avec 25 g seulement, les lunettes sont tr\u00e8s l\u00e9g\u00e8res et offrent un confort de port optimal. Les verres sont polycarbonate rev\u00eatus anti-projections, anti-bu\u00e9e et anti-rayures. Les lunettes prot\u00e8gent du soleil, du vent et de la poussi\u00e8re et offrent une protection UV de 100 %. UV 400 : Cette d\u00e9signation signifie que les verres absorbent les rayons UV A, B et C jusqu&rsquo;\u00e0 une longueur d&rsquo;onde de 400 nanom\u00e8tres. Vous recevrez avec le produit une sacoche en tissu et un chiffon de protection. <\/p>\n<h3>Description du produit :<\/h3>\n<p>Lunettes de protection et de sport\/rit<br \/>\nMat\u00e9riau du cadre : ABS noir<br \/>\nR\u00e9sistant aux tirs, anti-projections<br \/>\nTest de tir 6 mm \u00e0 balle en acier \u00e0 120 m\/s<br \/>\nProtection UV \u2013 400 <br \/>\nVerre : polycarbonate <br \/>\nGenre : unisexe<\/p>\n","protected":false},"excerpt":{"rendered":"<p>Lunettes de protection, de sport ou de tir avec des ailerons nasals mous retirable, forme adapt\u00e9e \u00e0 la morphologie. Avec 25 g seulement, les lunettes sont tr\u00e8s l\u00e9g\u00e8res et offrent un confort de port optimal. Les verres sont polycarbonate rev\u00eatus anti-projections, anti-bu\u00e9e et anti-rayures. Les lunettes prot\u00e8gent du soleil, du vent et de la poussi\u00e8re [&hellip;]<\/p>\n","protected":false},"featured_media":91709,"comment_status":"open","ping_status":"closed","template":"","meta":{"inline_featured_image":false},"product_brand":[],"product_cat":[1115],"product_tag":[1781,1765],"class_list":{"0":"post-28268","1":"product","2":"type-product","3":"status-publish","4":"has-post-thumbnail","6":"product_cat-lunettes-de-protection-lunettes-de-soleil","7":"product_tag-police-securite","8":"product_tag-sport-outdoor-fr","10":"first","11":"instock","12":"taxable","13":"shipping-taxable","14":"purchasable","15":"product-type-simple"},"_links":{"self":[{"href":"https:\/\/metal-badge.ch\/fr\/wp-json\/wp\/v2\/product\/28268","targetHints":{"allow":["GET"]}}],"collection":[{"href":"https:\/\/metal-badge.ch\/fr\/wp-json\/wp\/v2\/product"}],"about":[{"href":"https:\/\/metal-badge.ch\/fr\/wp-json\/wp\/v2\/types\/product"}],"replies":[{"embeddable":true,"href":"https:\/\/metal-badge.ch\/fr\/wp-json\/wp\/v2\/comments?post=28268"}],"wp:featuredmedia":[{"embeddable":true,"href":"https:\/\/metal-badge.ch\/fr\/wp-json\/wp\/v2\/media\/91709"}],"wp:attachment":[{"href":"https:\/\/metal-badge.ch\/fr\/wp-json\/wp\/v2\/media?parent=28268"}],"wp:term":[{"taxonomy":"product_brand","embeddable":true,"href":"https:\/\/metal-badge.ch\/fr\/wp-json\/wp\/v2\/product_brand?post=28268"},{"taxonomy":"product_cat","embeddable":true,"href":"https:\/\/metal-badge.ch\/fr\/wp-json\/wp\/v2\/product_cat?post=28268"},{"taxonomy":"product_tag","embeddable":true,"href":"https:\/\/metal-badge.ch\/fr\/wp-json\/wp\/v2\/product_tag?post=28268"}],"curies":[{"name":"wp","href":"https:\/\/api.w.org\/{rel}","templated":true}]}}