{"id":28257,"date":"2015-01-26T15:52:08","date_gmt":"2015-01-26T15:52:08","guid":{"rendered":"https:\/\/shop.metal-badge.ch\/?product=lunettes-de-protection-tactiques-x-400"},"modified":"2015-01-26T15:58:49","modified_gmt":"2015-01-26T15:58:49","slug":"lunettes-de-protection-tactiques-x-400","status":"publish","type":"product","link":"https:\/\/metal-badge.ch\/fr\/product\/28257\/lunettes-de-protection-tactiques-x-400\/","title":{"rendered":"Lunettes de protection tactiques  X 400"},"content":{"rendered":"<p>Ces lunettes tactiques sont particuli\u00e8rement adapt\u00e9es pour l&rsquo;arm\u00e9e, la police, les forces de sauvetage, les pompiers, les personnes travaillant \u00e0 l&rsquo;ext\u00e9rieur, les motards, les personnes pratiquant l&rsquo;airsoft, et bien plus encore. Les lunettes s&rsquo;adaptent particuli\u00e8rement bien \u00e0 la forme du visage est sont rev\u00eatues de mousse \u00e0 l&rsquo;int\u00e9rieur. Le verre anti-rayures en verre polycarbonate prot\u00e8ge du sable, de la poussi\u00e8re et du vent. Il est rev\u00eatu d&rsquo;ac\u00e9tate anti-brouillard qui prot\u00e8ge les lunettes afin qu&rsquo;aucune bu\u00e9e ne se forme sur le verre. Le ruban \u00e9lastique est r\u00e9glable individuellement, et les lunettes peuvent donc \u00eatre port\u00e9es par-dessus un casque. Il est pos\u00e9 sur le visage sans laisser passer l&rsquo;air, ce qui prot\u00e8ge les yeux des irritations comme la fum\u00e9e, les gaz et des vapeurs. <br \/> <br \/>\nTest de tir : Balle en acier de 6 mm \u00e0 120 m par sec.<\/p>\n<h3>Description du produit :<\/h3>\n<p>Mod\u00e8le : X 400 Runshion<br \/> <br \/>\nRev\u00eatement contre la formation de bu\u00e9e sur les verres<br \/> <br \/>\nPoids : 80 g<br \/> <br \/>\nMesures : Hauteur 75 mm \/ 170 mm<br \/> <br \/>\nMat\u00e9riau vitre : polycarbonate<br \/> <br \/>\nMat\u00e9riau du cadre : PVC <br \/> <br \/>\nCouleur des verres : brun, noir, transparent<\/p>\n<p>\u00c9l\u00e9ments fournis : Les lunettes sont fournies avec un petit sac de protection et un chiffon de nettoyage.<\/p>\n","protected":false},"excerpt":{"rendered":"<p>Ces lunettes tactiques sont particuli\u00e8rement adapt\u00e9es pour l&rsquo;arm\u00e9e, la police, les forces de sauvetage, les pompiers, les personnes travaillant \u00e0 l&rsquo;ext\u00e9rieur, les motards, les personnes pratiquant l&rsquo;airsoft, et bien plus encore. Les lunettes s&rsquo;adaptent particuli\u00e8rement bien \u00e0 la forme du visage est sont rev\u00eatues de mousse \u00e0 l&rsquo;int\u00e9rieur. Le verre anti-rayures en verre polycarbonate prot\u00e8ge [&hellip;]<\/p>\n","protected":false},"featured_media":91711,"comment_status":"open","ping_status":"closed","template":"","meta":{"inline_featured_image":false},"product_brand":[],"product_cat":[1115],"product_tag":[1781,1765],"class_list":{"0":"post-28257","1":"product","2":"type-product","3":"status-publish","4":"has-post-thumbnail","6":"product_cat-lunettes-de-protection-lunettes-de-soleil","7":"product_tag-police-securite","8":"product_tag-sport-outdoor-fr","10":"first","11":"instock","12":"taxable","13":"shipping-taxable","14":"purchasable","15":"product-type-simple"},"_links":{"self":[{"href":"https:\/\/metal-badge.ch\/fr\/wp-json\/wp\/v2\/product\/28257","targetHints":{"allow":["GET"]}}],"collection":[{"href":"https:\/\/metal-badge.ch\/fr\/wp-json\/wp\/v2\/product"}],"about":[{"href":"https:\/\/metal-badge.ch\/fr\/wp-json\/wp\/v2\/types\/product"}],"replies":[{"embeddable":true,"href":"https:\/\/metal-badge.ch\/fr\/wp-json\/wp\/v2\/comments?post=28257"}],"wp:featuredmedia":[{"embeddable":true,"href":"https:\/\/metal-badge.ch\/fr\/wp-json\/wp\/v2\/media\/91711"}],"wp:attachment":[{"href":"https:\/\/metal-badge.ch\/fr\/wp-json\/wp\/v2\/media?parent=28257"}],"wp:term":[{"taxonomy":"product_brand","embeddable":true,"href":"https:\/\/metal-badge.ch\/fr\/wp-json\/wp\/v2\/product_brand?post=28257"},{"taxonomy":"product_cat","embeddable":true,"href":"https:\/\/metal-badge.ch\/fr\/wp-json\/wp\/v2\/product_cat?post=28257"},{"taxonomy":"product_tag","embeddable":true,"href":"https:\/\/metal-badge.ch\/fr\/wp-json\/wp\/v2\/product_tag?post=28257"}],"curies":[{"name":"wp","href":"https:\/\/api.w.org\/{rel}","templated":true}]}}