{"id":28246,"date":"2015-01-26T14:45:57","date_gmt":"2015-01-26T14:45:57","guid":{"rendered":"https:\/\/shop.metal-badge.ch\/?product=skechers-police-shoe-kids"},"modified":"2015-02-02T20:48:18","modified_gmt":"2015-02-02T20:48:18","slug":"skechers-police-shoe-kids","status":"publish","type":"product","link":"https:\/\/metal-badge.ch\/fr\/product\/28246\/skechers-police-shoe-kids\/","title":{"rendered":"Skechers Police shoe Kids"},"content":{"rendered":"<p>Pimpon, la police est l\u00e0 : avec les Skechers Damager Police 2. Chaussures pour enfant tr\u00e8s confortable. Ses chaussures super pour toutes les aventures sont fabriqu\u00e9es dans un m\u00e9lange tendance de mati\u00e8res avec un rembourrage en mailles noires, une bande autogrippante r\u00e9glable, une semelle solide en caoutchouc et des lumi\u00e8res flashs qui clignotent \u00e0 chaque pas et peuvent \u00eatre allum\u00e9es et \u00e9teintes avec un bouton. Disponibles dans plusieurs tailles. <\/p>\n<h3>Description du produit :<\/h3>\n<p>Mati\u00e8re ext\u00e9rieu: Synth\u00e9tique<br \/>\t<br \/>\nSemell: caoutchouc <br \/>\t<br \/>\nCouleur dessus: noir<br \/> <br \/>\nType de fermeture: bande autogrippante<br \/>\t<br \/>\nType de talon : plat<br \/>\t<br \/>\nBout de la chaussure: rond<\/p>\n","protected":false},"excerpt":{"rendered":"<p>Pimpon, la police est l\u00e0 : avec les Skechers Damager Police 2. Chaussures pour enfant tr\u00e8s confortable. Ses chaussures super pour toutes les aventures sont fabriqu\u00e9es dans un m\u00e9lange tendance de mati\u00e8res avec un rembourrage en mailles noires, une bande autogrippante r\u00e9glable, une semelle solide en caoutchouc et des lumi\u00e8res flashs qui clignotent \u00e0 chaque [&hellip;]<\/p>\n","protected":false},"featured_media":91713,"comment_status":"open","ping_status":"closed","template":"","meta":{"inline_featured_image":false},"product_brand":[],"product_cat":[1211],"product_tag":[1789],"class_list":{"0":"post-28246","1":"product","2":"type-product","3":"status-publish","4":"has-post-thumbnail","6":"product_cat-enfants-divertissement","7":"product_tag-enfants-divertissement","9":"first","10":"instock","11":"taxable","12":"shipping-taxable","13":"purchasable","14":"product-type-simple"},"_links":{"self":[{"href":"https:\/\/metal-badge.ch\/fr\/wp-json\/wp\/v2\/product\/28246","targetHints":{"allow":["GET"]}}],"collection":[{"href":"https:\/\/metal-badge.ch\/fr\/wp-json\/wp\/v2\/product"}],"about":[{"href":"https:\/\/metal-badge.ch\/fr\/wp-json\/wp\/v2\/types\/product"}],"replies":[{"embeddable":true,"href":"https:\/\/metal-badge.ch\/fr\/wp-json\/wp\/v2\/comments?post=28246"}],"wp:featuredmedia":[{"embeddable":true,"href":"https:\/\/metal-badge.ch\/fr\/wp-json\/wp\/v2\/media\/91713"}],"wp:attachment":[{"href":"https:\/\/metal-badge.ch\/fr\/wp-json\/wp\/v2\/media?parent=28246"}],"wp:term":[{"taxonomy":"product_brand","embeddable":true,"href":"https:\/\/metal-badge.ch\/fr\/wp-json\/wp\/v2\/product_brand?post=28246"},{"taxonomy":"product_cat","embeddable":true,"href":"https:\/\/metal-badge.ch\/fr\/wp-json\/wp\/v2\/product_cat?post=28246"},{"taxonomy":"product_tag","embeddable":true,"href":"https:\/\/metal-badge.ch\/fr\/wp-json\/wp\/v2\/product_tag?post=28246"}],"curies":[{"name":"wp","href":"https:\/\/api.w.org\/{rel}","templated":true}]}}