{"id":28225,"date":"2015-01-26T13:11:05","date_gmt":"2015-01-26T13:11:05","guid":{"rendered":"https:\/\/shop.metal-badge.ch\/?product=modele-jouet-porsche-911-997-carrera-s-coupe-police-bleu-argente"},"modified":"2015-01-26T13:11:59","modified_gmt":"2015-01-26T13:11:59","slug":"modele-jouet-porsche-911-997-carrera-s-coupe-police-bleu-argente","status":"publish","type":"product","link":"https:\/\/metal-badge.ch\/fr\/product\/28225\/modele-jouet-porsche-911-997-carrera-s-coupe-police-bleu-argente\/","title":{"rendered":"Mod\u00e8le \/ jouet Porsche 911 (997) Carrera S coupe police bleu argent\u00e9"},"content":{"rendered":"<p>Ce mod\u00e8le de la voiture de police Porsche 911 est \u00e0 \u00e9chelle 1:36. Les dimensions de ce mod\u00e8le sont : longueur 12,5 cm, largeur 5 cm, hauteur 4,5 cm, pour un poids de 140 g. Ce mod\u00e8le attirera tous les regards. La Porsche est faite en m\u00e9tal avec un rev\u00eatement en zinc et des roues en caoutchouc, et les d\u00e9tails sont tr\u00e8s travaill\u00e9s. Les portes peuvent \u00eatre ouvertes et l&rsquo;int\u00e9rieur comporte des d\u00e9tails fid\u00e8les en plastique. Le mod\u00e8le ne sert pas uniquement \u00e0 une exposition en tant qu&rsquo;objet d\u00e9coratif, mais il est \u00e9galement assez solide pour \u00eatre utilis\u00e9 par des enfants. Impuls\u00e9 d&rsquo;avant en arri\u00e8re au sol, le mod\u00e8le peut rouler de fa\u00e7on ind\u00e9pendante vers l&rsquo;avant sur 8 m. Sont fournis la bo\u00eete originale, un coussin d&rsquo;air et l&#8217;emballage. <\/p>\n<h3>Description du produit :<\/h3>\n<p>Couleur : argent\u00e9 \/ bleu<br \/>\nV\u00e9hicule \u00e0 propulsion<br \/>\n\u00c9chelle : 1:36<br \/>\nPoids : 140 g<\/p>\n","protected":false},"excerpt":{"rendered":"<p>Ce mod\u00e8le de la voiture de police Porsche 911 est \u00e0 \u00e9chelle 1:36. Les dimensions de ce mod\u00e8le sont : longueur 12,5 cm, largeur 5 cm, hauteur 4,5 cm, pour un poids de 140 g. Ce mod\u00e8le attirera tous les regards. La Porsche est faite en m\u00e9tal avec un rev\u00eatement en zinc et des roues [&hellip;]<\/p>\n","protected":false},"featured_media":91717,"comment_status":"open","ping_status":"closed","template":"","meta":{"inline_featured_image":false},"product_brand":[],"product_cat":[1211],"product_tag":[1789],"class_list":{"0":"post-28225","1":"product","2":"type-product","3":"status-publish","4":"has-post-thumbnail","6":"product_cat-enfants-divertissement","7":"product_tag-enfants-divertissement","9":"first","10":"instock","11":"taxable","12":"shipping-taxable","13":"purchasable","14":"product-type-simple"},"_links":{"self":[{"href":"https:\/\/metal-badge.ch\/fr\/wp-json\/wp\/v2\/product\/28225","targetHints":{"allow":["GET"]}}],"collection":[{"href":"https:\/\/metal-badge.ch\/fr\/wp-json\/wp\/v2\/product"}],"about":[{"href":"https:\/\/metal-badge.ch\/fr\/wp-json\/wp\/v2\/types\/product"}],"replies":[{"embeddable":true,"href":"https:\/\/metal-badge.ch\/fr\/wp-json\/wp\/v2\/comments?post=28225"}],"wp:featuredmedia":[{"embeddable":true,"href":"https:\/\/metal-badge.ch\/fr\/wp-json\/wp\/v2\/media\/91717"}],"wp:attachment":[{"href":"https:\/\/metal-badge.ch\/fr\/wp-json\/wp\/v2\/media?parent=28225"}],"wp:term":[{"taxonomy":"product_brand","embeddable":true,"href":"https:\/\/metal-badge.ch\/fr\/wp-json\/wp\/v2\/product_brand?post=28225"},{"taxonomy":"product_cat","embeddable":true,"href":"https:\/\/metal-badge.ch\/fr\/wp-json\/wp\/v2\/product_cat?post=28225"},{"taxonomy":"product_tag","embeddable":true,"href":"https:\/\/metal-badge.ch\/fr\/wp-json\/wp\/v2\/product_tag?post=28225"}],"curies":[{"name":"wp","href":"https:\/\/api.w.org\/{rel}","templated":true}]}}