{"id":28192,"date":"2015-01-26T09:40:43","date_gmt":"2015-01-26T09:40:43","guid":{"rendered":"https:\/\/shop.metal-badge.ch\/?product=lamborghini-veneno-a-echelle-118-controle-radio"},"modified":"2015-01-26T11:17:51","modified_gmt":"2015-01-26T11:17:51","slug":"lamborghini-veneno-a-echelle-118-controle-radio","status":"publish","type":"product","link":"https:\/\/metal-badge.ch\/fr\/product\/28192\/lamborghini-veneno-a-echelle-118-controle-radio\/","title":{"rendered":"Lamborghini Veneno \u00e0 \u00e9chelle 1\/18, contr\u00f4le radio"},"content":{"rendered":"<div class=\"img_wrapper\">\n<img decoding=\"async\" src=\"https:\/\/metal-badge.ch\/wp-content\/uploads\/content\/62_153_2_remote-car_2_551px_2nd.jpg\" alt=\"remote control car\" \/><br \/>\n<img decoding=\"async\" src=\"https:\/\/metal-badge.ch\/wp-content\/uploads\/content\/62_153_2_remote-car_3_551px_2nd.jpg\" alt=\"remote control car\" \/><br \/>\n<img decoding=\"async\" src=\"https:\/\/metal-badge.ch\/wp-content\/uploads\/content\/62_153_2_remote-car_5_551px_2nd.jpg\" alt=\"remote control car\" \/><br \/>\n<img decoding=\"async\" src=\"https:\/\/metal-badge.ch\/wp-content\/uploads\/content\/62_153_2_remote-car_6_551px_2nd.jpg\" alt=\"remote control car\" \/><br \/>\n<img decoding=\"async\" src=\"https:\/\/metal-badge.ch\/wp-content\/uploads\/content\/62_153_2_remote-car_7_551px_2nd.jpg\" alt=\"remote control car\" \/><br \/>\n<img decoding=\"async\" src=\"https:\/\/metal-badge.ch\/wp-content\/uploads\/content\/62_153_2_remote-car_8_551px_2nd.jpg\" alt=\"remote control car\" \/><br \/>\n<img decoding=\"async\" src=\"https:\/\/metal-badge.ch\/wp-content\/uploads\/content\/62_153_2_remote-car_9_551px_2nd.jpg\" alt=\"remote control car\" \/><br \/>\n<img decoding=\"async\" src=\"https:\/\/metal-badge.ch\/wp-content\/uploads\/content\/62_153_2_remote-car_11_551px_2nd.jpg\" alt=\"remote control car\" \/><br \/>\n<img decoding=\"async\" src=\"https:\/\/metal-badge.ch\/wp-content\/uploads\/content\/62_153_2_remote-car_10_551px_2nd.jpg\" alt=\"remote control car\" \/><br \/>\n<img decoding=\"async\" src=\"https:\/\/metal-badge.ch\/wp-content\/uploads\/content\/62_153_2_remote-car_12_551px_2nd.jpg\" alt=\"remote control car\" \/><br \/>\n<img decoding=\"async\" src=\"https:\/\/metal-badge.ch\/wp-content\/uploads\/content\/62_153_2_remote-car_1_551px_2nd.jpg\" alt=\"remote control car\" \/>\n<\/div>\n<p>En tant que pilote des Lamborghini Veneno en \u00e9dition am\u00e9ricaine de police,  vous pourrez prouver que vous avez ces bolides bien en main. Cette reproduction incroyablement d\u00e9taill\u00e9e de ce v\u00e9hicule de l\u00e9gende, que nous avons pu admirer dans nombre de films hollywoodiens, feront palpiter le coeur de tous les fans d&rsquo;automobile ! Les phares et les feux arri\u00e8re s&rsquo;allument lorsque la voiture est mise en mouvement. De part sa beaut\u00e9 exceptionnelle, le v\u00e9hicule est parfait pour \u00eatre expos\u00e9 dans des vitrines. La voiture est d\u00e9taill\u00e9e et constitue une reproduction fid\u00e8le de l&rsquo;original. Elle est \u00e0 \u00e9chelle 01:18 avec des pneus profil\u00e9s et une carrosserie laqu\u00e9e en plastique ABS.<br \/> <br \/>\nLes piles AA de 1,5 V ne sont pas comprises dans la livraison.<br \/>\n2 piles sont n\u00e9cessaires pour la commande \u00e0 distance, et 4 pour la voiture. Ainsi, vous n&rsquo;avez qu&rsquo;\u00e0 ins\u00e9rer les piles et mettre les gaz ! <\/p>\n<h3>Description du produit :<\/h3>\n<p>Poids : 290 g <br \/>\nLongueur : 26.5 cm<br \/>\nLargeur : 11 cm<br \/>\nHauteur : 7,5 cm<br \/>\nCouleur : noir\/blanc<\/p>\n<p><\/p>\n<div class=\"add_subtitle\">\n<h2>Lamborghini Veneno \u00e0 \u00e9chelle 1\/18, contr\u00f4le radio<\/h2>\n<p><a class=\"smallText skypewrap\" onclick=\"return false;\" href=\"#\">[62_153_2]<\/a>\n<\/div>\n","protected":false},"excerpt":{"rendered":"<p>En tant que pilote des Lamborghini Veneno en \u00e9dition am\u00e9ricaine de police, vous pourrez prouver que vous avez ces bolides bien en main. Cette reproduction incroyablement d\u00e9taill\u00e9e de ce v\u00e9hicule de l\u00e9gende, que nous avons pu admirer dans nombre de films hollywoodiens, feront palpiter le coeur de tous les fans d&rsquo;automobile ! Les phares et [&hellip;]<\/p>\n","protected":false},"featured_media":28190,"comment_status":"open","ping_status":"closed","template":"","meta":{"inline_featured_image":false},"product_brand":[],"product_cat":[1211],"product_tag":[1789],"class_list":{"0":"post-28192","1":"product","2":"type-product","3":"status-publish","4":"has-post-thumbnail","6":"product_cat-enfants-divertissement","7":"product_tag-enfants-divertissement","9":"first","10":"instock","11":"taxable","12":"shipping-taxable","13":"purchasable","14":"product-type-simple"},"_links":{"self":[{"href":"https:\/\/metal-badge.ch\/fr\/wp-json\/wp\/v2\/product\/28192","targetHints":{"allow":["GET"]}}],"collection":[{"href":"https:\/\/metal-badge.ch\/fr\/wp-json\/wp\/v2\/product"}],"about":[{"href":"https:\/\/metal-badge.ch\/fr\/wp-json\/wp\/v2\/types\/product"}],"replies":[{"embeddable":true,"href":"https:\/\/metal-badge.ch\/fr\/wp-json\/wp\/v2\/comments?post=28192"}],"wp:featuredmedia":[{"embeddable":true,"href":"https:\/\/metal-badge.ch\/fr\/wp-json\/wp\/v2\/media\/28190"}],"wp:attachment":[{"href":"https:\/\/metal-badge.ch\/fr\/wp-json\/wp\/v2\/media?parent=28192"}],"wp:term":[{"taxonomy":"product_brand","embeddable":true,"href":"https:\/\/metal-badge.ch\/fr\/wp-json\/wp\/v2\/product_brand?post=28192"},{"taxonomy":"product_cat","embeddable":true,"href":"https:\/\/metal-badge.ch\/fr\/wp-json\/wp\/v2\/product_cat?post=28192"},{"taxonomy":"product_tag","embeddable":true,"href":"https:\/\/metal-badge.ch\/fr\/wp-json\/wp\/v2\/product_tag?post=28192"}],"curies":[{"name":"wp","href":"https:\/\/api.w.org\/{rel}","templated":true}]}}