{"id":28187,"date":"2015-01-25T10:42:40","date_gmt":"2015-01-25T10:42:40","guid":{"rendered":"https:\/\/shop.metal-badge.ch\/?product=lamborghini-gallardo-lp560-4-edition-police"},"modified":"2015-01-26T10:01:59","modified_gmt":"2015-01-26T10:01:59","slug":"lamborghini-gallardo-lp560-4-edition-police","status":"publish","type":"product","link":"https:\/\/metal-badge.ch\/fr\/product\/28187\/lamborghini-gallardo-lp560-4-edition-police\/","title":{"rendered":"Lamborghini Gallardo LP560-4 \u00c9dition police"},"content":{"rendered":"<p>Police avec gyrophare et sir\u00e8ne \u00e0 1:16<\/p>\n<p>En tant que pilote des Lamborghini Gallardo en \u00e9dition am\u00e9ricaine de police,  vous pourrez prouver que vous avez ces bolides bien en main. Cette reproduction incroyablement d\u00e9taill\u00e9e de ce v\u00e9hicule de l\u00e9gende, que nous avons pu admirer dans nombre de films hollywoodiens, fera palpiter le coeur de tous les fans d&rsquo;automobile ! Les phares et les feux arri\u00e8re s&rsquo;allument lorsque la voiture est mise en mouvement. En plus, vous pouvez activer la sir\u00e8ne de la voiture de police. La lumi\u00e8re stroboscopique rouge et bleu peut \u00e9galement \u00eatre activ\u00e9e et d\u00e9sactiv\u00e9e.<br \/>\nDe par sa beaut\u00e9 exceptionnelle, le v\u00e9hicule est parfait pour \u00eatre expos\u00e9 dans des vitrines. La voiture est d\u00e9taill\u00e9e et constitue une reproduction fid\u00e8le de l&rsquo;original. Elle est \u00e0 \u00e9chelle 1:16 avec des pneus profil\u00e9s et une carrosserie laqu\u00e9e en plastique ABS.<br \/>\nLes piles AA de 1,5 V ne sont pas comprises dans la livraison.<br \/>\n2 piles sont n\u00e9cessaires pour la commande \u00e0 distance, et 4 pour la voiture. Ainsi, vous n&rsquo;avez qu&rsquo;\u00e0 ins\u00e9rer les piles et mettre les gaz ! <\/p>\n<h3>Description du produit :<\/h3>\n<p>Poids : 385 g<br \/>\nCouleur : noir\/blanc <br \/>\nLongueur : 25 cm<br \/>\nLargeur : 11 cm<br \/>\nHauteur : 7,5 cm<\/p>\n<div class=\"add_subtitle\">\n<h2>Lamborghini Gallardo LP560-4 \u00c9dition police<\/h2>\n<p><a class=\"smallText skypewrap\" onclick=\"return false;\" href=\"#\">[62_153_1]<\/a>\n<\/div>\n","protected":false},"excerpt":{"rendered":"<p>Police avec gyrophare et sir\u00e8ne \u00e0 1:16 En tant que pilote des Lamborghini Gallardo en \u00e9dition am\u00e9ricaine de police, vous pourrez prouver que vous avez ces bolides bien en main. Cette reproduction incroyablement d\u00e9taill\u00e9e de ce v\u00e9hicule de l\u00e9gende, que nous avons pu admirer dans nombre de films hollywoodiens, fera palpiter le coeur de tous [&hellip;]<\/p>\n","protected":false},"featured_media":91723,"comment_status":"open","ping_status":"closed","template":"","meta":{"inline_featured_image":false},"product_brand":[],"product_cat":[1211],"product_tag":[1789],"class_list":{"0":"post-28187","1":"product","2":"type-product","3":"status-publish","4":"has-post-thumbnail","6":"product_cat-enfants-divertissement","7":"product_tag-enfants-divertissement","9":"first","10":"instock","11":"taxable","12":"shipping-taxable","13":"purchasable","14":"product-type-simple"},"_links":{"self":[{"href":"https:\/\/metal-badge.ch\/fr\/wp-json\/wp\/v2\/product\/28187","targetHints":{"allow":["GET"]}}],"collection":[{"href":"https:\/\/metal-badge.ch\/fr\/wp-json\/wp\/v2\/product"}],"about":[{"href":"https:\/\/metal-badge.ch\/fr\/wp-json\/wp\/v2\/types\/product"}],"replies":[{"embeddable":true,"href":"https:\/\/metal-badge.ch\/fr\/wp-json\/wp\/v2\/comments?post=28187"}],"wp:featuredmedia":[{"embeddable":true,"href":"https:\/\/metal-badge.ch\/fr\/wp-json\/wp\/v2\/media\/91723"}],"wp:attachment":[{"href":"https:\/\/metal-badge.ch\/fr\/wp-json\/wp\/v2\/media?parent=28187"}],"wp:term":[{"taxonomy":"product_brand","embeddable":true,"href":"https:\/\/metal-badge.ch\/fr\/wp-json\/wp\/v2\/product_brand?post=28187"},{"taxonomy":"product_cat","embeddable":true,"href":"https:\/\/metal-badge.ch\/fr\/wp-json\/wp\/v2\/product_cat?post=28187"},{"taxonomy":"product_tag","embeddable":true,"href":"https:\/\/metal-badge.ch\/fr\/wp-json\/wp\/v2\/product_tag?post=28187"}],"curies":[{"name":"wp","href":"https:\/\/api.w.org\/{rel}","templated":true}]}}