{"id":28182,"date":"2015-01-23T11:14:14","date_gmt":"2015-01-23T11:14:14","guid":{"rendered":"https:\/\/shop.metal-badge.ch\/?product=parka-de-afs-jeep-pour-hommes-a-capuche"},"modified":"2022-12-12T16:54:19","modified_gmt":"2022-12-12T15:54:19","slug":"parka-de-afs-jeep-pour-hommes-a-capuche","status":"publish","type":"product","link":"https:\/\/metal-badge.ch\/fr\/product\/28182\/parka-de-afs-jeep-pour-hommes-a-capuche\/","title":{"rendered":"Parka de AFS Jeep pour hommes \u00e0 capuche"},"content":{"rendered":"<div class=\"jacket_wrapper\">\n<img decoding=\"async\" src=\"https:\/\/metal-badge.ch\/wp-content\/uploads\/content\/Jacket_Dunkel_Gruen_Zelt_2nd.jpg\" alt=\"Parka \" \/><br \/>\n<img decoding=\"async\" src=\"https:\/\/metal-badge.ch\/wp-content\/uploads\/content\/Jacket_Dunkel_Gruen_div_2nd.jpg\" alt=\"Parka \" \/><br \/>\n<img decoding=\"async\" src=\"https:\/\/metal-badge.ch\/wp-content\/uploads\/content\/Jacket_Dunkel_Gruen_divAnsichten_2nd.jpg\" alt=\"Parka \" \/><\/p>\n<p>Cette parka 100 % polyester avec une doublure chaude en polaire prot\u00e8ge contre le vent et le mauvais temps, est imperm\u00e9able et est \u00e9galement id\u00e9ale pour les saisons interm\u00e9diaires. Parfaite pour l&rsquo;ext\u00e9rieur, le camping, la chasse, la randonn\u00e9e ou les voyages. Fermeture \u00e9clair recouverte. La veste d&rsquo;AFS Jepp comporte de nombreux extras, est confortable et a une forme sportive. \u00c0 l&rsquo;avant, la veste comporte 4 poches facilement accessibles \u00e9quip\u00e9es de tirettes. De plus, il y a deux autres poches ext\u00e9rieures \u00e0 l&rsquo;arri\u00e8re munies de fermetures \u00e9clair. \u00c0 l&rsquo;int\u00e9rieur, la veste comporte \u00e9galement une poche suppl\u00e9mentaire \u00e0 fermeture \u00e9clair. Col montant \u00e0 capuche La capuche est munie de cordons \u00e0 arr\u00eats en caoutchouc. Avec ce syst\u00e8me bien pens\u00e9, la capuche peut \u00eatre enlev\u00e9e \u00e0 l&rsquo;aide d&rsquo;une fermeture \u00e9clair. La parka peut \u00e9galement se transformer en gilet. Les manches peuvent \u00eatre retir\u00e9es gr\u00e2ce \u00e0 une fermeture \u00e9clair cach\u00e9e. Cela rend la veste plus attrayante pour \u00eatre port\u00e9e lors de ti\u00e8des journ\u00e9es d&rsquo;\u00e9t\u00e9.  <\/p>\n<table border=\"0\" cellspacing=\"0\" cellpadding=\"0\">\n<tr>\n<td>size (cm) <\/td>\n<td>length <\/td>\n<td>chest <\/td>\n<td>shoulder breadth <\/td>\n<td>sleeve length <\/td>\n<\/tr>\n<tr>\n<td>S<\/td>\n<td>74 <\/td>\n<td>116 <\/td>\n<td>47.8 <\/td>\n<td>66.5 <\/td>\n<\/tr>\n<tr>\n<td>M<\/td>\n<td>76 <\/td>\n<td>120 <\/td>\n<td>49 <\/td>\n<td>67.5 <\/td>\n<\/tr>\n<tr>\n<td>L <\/td>\n<td>78 <\/td>\n<td>124 <\/td>\n<td>50.2 <\/td>\n<td>68.5 <\/td>\n<\/tr>\n<tr>\n<td>XL <\/td>\n<td>80 <\/td>\n<td>128 <\/td>\n<td>51.4 <\/td>\n<td>69.5 <\/td>\n<\/tr>\n<tr>\n<td>XXL <\/td>\n<td>82 <\/td>\n<td>132 <\/td>\n<td>52.6 <\/td>\n<td>70.5 <\/td>\n<\/tr>\n<\/table>\n<\/div>\n<p><\/p>\n<div class=\"add_subtitle\">\n<h2>Parka de AFS Jeep pour hommes \u00e0 capuche<\/h2>\n<p><a class=\"smallText skypewrap\" onclick=\"return false;\" href=\"#\">[62_121_18]<\/a>\n<\/div>\n","protected":false},"excerpt":{"rendered":"<p>Cette parka 100 % polyester avec une doublure chaude en polaire prot\u00e8ge contre le vent et le mauvais temps, est imperm\u00e9able et est \u00e9galement id\u00e9ale pour les saisons interm\u00e9diaires. Parfaite pour l&rsquo;ext\u00e9rieur, le camping, la chasse, la randonn\u00e9e ou les voyages. Fermeture \u00e9clair recouverte. La veste d&rsquo;AFS Jepp comporte de nombreux extras, est confortable et [&hellip;]<\/p>\n","protected":false},"featured_media":91725,"comment_status":"open","ping_status":"closed","template":"","meta":{"inline_featured_image":false},"product_brand":[],"product_cat":[1347,2189],"product_tag":[1769,1773],"class_list":{"0":"post-28182","1":"product","2":"type-product","3":"status-publish","4":"has-post-thumbnail","6":"product_cat-accessoires-militaires-de-chasse","7":"product_cat-vetementsdeloisirs","8":"product_tag-army-survival-fr","9":"product_tag-chasse-peche","11":"first","12":"instock","13":"taxable","14":"shipping-taxable","15":"purchasable","16":"product-type-simple"},"_links":{"self":[{"href":"https:\/\/metal-badge.ch\/fr\/wp-json\/wp\/v2\/product\/28182","targetHints":{"allow":["GET"]}}],"collection":[{"href":"https:\/\/metal-badge.ch\/fr\/wp-json\/wp\/v2\/product"}],"about":[{"href":"https:\/\/metal-badge.ch\/fr\/wp-json\/wp\/v2\/types\/product"}],"replies":[{"embeddable":true,"href":"https:\/\/metal-badge.ch\/fr\/wp-json\/wp\/v2\/comments?post=28182"}],"wp:featuredmedia":[{"embeddable":true,"href":"https:\/\/metal-badge.ch\/fr\/wp-json\/wp\/v2\/media\/91725"}],"wp:attachment":[{"href":"https:\/\/metal-badge.ch\/fr\/wp-json\/wp\/v2\/media?parent=28182"}],"wp:term":[{"taxonomy":"product_brand","embeddable":true,"href":"https:\/\/metal-badge.ch\/fr\/wp-json\/wp\/v2\/product_brand?post=28182"},{"taxonomy":"product_cat","embeddable":true,"href":"https:\/\/metal-badge.ch\/fr\/wp-json\/wp\/v2\/product_cat?post=28182"},{"taxonomy":"product_tag","embeddable":true,"href":"https:\/\/metal-badge.ch\/fr\/wp-json\/wp\/v2\/product_tag?post=28182"}],"curies":[{"name":"wp","href":"https:\/\/api.w.org\/{rel}","templated":true}]}}