{"id":27778,"date":"2014-11-19T02:03:38","date_gmt":"2014-11-19T02:03:38","guid":{"rendered":"https:\/\/shop.metal-badge.ch\/?product=etui-en-cuir-business-police-ue"},"modified":"2023-01-21T06:24:39","modified_gmt":"2023-01-21T05:24:39","slug":"etui-en-cuir-business-police-ue","status":"publish","type":"product","link":"https:\/\/metal-badge.ch\/fr\/product\/27778\/etui-en-cuir-business-police-ue\/","title":{"rendered":"Etui en cuir \u00ab\u00a0Business\u00a0\u00bb POLICE UE"},"content":{"rendered":"<p>Etui en cuir noir avec 2 fen\u00eatres pour carte d&rsquo;identit\u00e9, compartiments cartes de cr\u00e9dit et billets.<\/p>\n","protected":false},"excerpt":{"rendered":"<p>Etui en cuir noir avec 2 fen\u00eatres pour carte d&rsquo;identit\u00e9, compartiments cartes de cr\u00e9dit et billets.<\/p>\n","protected":false},"featured_media":27776,"comment_status":"open","ping_status":"closed","template":"","meta":{"inline_featured_image":false},"product_brand":[],"product_cat":[1203],"product_tag":[],"class_list":{"0":"post-27778","1":"product","2":"type-product","3":"status-publish","4":"has-post-thumbnail","6":"product_cat-police-ue","8":"first","9":"instock","10":"taxable","11":"shipping-taxable","12":"purchasable","13":"product-type-simple"},"_links":{"self":[{"href":"https:\/\/metal-badge.ch\/fr\/wp-json\/wp\/v2\/product\/27778","targetHints":{"allow":["GET"]}}],"collection":[{"href":"https:\/\/metal-badge.ch\/fr\/wp-json\/wp\/v2\/product"}],"about":[{"href":"https:\/\/metal-badge.ch\/fr\/wp-json\/wp\/v2\/types\/product"}],"replies":[{"embeddable":true,"href":"https:\/\/metal-badge.ch\/fr\/wp-json\/wp\/v2\/comments?post=27778"}],"wp:featuredmedia":[{"embeddable":true,"href":"https:\/\/metal-badge.ch\/fr\/wp-json\/wp\/v2\/media\/27776"}],"wp:attachment":[{"href":"https:\/\/metal-badge.ch\/fr\/wp-json\/wp\/v2\/media?parent=27778"}],"wp:term":[{"taxonomy":"product_brand","embeddable":true,"href":"https:\/\/metal-badge.ch\/fr\/wp-json\/wp\/v2\/product_brand?post=27778"},{"taxonomy":"product_cat","embeddable":true,"href":"https:\/\/metal-badge.ch\/fr\/wp-json\/wp\/v2\/product_cat?post=27778"},{"taxonomy":"product_tag","embeddable":true,"href":"https:\/\/metal-badge.ch\/fr\/wp-json\/wp\/v2\/product_tag?post=27778"}],"curies":[{"name":"wp","href":"https:\/\/api.w.org\/{rel}","templated":true}]}}