{"id":27736,"date":"2014-11-19T01:02:12","date_gmt":"2014-11-19T01:02:12","guid":{"rendered":"https:\/\/shop.metal-badge.ch\/?product=bois-noyer-a-suspendre-police-ue"},"modified":"2023-01-21T04:40:42","modified_gmt":"2023-01-21T03:40:42","slug":"bois-noyer-a-suspendre-police-ue","status":"publish","type":"product","link":"https:\/\/metal-badge.ch\/fr\/product\/27736\/bois-noyer-a-suspendre-police-ue\/","title":{"rendered":"Bois (Noyer)  \u00e0 suspendre POLICE UE"},"content":{"rendered":"<p>Id\u00e9al comme cadeau ou comme distinction. 100% bois noyer suisse, \u00e0 suspendre.<\/p>\n","protected":false},"excerpt":{"rendered":"<p>Id\u00e9al comme cadeau ou comme distinction. 100% bois noyer suisse, \u00e0 suspendre.<\/p>\n","protected":false},"featured_media":27734,"comment_status":"open","ping_status":"closed","template":"","meta":{"inline_featured_image":false},"product_brand":[],"product_cat":[1203],"product_tag":[],"class_list":{"0":"post-27736","1":"product","2":"type-product","3":"status-publish","4":"has-post-thumbnail","6":"product_cat-police-ue","8":"first","9":"instock","10":"taxable","11":"shipping-taxable","12":"purchasable","13":"product-type-simple"},"_links":{"self":[{"href":"https:\/\/metal-badge.ch\/fr\/wp-json\/wp\/v2\/product\/27736","targetHints":{"allow":["GET"]}}],"collection":[{"href":"https:\/\/metal-badge.ch\/fr\/wp-json\/wp\/v2\/product"}],"about":[{"href":"https:\/\/metal-badge.ch\/fr\/wp-json\/wp\/v2\/types\/product"}],"replies":[{"embeddable":true,"href":"https:\/\/metal-badge.ch\/fr\/wp-json\/wp\/v2\/comments?post=27736"}],"wp:featuredmedia":[{"embeddable":true,"href":"https:\/\/metal-badge.ch\/fr\/wp-json\/wp\/v2\/media\/27734"}],"wp:attachment":[{"href":"https:\/\/metal-badge.ch\/fr\/wp-json\/wp\/v2\/media?parent=27736"}],"wp:term":[{"taxonomy":"product_brand","embeddable":true,"href":"https:\/\/metal-badge.ch\/fr\/wp-json\/wp\/v2\/product_brand?post=27736"},{"taxonomy":"product_cat","embeddable":true,"href":"https:\/\/metal-badge.ch\/fr\/wp-json\/wp\/v2\/product_cat?post=27736"},{"taxonomy":"product_tag","embeddable":true,"href":"https:\/\/metal-badge.ch\/fr\/wp-json\/wp\/v2\/product_tag?post=27736"}],"curies":[{"name":"wp","href":"https:\/\/api.w.org\/{rel}","templated":true}]}}