{"id":27277,"date":"2014-11-04T01:15:58","date_gmt":"2014-11-04T01:15:58","guid":{"rendered":"https:\/\/shop.metal-badge.ch\/?product=etui-en-cuir-official-medecin"},"modified":"2020-12-28T19:54:02","modified_gmt":"2020-12-28T18:54:02","slug":"etui-en-cuir-official-medecin","status":"publish","type":"product","link":"https:\/\/metal-badge.ch\/fr\/product\/27277\/etui-en-cuir-official-medecin\/","title":{"rendered":"Etui en cuir \u00ab\u00a0Official\u00a0\u00bb Medecin"},"content":{"rendered":"<p>Etui en cuir de b\u0153uf noir de premi\u00e8re qualit\u00e9 en format vertical \u00e0 l\u2019ouverture lat\u00e9rale.<br \/>\nA l\u2019int\u00e9rieur on trouve un compartiment transparent pour la carte d&rsquo;identit\u00e9 et 4 compartiments pour au moins 8 \u00e0 12 cartes de cr\u00e9dit. Un compartiment additionnel range vos notes, re\u00e7us, etc. Cet \u00e9tui est fourni aussi d\u2019un compartiment pour les billets. Le porte-badge se trouve \u00e0 l\u2019int\u00e9rieur et peut \u00eatre pli\u00e9 verticalement afin qu&rsquo;il soit visible lors que vous le portez dans la poche frontale de la chemise, \u00e0 la ceinture, etc. Voir photos.<\/p>\n<p>Dimensions \/ mesures : Largeur 8.5 cm \/ hauteur 10.5 cm<\/p>\n<p>\u00a0<\/p>\n","protected":false},"excerpt":{"rendered":"<p>Etui en cuir de b\u0153uf noir de premi\u00e8re qualit\u00e9 en format vertical \u00e0 l\u2019ouverture lat\u00e9rale. A l\u2019int\u00e9rieur on trouve un compartiment transparent pour la carte d&rsquo;identit\u00e9 et 4 compartiments pour au moins 8 \u00e0 12 cartes de cr\u00e9dit. Un compartiment additionnel range vos notes, re\u00e7us, etc. Cet \u00e9tui est fourni aussi d\u2019un compartiment pour les [&hellip;]<\/p>\n","protected":false},"featured_media":27274,"comment_status":"open","ping_status":"closed","template":"","meta":{"inline_featured_image":false},"product_brand":[],"product_cat":[1199],"product_tag":[],"class_list":{"0":"post-27277","1":"product","2":"type-product","3":"status-publish","4":"has-post-thumbnail","6":"product_cat-medecin","8":"first","9":"instock","10":"taxable","11":"shipping-taxable","12":"purchasable","13":"product-type-simple"},"_links":{"self":[{"href":"https:\/\/metal-badge.ch\/fr\/wp-json\/wp\/v2\/product\/27277","targetHints":{"allow":["GET"]}}],"collection":[{"href":"https:\/\/metal-badge.ch\/fr\/wp-json\/wp\/v2\/product"}],"about":[{"href":"https:\/\/metal-badge.ch\/fr\/wp-json\/wp\/v2\/types\/product"}],"replies":[{"embeddable":true,"href":"https:\/\/metal-badge.ch\/fr\/wp-json\/wp\/v2\/comments?post=27277"}],"wp:featuredmedia":[{"embeddable":true,"href":"https:\/\/metal-badge.ch\/fr\/wp-json\/wp\/v2\/media\/27274"}],"wp:attachment":[{"href":"https:\/\/metal-badge.ch\/fr\/wp-json\/wp\/v2\/media?parent=27277"}],"wp:term":[{"taxonomy":"product_brand","embeddable":true,"href":"https:\/\/metal-badge.ch\/fr\/wp-json\/wp\/v2\/product_brand?post=27277"},{"taxonomy":"product_cat","embeddable":true,"href":"https:\/\/metal-badge.ch\/fr\/wp-json\/wp\/v2\/product_cat?post=27277"},{"taxonomy":"product_tag","embeddable":true,"href":"https:\/\/metal-badge.ch\/fr\/wp-json\/wp\/v2\/product_tag?post=27277"}],"curies":[{"name":"wp","href":"https:\/\/api.w.org\/{rel}","templated":true}]}}