{"id":27261,"date":"2014-11-04T01:01:18","date_gmt":"2014-11-04T01:01:18","guid":{"rendered":"https:\/\/shop.metal-badge.ch\/?product=etui-en-cuir-functional-medecin"},"modified":"2020-12-28T20:45:20","modified_gmt":"2020-12-28T19:45:20","slug":"etui-en-cuir-functional-medecin","status":"publish","type":"product","link":"https:\/\/metal-badge.ch\/fr\/product\/27261\/etui-en-cuir-functional-medecin\/","title":{"rendered":"Etui en cuir \u00ab\u00a0Functional\u00a0\u00bb Medecin"},"content":{"rendered":"<p>Etui en cuir marron avec fen\u00eatre pour carte de cr\u00e9dit, compartiments pour cartes de cr\u00e9dit, monnaie et billets.<\/p>\n","protected":false},"excerpt":{"rendered":"<p>Etui en cuir marron avec fen\u00eatre pour carte de cr\u00e9dit, compartiments pour cartes de cr\u00e9dit, monnaie et billets.<\/p>\n","protected":false},"featured_media":27259,"comment_status":"open","ping_status":"closed","template":"","meta":{"inline_featured_image":false},"product_brand":[],"product_cat":[1199],"product_tag":[],"class_list":{"0":"post-27261","1":"product","2":"type-product","3":"status-publish","4":"has-post-thumbnail","6":"product_cat-medecin","8":"first","9":"instock","10":"taxable","11":"shipping-taxable","12":"purchasable","13":"product-type-simple"},"_links":{"self":[{"href":"https:\/\/metal-badge.ch\/fr\/wp-json\/wp\/v2\/product\/27261","targetHints":{"allow":["GET"]}}],"collection":[{"href":"https:\/\/metal-badge.ch\/fr\/wp-json\/wp\/v2\/product"}],"about":[{"href":"https:\/\/metal-badge.ch\/fr\/wp-json\/wp\/v2\/types\/product"}],"replies":[{"embeddable":true,"href":"https:\/\/metal-badge.ch\/fr\/wp-json\/wp\/v2\/comments?post=27261"}],"wp:featuredmedia":[{"embeddable":true,"href":"https:\/\/metal-badge.ch\/fr\/wp-json\/wp\/v2\/media\/27259"}],"wp:attachment":[{"href":"https:\/\/metal-badge.ch\/fr\/wp-json\/wp\/v2\/media?parent=27261"}],"wp:term":[{"taxonomy":"product_brand","embeddable":true,"href":"https:\/\/metal-badge.ch\/fr\/wp-json\/wp\/v2\/product_brand?post=27261"},{"taxonomy":"product_cat","embeddable":true,"href":"https:\/\/metal-badge.ch\/fr\/wp-json\/wp\/v2\/product_cat?post=27261"},{"taxonomy":"product_tag","embeddable":true,"href":"https:\/\/metal-badge.ch\/fr\/wp-json\/wp\/v2\/product_tag?post=27261"}],"curies":[{"name":"wp","href":"https:\/\/api.w.org\/{rel}","templated":true}]}}