{"id":27171,"date":"2014-11-03T07:06:44","date_gmt":"2014-11-03T07:06:44","guid":{"rendered":"https:\/\/shop.metal-badge.ch\/?product=badge-de-medecin-sans-etui"},"modified":"2024-04-26T07:14:05","modified_gmt":"2024-04-26T05:14:05","slug":"badge-de-medecin-sans-etui","status":"publish","type":"product","link":"https:\/\/metal-badge.ch\/fr\/product\/27171\/badge-de-medecin-sans-etui\/","title":{"rendered":"Badge de Medecin (sans \u00e9tui)"},"content":{"rendered":"<p>Badge de Medecin, sans \u00e9tui ni bois. Au choix en argent ou en or.<\/p>\n<p>Badge Taille: 82,5 mm x 55,5 mm \/ insigne poids avec clip: 58 gr.<\/p>\n<p>Cette jolie bo\u00eete cadeau en alu argent\u00e9 avec fen\u00eatre est comprise dans le prix.<\/p>\n","protected":false},"excerpt":{"rendered":"<p>Badge de Medecin, sans \u00e9tui ni bois. Au choix en argent ou en or. Badge Taille: 82,5 mm x 55,5 mm \/ insigne poids avec clip: 58 gr. Cette jolie bo\u00eete cadeau en alu argent\u00e9 avec fen\u00eatre est comprise dans le prix.<\/p>\n","protected":false},"featured_media":77477,"comment_status":"open","ping_status":"closed","template":"","meta":{"inline_featured_image":false},"product_brand":[],"product_cat":[1199],"product_tag":[],"class_list":{"0":"post-27171","1":"product","2":"type-product","3":"status-publish","4":"has-post-thumbnail","6":"product_cat-medecin","8":"first","9":"instock","10":"taxable","11":"shipping-taxable","12":"purchasable","13":"product-type-simple"},"_links":{"self":[{"href":"https:\/\/metal-badge.ch\/fr\/wp-json\/wp\/v2\/product\/27171","targetHints":{"allow":["GET"]}}],"collection":[{"href":"https:\/\/metal-badge.ch\/fr\/wp-json\/wp\/v2\/product"}],"about":[{"href":"https:\/\/metal-badge.ch\/fr\/wp-json\/wp\/v2\/types\/product"}],"replies":[{"embeddable":true,"href":"https:\/\/metal-badge.ch\/fr\/wp-json\/wp\/v2\/comments?post=27171"}],"wp:featuredmedia":[{"embeddable":true,"href":"https:\/\/metal-badge.ch\/fr\/wp-json\/wp\/v2\/media\/77477"}],"wp:attachment":[{"href":"https:\/\/metal-badge.ch\/fr\/wp-json\/wp\/v2\/media?parent=27171"}],"wp:term":[{"taxonomy":"product_brand","embeddable":true,"href":"https:\/\/metal-badge.ch\/fr\/wp-json\/wp\/v2\/product_brand?post=27171"},{"taxonomy":"product_cat","embeddable":true,"href":"https:\/\/metal-badge.ch\/fr\/wp-json\/wp\/v2\/product_cat?post=27171"},{"taxonomy":"product_tag","embeddable":true,"href":"https:\/\/metal-badge.ch\/fr\/wp-json\/wp\/v2\/product_tag?post=27171"}],"curies":[{"name":"wp","href":"https:\/\/api.w.org\/{rel}","templated":true}]}}