{"id":27148,"date":"2014-10-13T07:27:24","date_gmt":"2014-10-13T07:27:24","guid":{"rendered":"https:\/\/shop.metal-badge.ch\/?product=etui-en-cuir-victory-lutteur-suisse"},"modified":"2021-01-02T02:43:38","modified_gmt":"2021-01-02T01:43:38","slug":"etui-en-cuir-victory-lutteur-suisse","status":"publish","type":"product","link":"https:\/\/metal-badge.ch\/fr\/product\/27148\/etui-en-cuir-victory-lutteur-suisse\/","title":{"rendered":"Etui en cuir \u00ab\u00a0Victory\u00a0\u00bb Lutteur Suisse"},"content":{"rendered":"<p>Cet \u00e9tui en cuir de vache mat noir pr\u00e9sente un rapport qualit\u00e9-prix avantageux. Le porte-monnaie comprend un compartiment pour les pi\u00e8ces particuli\u00e8rement grand qui ferme avec un bouton pression. Du c\u00f4t\u00e9 oppos\u00e9 se trouvent 3 compartiments pour cartes de cr\u00e9dits qui peuvent contenir au moins 6 cartes et un compartiment suppl\u00e9mentaire pour d&rsquo;autres cartes. <\/p>\n<p>Une autre partie qui s&rsquo;ouvre sur le haut comporte une fen\u00eatre et \u00e0 l&rsquo;arri\u00e8re, on trouve 3 compartiments pour cartes de cr\u00e9dit pouvant permettre d&rsquo;accueillir 6 cartes suppl\u00e9mentaires.<br \/>\nLa fixation du badge s&rsquo;ouvre et se ferme sur le c\u00f4t\u00e9 et comporte une ouverture, et \u00e0 l&rsquo;arri\u00e8re, on peut trouver une fen\u00eatre transparente pour y mettre sa carte d&rsquo;identit\u00e9.<br \/>\nCe porte-monnaie est fabriqu\u00e9 de mani\u00e8re \u00e0 ce que la fixation du badge avec son ouverture se trouve en haut lors de l&rsquo;ouverture ou que la fixation du badge avec son ouverture puisse \u00eatre rabattue derri\u00e8re la carte de cr\u00e9dit. Ainsi, le badge n&rsquo;est plus visible lors de l&rsquo;ouverture.<br \/>\nCet \u00e9tui est en format \u00e0 l&rsquo;italienne et s&rsquo;ouvre donc sur le c\u00f4t\u00e9. Une bo\u00eete cadeau est \u00e9galement comprise dans la livraison avec un stylo \u00e0 bille en m\u00e9tal de haute qualit\u00e9 ainsi qu&rsquo;un porte-cl\u00e9s en cuir.<\/p>\n<p>Taille \/ Mesures de l&rsquo;\u00e9tui : Hauteur 9,5 cm \/ Largeur 11,5 cm \/ \u00c9paisseur 2,2 cm <br \/>\nPoids : 140 g <br \/>\nCouleur : noir mat<\/p>\n<p>Une belle bo\u00eete \u00e0 cadeau avec un stylo, un porte-cl\u00e9s et un \u00e9tui avec un badge est \u00e9galement inclus dans le prix.<\/p>\n","protected":false},"excerpt":{"rendered":"<p>Cet \u00e9tui en cuir de vache mat noir pr\u00e9sente un rapport qualit\u00e9-prix avantageux. Le porte-monnaie comprend un compartiment pour les pi\u00e8ces particuli\u00e8rement grand qui ferme avec un bouton pression. Du c\u00f4t\u00e9 oppos\u00e9 se trouvent 3 compartiments pour cartes de cr\u00e9dits qui peuvent contenir au moins 6 cartes et un compartiment suppl\u00e9mentaire pour d&rsquo;autres cartes. Une [&hellip;]<\/p>\n","protected":false},"featured_media":91791,"comment_status":"open","ping_status":"closed","template":"","meta":{"inline_featured_image":false},"product_brand":[],"product_cat":[1131,2367],"product_tag":[],"class_list":{"0":"post-27148","1":"product","2":"type-product","3":"status-publish","4":"has-post-thumbnail","6":"product_cat-lutteur-suisse","7":"product_cat-lutteur-suisse-fr","9":"first","10":"instock","11":"taxable","12":"shipping-taxable","13":"purchasable","14":"product-type-simple"},"_links":{"self":[{"href":"https:\/\/metal-badge.ch\/fr\/wp-json\/wp\/v2\/product\/27148","targetHints":{"allow":["GET"]}}],"collection":[{"href":"https:\/\/metal-badge.ch\/fr\/wp-json\/wp\/v2\/product"}],"about":[{"href":"https:\/\/metal-badge.ch\/fr\/wp-json\/wp\/v2\/types\/product"}],"replies":[{"embeddable":true,"href":"https:\/\/metal-badge.ch\/fr\/wp-json\/wp\/v2\/comments?post=27148"}],"wp:featuredmedia":[{"embeddable":true,"href":"https:\/\/metal-badge.ch\/fr\/wp-json\/wp\/v2\/media\/91791"}],"wp:attachment":[{"href":"https:\/\/metal-badge.ch\/fr\/wp-json\/wp\/v2\/media?parent=27148"}],"wp:term":[{"taxonomy":"product_brand","embeddable":true,"href":"https:\/\/metal-badge.ch\/fr\/wp-json\/wp\/v2\/product_brand?post=27148"},{"taxonomy":"product_cat","embeddable":true,"href":"https:\/\/metal-badge.ch\/fr\/wp-json\/wp\/v2\/product_cat?post=27148"},{"taxonomy":"product_tag","embeddable":true,"href":"https:\/\/metal-badge.ch\/fr\/wp-json\/wp\/v2\/product_tag?post=27148"}],"curies":[{"name":"wp","href":"https:\/\/api.w.org\/{rel}","templated":true}]}}