{"id":26920,"date":"2014-10-11T15:42:51","date_gmt":"2014-10-11T15:42:51","guid":{"rendered":"https:\/\/shop.metal-badge.ch\/?product=cutter-scarab-asp-pour-menottes-asp"},"modified":"2020-11-06T15:37:28","modified_gmt":"2020-11-06T14:37:28","slug":"cutter-scarab-asp-pour-menottes-asp","status":"publish","type":"product","link":"https:\/\/metal-badge.ch\/fr\/product\/26920\/cutter-scarab-asp-pour-menottes-asp\/","title":{"rendered":"Cutter Scarab ASP pour menottes ASP"},"content":{"rendered":"<p>Informations sur le produit \u00ab Couteau sp\u00e9cial Scarab ASP \u00bb. Un outil sp\u00e9cialement d\u00e9velopp\u00e9 pour ouvrir des menottes en plastique facile et s\u00fbr \u00e0 utiliser. <br \/>\nUn outil s\u00fbr pour d\u00e9couper des courroies de diff\u00e9rentes marques.<br \/>\nL&rsquo;outil est en plastique et peut \u00eatre fix\u00e9 sur un porte-cl\u00e9s. <br \/>\nIl n&rsquo;y aucun risque de se blesser lors de situations critiques<br \/>\nLe cutter Scarab ASP est un outil de coupe qui ne cr\u00e9e aucun risque de blesser la personne menott\u00e9e lors de l&rsquo;ouverture des menottes en plastique. <br \/>\n<b>BILAN : <\/b> Un outil de coupe petit et compact pour les menottes \u00e0 usage unique Tri-Fold. Le probl\u00e8me est toujours le m\u00eame : des personnes sont arr\u00eat\u00e9es et attach\u00e9es avec de l&rsquo;attache-c\u00e2bles. Et ensuite, il faut leur enlever ces menottes provisoires. Il est possible de le faire avec un couteau ou un autre outil. Cependant, ce n&rsquo;est pas l&rsquo;id\u00e9al : le Scarab ASP est un outil de coupe sp\u00e9cial pour les besoins de la police qui permet d&rsquo;effectuer cette t\u00e2che avec brio.<\/p>\n<p>Poids : 30 g<br \/>\nTaille : 75 mm<br \/>\nCouleur : noir<br \/>\nPrix \u200b\u200bCHF 35 (\u00e0 partir de 15 pcs. 29.-)<\/p>\n","protected":false},"excerpt":{"rendered":"<p>Informations sur le produit \u00ab Couteau sp\u00e9cial Scarab ASP \u00bb. Un outil sp\u00e9cialement d\u00e9velopp\u00e9 pour ouvrir des menottes en plastique facile et s\u00fbr \u00e0 utiliser. Un outil s\u00fbr pour d\u00e9couper des courroies de diff\u00e9rentes marques. L&rsquo;outil est en plastique et peut \u00eatre fix\u00e9 sur un porte-cl\u00e9s. Il n&rsquo;y aucun risque de se blesser lors de [&hellip;]<\/p>\n","protected":false},"featured_media":74675,"comment_status":"open","ping_status":"closed","template":"","meta":{"inline_featured_image":false},"product_brand":[],"product_cat":[887,1035],"product_tag":[1769,1773,1765],"class_list":{"0":"post-26920","1":"product","2":"type-product","3":"status-publish","4":"has-post-thumbnail","6":"product_cat-accessoires","7":"product_cat-couteaux-machettes","8":"product_tag-army-survival-fr","9":"product_tag-chasse-peche","10":"product_tag-sport-outdoor-fr","12":"first","13":"instock","14":"taxable","15":"shipping-taxable","16":"purchasable","17":"product-type-simple"},"_links":{"self":[{"href":"https:\/\/metal-badge.ch\/fr\/wp-json\/wp\/v2\/product\/26920","targetHints":{"allow":["GET"]}}],"collection":[{"href":"https:\/\/metal-badge.ch\/fr\/wp-json\/wp\/v2\/product"}],"about":[{"href":"https:\/\/metal-badge.ch\/fr\/wp-json\/wp\/v2\/types\/product"}],"replies":[{"embeddable":true,"href":"https:\/\/metal-badge.ch\/fr\/wp-json\/wp\/v2\/comments?post=26920"}],"wp:featuredmedia":[{"embeddable":true,"href":"https:\/\/metal-badge.ch\/fr\/wp-json\/wp\/v2\/media\/74675"}],"wp:attachment":[{"href":"https:\/\/metal-badge.ch\/fr\/wp-json\/wp\/v2\/media?parent=26920"}],"wp:term":[{"taxonomy":"product_brand","embeddable":true,"href":"https:\/\/metal-badge.ch\/fr\/wp-json\/wp\/v2\/product_brand?post=26920"},{"taxonomy":"product_cat","embeddable":true,"href":"https:\/\/metal-badge.ch\/fr\/wp-json\/wp\/v2\/product_cat?post=26920"},{"taxonomy":"product_tag","embeddable":true,"href":"https:\/\/metal-badge.ch\/fr\/wp-json\/wp\/v2\/product_tag?post=26920"}],"curies":[{"name":"wp","href":"https:\/\/api.w.org\/{rel}","templated":true}]}}