{"id":26913,"date":"2014-10-10T18:21:35","date_gmt":"2014-10-10T18:21:35","guid":{"rendered":"https:\/\/shop.metal-badge.ch\/?product=badge-leopard"},"modified":"2022-09-22T19:28:39","modified_gmt":"2022-09-22T17:28:39","slug":"badge-leopard","status":"publish","type":"product","link":"https:\/\/metal-badge.ch\/fr\/product\/26913\/badge-leopard\/","title":{"rendered":"Badge L\u00e9opard"},"content":{"rendered":"<p>Badge L\u00e9opard au choix : couleur argent ou or.<\/p>\n<p>Grand badge de L\u00e9opard m\u00e9tallique : 82,5 mm x 55,5 mm ; poids avec la pince : 58 g.<\/p>\n<p>Pr\u00e9sent\u00e9 dans une jolie bo\u00eete cadeau en alu argent\u00e9 avec fen\u00eatre comprise dans le prix.<\/p>\n<p>Une grande gamme d\u2019\u00e9tuis en cuir est assortie \u00e0 <a href=\"https:\/\/metal-badge.ch\/fr\/product-category\/metal-badge-fr\/espece-animale-dextinc\/\">nos badges d\u2019animaux en voie de disparition<\/a>. Cliquez sur le <a href=\"https:\/\/metal-badge.ch\/fr\/product-category\/metal-badge-fr\/etuis-en-cuir-sans-badge\/\">lien<\/a> et commandez votre \u00e9tui personnel.<\/p>\n<p>Id\u00e9al \u00e0 offrir ou pour d\u00e9corer, vous trouverez <a href=\"https:\/\/metal-badge.ch\/fr\/product-category\/metal-badge-fr\/bois-place-of-honour\/\">ici<\/a> nos \u00e9l\u00e9gantes variantes en bois et en acrylique pour poser ou suspendre votre badge de L\u00e9opard.<\/p>\n","protected":false},"excerpt":{"rendered":"<p>Badge L\u00e9opard au choix : couleur argent ou or.<\/p>\n<p>Grand badge de L\u00e9opard m\u00e9tallique : 82,5 mm x 55,5 mm ; poids avec la pince : 58 g.<\/p>\n","protected":false},"featured_media":54630,"comment_status":"open","ping_status":"closed","template":"","meta":{"inline_featured_image":false},"product_brand":[],"product_cat":[1195],"product_tag":[1810],"class_list":{"0":"post-26913","1":"product","2":"type-product","3":"status-publish","4":"has-post-thumbnail","6":"product_cat-espece-animale-dextinc","7":"product_tag-espece-animale-dextinc","9":"first","10":"instock","11":"taxable","12":"shipping-taxable","13":"purchasable","14":"product-type-simple"},"_links":{"self":[{"href":"https:\/\/metal-badge.ch\/fr\/wp-json\/wp\/v2\/product\/26913","targetHints":{"allow":["GET"]}}],"collection":[{"href":"https:\/\/metal-badge.ch\/fr\/wp-json\/wp\/v2\/product"}],"about":[{"href":"https:\/\/metal-badge.ch\/fr\/wp-json\/wp\/v2\/types\/product"}],"replies":[{"embeddable":true,"href":"https:\/\/metal-badge.ch\/fr\/wp-json\/wp\/v2\/comments?post=26913"}],"wp:featuredmedia":[{"embeddable":true,"href":"https:\/\/metal-badge.ch\/fr\/wp-json\/wp\/v2\/media\/54630"}],"wp:attachment":[{"href":"https:\/\/metal-badge.ch\/fr\/wp-json\/wp\/v2\/media?parent=26913"}],"wp:term":[{"taxonomy":"product_brand","embeddable":true,"href":"https:\/\/metal-badge.ch\/fr\/wp-json\/wp\/v2\/product_brand?post=26913"},{"taxonomy":"product_cat","embeddable":true,"href":"https:\/\/metal-badge.ch\/fr\/wp-json\/wp\/v2\/product_cat?post=26913"},{"taxonomy":"product_tag","embeddable":true,"href":"https:\/\/metal-badge.ch\/fr\/wp-json\/wp\/v2\/product_tag?post=26913"}],"curies":[{"name":"wp","href":"https:\/\/api.w.org\/{rel}","templated":true}]}}