{"id":26828,"date":"2014-09-30T07:15:43","date_gmt":"2014-09-30T07:15:43","guid":{"rendered":"https:\/\/shop.metal-badge.ch\/?product=etui-en-cuir-traveler-porte-monnaie-garde-suisse"},"modified":"2015-02-10T19:18:27","modified_gmt":"2015-02-10T19:18:27","slug":"etui-en-cuir-traveler-porte-monnaie-garde-suisse","status":"publish","type":"product","link":"https:\/\/metal-badge.ch\/fr\/product\/26828\/etui-en-cuir-traveler-porte-monnaie-garde-suisse\/","title":{"rendered":"\u00c9tui en cuir \u00ab\u00a0Traveler\u00a0\u00bb porte-monnaie Garde Suisse"},"content":{"rendered":"<p>Le bon choix pour les amateurs de grand style. Ce porte-monnaie peut faire bien plus. Fait en cuir de vachette brun dur, mais lisse. Taille tr\u00e8s pratique, il se glisse dans tous les sacs. Ce porte-monnaie comporte deux visi\u00e8res pour des cartes ainsi qu&rsquo;un compartiment de carte de cr\u00e9dit qui peut accueillir au moins deux cartes. \u00c0 l&rsquo;int\u00e9rieur, on peut \u00e9galement trouver un compartiment s\u00e9par\u00e9 pour les billets et les pi\u00e8ces.Le grand compartiment \u00e0 pi\u00e8ces est l&rsquo;\u00e9l\u00e9ment le plus important de ce porte-monnaie, il offre beaucoup de place pour la monnaie. L&rsquo;\u00e9tui est ferm\u00e9 gr\u00e2ce \u00e0 un bouton pression d\u00e9coratif \u00e0 l&rsquo;ext\u00e9rieur. Le support pour badge avec son orifice se trouve \u00e0 l&rsquo;ext\u00e9rieur.  <\/p>\n<p>Le cuir durable souligne la structure naturelle du produit et donne \u00e0 chacun des \u00e9tuis un caract\u00e8re propre. <\/p>\n<p>Taille \/ poids :  Hauteur 11 cm \/ Largeur 8 cm \/ Profondeur, \u00e9paisseur 2,2 cm <br \/>\nCouleur : brun mat <br \/>\nPoids : 80 g<\/p>\n","protected":false},"excerpt":{"rendered":"<p>Le bon choix pour les amateurs de grand style. Ce porte-monnaie peut faire bien plus. Fait en cuir de vachette brun dur, mais lisse. Taille tr\u00e8s pratique, il se glisse dans tous les sacs. Ce porte-monnaie comporte deux visi\u00e8res pour des cartes ainsi qu&rsquo;un compartiment de carte de cr\u00e9dit qui peut accueillir au moins deux [&hellip;]<\/p>\n","protected":false},"featured_media":91881,"comment_status":"open","ping_status":"closed","template":"","meta":{"inline_featured_image":false},"product_brand":[],"product_cat":[1047],"product_tag":[],"class_list":{"0":"post-26828","1":"product","2":"type-product","3":"status-publish","4":"has-post-thumbnail","6":"product_cat-garde-suisse","8":"first","9":"instock","10":"taxable","11":"shipping-taxable","12":"purchasable","13":"product-type-simple"},"_links":{"self":[{"href":"https:\/\/metal-badge.ch\/fr\/wp-json\/wp\/v2\/product\/26828","targetHints":{"allow":["GET"]}}],"collection":[{"href":"https:\/\/metal-badge.ch\/fr\/wp-json\/wp\/v2\/product"}],"about":[{"href":"https:\/\/metal-badge.ch\/fr\/wp-json\/wp\/v2\/types\/product"}],"replies":[{"embeddable":true,"href":"https:\/\/metal-badge.ch\/fr\/wp-json\/wp\/v2\/comments?post=26828"}],"wp:featuredmedia":[{"embeddable":true,"href":"https:\/\/metal-badge.ch\/fr\/wp-json\/wp\/v2\/media\/91881"}],"wp:attachment":[{"href":"https:\/\/metal-badge.ch\/fr\/wp-json\/wp\/v2\/media?parent=26828"}],"wp:term":[{"taxonomy":"product_brand","embeddable":true,"href":"https:\/\/metal-badge.ch\/fr\/wp-json\/wp\/v2\/product_brand?post=26828"},{"taxonomy":"product_cat","embeddable":true,"href":"https:\/\/metal-badge.ch\/fr\/wp-json\/wp\/v2\/product_cat?post=26828"},{"taxonomy":"product_tag","embeddable":true,"href":"https:\/\/metal-badge.ch\/fr\/wp-json\/wp\/v2\/product_tag?post=26828"}],"curies":[{"name":"wp","href":"https:\/\/api.w.org\/{rel}","templated":true}]}}