{"id":26347,"date":"2013-10-30T21:42:12","date_gmt":"2013-10-30T21:42:12","guid":{"rendered":"https:\/\/shop.metal-badge.ch\/?product=etui-en-cuir-quantum-ipa-israel"},"modified":"2017-04-14T14:58:05","modified_gmt":"2017-04-14T14:58:05","slug":"etui-en-cuir-quantum-ipa-israel","status":"publish","type":"product","link":"https:\/\/metal-badge.ch\/fr\/product\/26347\/etui-en-cuir-quantum-ipa-israel\/","title":{"rendered":"Etui en cuir \u00ab\u00a0Quantum\u00a0\u00bb IPA Isra\u00ebl"},"content":{"rendered":"<p>Etui en cuir noir pratique de haute qualit\u00e9 avec une fen\u00eatre pour carte d&rsquo;identit\u00e9, six emplacements pour cartes de cr\u00e9dit et deux compartiments s\u00e9par\u00e9s pour les billets de banque. Dimensions: largeur 12 cm \/ hauteur 9 cm.<\/p>\n","protected":false},"excerpt":{"rendered":"<p>Etui en cuir noir pratique de haute qualit\u00e9 avec une fen\u00eatre pour carte d&rsquo;identit\u00e9, six emplacements pour cartes de cr\u00e9dit et deux compartiments s\u00e9par\u00e9s pour les billets de banque. Dimensions: largeur 12 cm \/ hauteur 9 cm.<\/p>\n","protected":false},"featured_media":92419,"comment_status":"open","ping_status":"closed","template":"","meta":{"inline_featured_image":false},"product_brand":[],"product_cat":[1167],"product_tag":[],"class_list":{"0":"post-26347","1":"product","2":"type-product","3":"status-publish","4":"has-post-thumbnail","6":"product_cat-israel-fr","8":"first","9":"instock","10":"taxable","11":"shipping-taxable","12":"purchasable","13":"product-type-simple"},"_links":{"self":[{"href":"https:\/\/metal-badge.ch\/fr\/wp-json\/wp\/v2\/product\/26347","targetHints":{"allow":["GET"]}}],"collection":[{"href":"https:\/\/metal-badge.ch\/fr\/wp-json\/wp\/v2\/product"}],"about":[{"href":"https:\/\/metal-badge.ch\/fr\/wp-json\/wp\/v2\/types\/product"}],"replies":[{"embeddable":true,"href":"https:\/\/metal-badge.ch\/fr\/wp-json\/wp\/v2\/comments?post=26347"}],"wp:featuredmedia":[{"embeddable":true,"href":"https:\/\/metal-badge.ch\/fr\/wp-json\/wp\/v2\/media\/92419"}],"wp:attachment":[{"href":"https:\/\/metal-badge.ch\/fr\/wp-json\/wp\/v2\/media?parent=26347"}],"wp:term":[{"taxonomy":"product_brand","embeddable":true,"href":"https:\/\/metal-badge.ch\/fr\/wp-json\/wp\/v2\/product_brand?post=26347"},{"taxonomy":"product_cat","embeddable":true,"href":"https:\/\/metal-badge.ch\/fr\/wp-json\/wp\/v2\/product_cat?post=26347"},{"taxonomy":"product_tag","embeddable":true,"href":"https:\/\/metal-badge.ch\/fr\/wp-json\/wp\/v2\/product_tag?post=26347"}],"curies":[{"name":"wp","href":"https:\/\/api.w.org\/{rel}","templated":true}]}}