{"id":26244,"date":"2013-10-30T18:28:12","date_gmt":"2013-10-30T18:28:12","guid":{"rendered":"https:\/\/shop.metal-badge.ch\/?product=bois-a-suspendre-ipa-israel"},"modified":"2017-04-14T14:51:08","modified_gmt":"2017-04-14T14:51:08","slug":"bois-a-suspendre-ipa-israel","status":"publish","type":"product","link":"https:\/\/metal-badge.ch\/fr\/product\/26244\/bois-a-suspendre-ipa-israel\/","title":{"rendered":"Bois \u00e0 suspendre IPA Isra\u00ebl"},"content":{"rendered":"<p>Id\u00e9al comme cadeau ou comme distinction. 100% bois suisse, \u00e0 suspendre. Vous avez le choix entre un badge en argent ou en or ainsi qu&rsquo;entre du bois d&rsquo;\u00e9rable, d&rsquo;h\u00eatre ou de noyer.<\/p>\n","protected":false},"excerpt":{"rendered":"<p>Id\u00e9al comme cadeau ou comme distinction. 100% bois suisse, \u00e0 suspendre. Vous avez le choix entre un badge en argent ou en or ainsi qu&rsquo;entre du bois d&rsquo;\u00e9rable, d&rsquo;h\u00eatre ou de noyer.<\/p>\n","protected":false},"featured_media":92579,"comment_status":"open","ping_status":"closed","template":"","meta":{"inline_featured_image":false},"product_brand":[],"product_cat":[1167],"product_tag":[],"class_list":{"0":"post-26244","1":"product","2":"type-product","3":"status-publish","4":"has-post-thumbnail","6":"product_cat-israel-fr","8":"first","9":"instock","10":"taxable","11":"shipping-taxable","12":"purchasable","13":"product-type-simple"},"_links":{"self":[{"href":"https:\/\/metal-badge.ch\/fr\/wp-json\/wp\/v2\/product\/26244","targetHints":{"allow":["GET"]}}],"collection":[{"href":"https:\/\/metal-badge.ch\/fr\/wp-json\/wp\/v2\/product"}],"about":[{"href":"https:\/\/metal-badge.ch\/fr\/wp-json\/wp\/v2\/types\/product"}],"replies":[{"embeddable":true,"href":"https:\/\/metal-badge.ch\/fr\/wp-json\/wp\/v2\/comments?post=26244"}],"wp:featuredmedia":[{"embeddable":true,"href":"https:\/\/metal-badge.ch\/fr\/wp-json\/wp\/v2\/media\/92579"}],"wp:attachment":[{"href":"https:\/\/metal-badge.ch\/fr\/wp-json\/wp\/v2\/media?parent=26244"}],"wp:term":[{"taxonomy":"product_brand","embeddable":true,"href":"https:\/\/metal-badge.ch\/fr\/wp-json\/wp\/v2\/product_brand?post=26244"},{"taxonomy":"product_cat","embeddable":true,"href":"https:\/\/metal-badge.ch\/fr\/wp-json\/wp\/v2\/product_cat?post=26244"},{"taxonomy":"product_tag","embeddable":true,"href":"https:\/\/metal-badge.ch\/fr\/wp-json\/wp\/v2\/product_tag?post=26244"}],"curies":[{"name":"wp","href":"https:\/\/api.w.org\/{rel}","templated":true}]}}