{"id":26145,"date":"2014-05-20T08:18:32","date_gmt":"2014-05-20T08:18:32","guid":{"rendered":"https:\/\/shop.metal-badge.ch\/?product=etui-en-cuir-smart-motards-de-suisse"},"modified":"2021-01-02T08:55:49","modified_gmt":"2021-01-02T07:55:49","slug":"etui-en-cuir-smart-motards-de-suisse","status":"publish","type":"product","link":"https:\/\/metal-badge.ch\/fr\/product\/26145\/etui-en-cuir-smart-motards-de-suisse\/","title":{"rendered":"Etui en cuir \u00ab\u00a0Smart\u00a0\u00bb motards de Suisse"},"content":{"rendered":"<p>Porte-badge en cuir de b\u0153uf noir de premi\u00e8re qualit\u00e9 avec porte-cl\u00e9 et mousqueton.<br \/>Peut \u00eatre fix\u00e9 et utilis\u00e9 de plusieurs fa\u00e7ons. Le mousqueton et le porte-cl\u00e9s peuvent \u00eatre enlev\u00e9s et utilis\u00e9s individuellement. La boucle de connexion, \u00e9galement faite de cuir, est aussi \u00e9quip\u00e9e d&rsquo;une fente pour attacher au bouton de la chemise \/ poche frontale.<\/p>\n<p>La boucle de connexion a encore deux forts boutons-pression devant et derri\u00e8re. Ainsi, ce porte-badge peut \u00eatre fix\u00e9 avec le porte-cl\u00e9s, mousqueton ou bouton. Le badge est simplement ins\u00e9r\u00e9 dans le support par la fente.<\/p>\n<p>Taille \/ Dimensions: hauteur 12,5 cm, largeur 7,0 cm<\/p>\n","protected":false},"excerpt":{"rendered":"<p><br data-mce-bogus=\"1\"><\/p>\n","protected":false},"featured_media":92037,"comment_status":"open","ping_status":"closed","template":"","meta":{"inline_featured_image":false},"product_brand":[],"product_cat":[2343,1147],"product_tag":[],"class_list":{"0":"post-26145","1":"product","2":"type-product","3":"status-publish","4":"has-post-thumbnail","6":"product_cat-motards-de-suisse-fr","7":"product_cat-motards-de-suisse","9":"first","10":"instock","11":"taxable","12":"shipping-taxable","13":"purchasable","14":"product-type-simple"},"_links":{"self":[{"href":"https:\/\/metal-badge.ch\/fr\/wp-json\/wp\/v2\/product\/26145","targetHints":{"allow":["GET"]}}],"collection":[{"href":"https:\/\/metal-badge.ch\/fr\/wp-json\/wp\/v2\/product"}],"about":[{"href":"https:\/\/metal-badge.ch\/fr\/wp-json\/wp\/v2\/types\/product"}],"replies":[{"embeddable":true,"href":"https:\/\/metal-badge.ch\/fr\/wp-json\/wp\/v2\/comments?post=26145"}],"wp:featuredmedia":[{"embeddable":true,"href":"https:\/\/metal-badge.ch\/fr\/wp-json\/wp\/v2\/media\/92037"}],"wp:attachment":[{"href":"https:\/\/metal-badge.ch\/fr\/wp-json\/wp\/v2\/media?parent=26145"}],"wp:term":[{"taxonomy":"product_brand","embeddable":true,"href":"https:\/\/metal-badge.ch\/fr\/wp-json\/wp\/v2\/product_brand?post=26145"},{"taxonomy":"product_cat","embeddable":true,"href":"https:\/\/metal-badge.ch\/fr\/wp-json\/wp\/v2\/product_cat?post=26145"},{"taxonomy":"product_tag","embeddable":true,"href":"https:\/\/metal-badge.ch\/fr\/wp-json\/wp\/v2\/product_tag?post=26145"}],"curies":[{"name":"wp","href":"https:\/\/api.w.org\/{rel}","templated":true}]}}