{"id":26040,"date":"2014-05-20T07:16:22","date_gmt":"2014-05-20T07:16:22","guid":{"rendered":"https:\/\/shop.metal-badge.ch\/?product=etui-en-cuir-business-motards-de-suisse"},"modified":"2021-01-02T21:59:11","modified_gmt":"2021-01-02T20:59:11","slug":"etui-en-cuir-business-motards-de-suisse","status":"publish","type":"product","link":"https:\/\/metal-badge.ch\/fr\/product\/26040\/etui-en-cuir-business-motards-de-suisse\/","title":{"rendered":"Etui en cuir \u00ab\u00a0Business\u00a0\u00bb motards de Suisse"},"content":{"rendered":"<p>Etui en cuir noir avec 2 fen\u00eatres pour carte d&rsquo;identit\u00e9, compartiments cartes de cr\u00e9dit et billets.<\/p>\n","protected":false},"excerpt":{"rendered":"<p>Etui en cuir noir avec 2 fen\u00eatres pour carte d&rsquo;identit\u00e9, compartiments cartes de cr\u00e9dit et billets.<\/p>\n","protected":false},"featured_media":92077,"comment_status":"open","ping_status":"closed","template":"","meta":{"inline_featured_image":false},"product_brand":[],"product_cat":[1147,2343],"product_tag":[],"class_list":{"0":"post-26040","1":"product","2":"type-product","3":"status-publish","4":"has-post-thumbnail","6":"product_cat-motards-de-suisse","7":"product_cat-motards-de-suisse-fr","9":"first","10":"instock","11":"taxable","12":"shipping-taxable","13":"purchasable","14":"product-type-simple"},"_links":{"self":[{"href":"https:\/\/metal-badge.ch\/fr\/wp-json\/wp\/v2\/product\/26040","targetHints":{"allow":["GET"]}}],"collection":[{"href":"https:\/\/metal-badge.ch\/fr\/wp-json\/wp\/v2\/product"}],"about":[{"href":"https:\/\/metal-badge.ch\/fr\/wp-json\/wp\/v2\/types\/product"}],"replies":[{"embeddable":true,"href":"https:\/\/metal-badge.ch\/fr\/wp-json\/wp\/v2\/comments?post=26040"}],"wp:featuredmedia":[{"embeddable":true,"href":"https:\/\/metal-badge.ch\/fr\/wp-json\/wp\/v2\/media\/92077"}],"wp:attachment":[{"href":"https:\/\/metal-badge.ch\/fr\/wp-json\/wp\/v2\/media?parent=26040"}],"wp:term":[{"taxonomy":"product_brand","embeddable":true,"href":"https:\/\/metal-badge.ch\/fr\/wp-json\/wp\/v2\/product_brand?post=26040"},{"taxonomy":"product_cat","embeddable":true,"href":"https:\/\/metal-badge.ch\/fr\/wp-json\/wp\/v2\/product_cat?post=26040"},{"taxonomy":"product_tag","embeddable":true,"href":"https:\/\/metal-badge.ch\/fr\/wp-json\/wp\/v2\/product_tag?post=26040"}],"curies":[{"name":"wp","href":"https:\/\/api.w.org\/{rel}","templated":true}]}}