{"id":25446,"date":"2014-06-13T01:57:23","date_gmt":"2014-06-13T01:57:23","guid":{"rendered":"https:\/\/shop.metal-badge.ch\/?product=badge-lutteur-suisse-sans-etui"},"modified":"2024-04-29T18:32:35","modified_gmt":"2024-04-29T16:32:35","slug":"badge-lutteur-suisse-sans-etui","status":"publish","type":"product","link":"https:\/\/metal-badge.ch\/fr\/product\/25446\/badge-lutteur-suisse-sans-etui\/","title":{"rendered":"Badge Lutteur Suisse (sans \u00e9tui)"},"content":{"rendered":"<p>Badge de Lutteur Suisse, sans \u00e9tui ni bois.<\/p>\n<p>Badge Taille: 82,5 mm x 55,5 mm \/ insigne poids avec clip: 58 gr.<\/p>\n<p>Cette jolie bo\u00eete cadeau en alu argent\u00e9 avec fen\u00eatre est comprise dans le prix.<\/p>\n","protected":false},"excerpt":{"rendered":"<p>Badge de Lutteur Suisse, sans \u00e9tui ni bois. Badge Taille: 82,5 mm x 55,5 mm \/ insigne poids avec clip: 58 gr. Cette jolie bo\u00eete cadeau en alu argent\u00e9 avec fen\u00eatre est comprise dans le prix.<\/p>\n","protected":false},"featured_media":25441,"comment_status":"open","ping_status":"closed","template":"","meta":{"inline_featured_image":false},"product_brand":[],"product_cat":[2367,1131],"product_tag":[],"class_list":{"0":"post-25446","1":"product","2":"type-product","3":"status-publish","4":"has-post-thumbnail","6":"product_cat-lutteur-suisse-fr","7":"product_cat-lutteur-suisse","9":"first","10":"instock","11":"taxable","12":"shipping-taxable","13":"purchasable","14":"product-type-simple"},"_links":{"self":[{"href":"https:\/\/metal-badge.ch\/fr\/wp-json\/wp\/v2\/product\/25446","targetHints":{"allow":["GET"]}}],"collection":[{"href":"https:\/\/metal-badge.ch\/fr\/wp-json\/wp\/v2\/product"}],"about":[{"href":"https:\/\/metal-badge.ch\/fr\/wp-json\/wp\/v2\/types\/product"}],"replies":[{"embeddable":true,"href":"https:\/\/metal-badge.ch\/fr\/wp-json\/wp\/v2\/comments?post=25446"}],"wp:featuredmedia":[{"embeddable":true,"href":"https:\/\/metal-badge.ch\/fr\/wp-json\/wp\/v2\/media\/25441"}],"wp:attachment":[{"href":"https:\/\/metal-badge.ch\/fr\/wp-json\/wp\/v2\/media?parent=25446"}],"wp:term":[{"taxonomy":"product_brand","embeddable":true,"href":"https:\/\/metal-badge.ch\/fr\/wp-json\/wp\/v2\/product_brand?post=25446"},{"taxonomy":"product_cat","embeddable":true,"href":"https:\/\/metal-badge.ch\/fr\/wp-json\/wp\/v2\/product_cat?post=25446"},{"taxonomy":"product_tag","embeddable":true,"href":"https:\/\/metal-badge.ch\/fr\/wp-json\/wp\/v2\/product_tag?post=25446"}],"curies":[{"name":"wp","href":"https:\/\/api.w.org\/{rel}","templated":true}]}}