{"id":25162,"date":"2014-05-14T20:41:23","date_gmt":"2014-05-14T20:41:23","guid":{"rendered":"https:\/\/shop.metal-badge.ch\/?product=acrylique-tableau-agent-de-securite-suisse-gravure"},"modified":"2020-12-30T17:29:57","modified_gmt":"2020-12-30T16:29:57","slug":"acrylique-tableau-agent-de-securite-suisse-gravure","status":"publish","type":"product","link":"https:\/\/metal-badge.ch\/fr\/product\/25162\/acrylique-tableau-agent-de-securite-suisse-gravure\/","title":{"rendered":"Acrylique tableau Agent de S\u00e9curit\u00e9 Suisse, gravure"},"content":{"rendered":"<p>Notre nouvelle plaque de table sont tous en acrylique. Id\u00e9al comme cadeau ou pour un prix.<\/p>\n<p><strong>Crystal<\/strong><br \/>\nLargeur: 115 mm<br \/>\nHauteur de centre: 150 mm<\/p>\n<p><strong>Deluxe<\/strong><br \/>\nLargeur de la base: 105 mm<br \/>\nHauteur: moyenne: 145 mm<\/p>\n<p><strong>Ice-cube<\/strong><br \/>\nLargeur de la base: 125 mm<br \/>\nHauteur de centre: 150 mm<\/p>\n<p><strong>Diamond<\/strong><br \/>\nLargeur de la base: 70 mm<br \/>\nHauteur de centre: 150 mm<\/p>\n","protected":false},"excerpt":{"rendered":"<p>Notre nouvelle plaque de table sont tous en acrylique. Id\u00e9al comme cadeau ou pour un prix. Crystal Largeur: 115 mm Hauteur de centre: 150 mm Deluxe Largeur de la base: 105 mm Hauteur: moyenne: 145 mm Ice-cube Largeur de la base: 125 mm Hauteur de centre: 150 mm Diamond Largeur de la base: 70 mm [&hellip;]<\/p>\n","protected":false},"featured_media":25160,"comment_status":"open","ping_status":"closed","template":"","meta":{"inline_featured_image":false},"product_brand":[],"product_cat":[1015],"product_tag":[],"class_list":{"0":"post-25162","1":"product","2":"type-product","3":"status-publish","4":"has-post-thumbnail","6":"product_cat-agent-de-securite-suisse-gravure","8":"first","9":"instock","10":"taxable","11":"shipping-taxable","12":"purchasable","13":"product-type-simple"},"_links":{"self":[{"href":"https:\/\/metal-badge.ch\/fr\/wp-json\/wp\/v2\/product\/25162","targetHints":{"allow":["GET"]}}],"collection":[{"href":"https:\/\/metal-badge.ch\/fr\/wp-json\/wp\/v2\/product"}],"about":[{"href":"https:\/\/metal-badge.ch\/fr\/wp-json\/wp\/v2\/types\/product"}],"replies":[{"embeddable":true,"href":"https:\/\/metal-badge.ch\/fr\/wp-json\/wp\/v2\/comments?post=25162"}],"wp:featuredmedia":[{"embeddable":true,"href":"https:\/\/metal-badge.ch\/fr\/wp-json\/wp\/v2\/media\/25160"}],"wp:attachment":[{"href":"https:\/\/metal-badge.ch\/fr\/wp-json\/wp\/v2\/media?parent=25162"}],"wp:term":[{"taxonomy":"product_brand","embeddable":true,"href":"https:\/\/metal-badge.ch\/fr\/wp-json\/wp\/v2\/product_brand?post=25162"},{"taxonomy":"product_cat","embeddable":true,"href":"https:\/\/metal-badge.ch\/fr\/wp-json\/wp\/v2\/product_cat?post=25162"},{"taxonomy":"product_tag","embeddable":true,"href":"https:\/\/metal-badge.ch\/fr\/wp-json\/wp\/v2\/product_tag?post=25162"}],"curies":[{"name":"wp","href":"https:\/\/api.w.org\/{rel}","templated":true}]}}