{"id":25009,"date":"2014-05-12T23:56:22","date_gmt":"2014-05-12T23:56:22","guid":{"rendered":"https:\/\/shop.metal-badge.ch\/?product=badge-chausseur-suisse-sans-etui"},"modified":"2024-04-29T18:01:25","modified_gmt":"2024-04-29T16:01:25","slug":"badge-chausseur-suisse-sans-etui","status":"publish","type":"product","link":"https:\/\/metal-badge.ch\/fr\/product\/25009\/badge-chausseur-suisse-sans-etui\/","title":{"rendered":"Badge Chausseur Suisse (sans \u00e9tui)"},"content":{"rendered":"<p>Badge Chasseur Suisse au choix : couleur argent ou or.<\/p>\n<p>Grand badge de Chasseur Suisse m\u00e9tallique : 82,5 mm x 55,5 mm ; poids avec la pince : 58 g.<\/p>\n<p>Pr\u00e9sent\u00e9 dans une jolie bo\u00eete cadeau en alu argent\u00e9 avec fen\u00eatre comprise dans le prix.<\/p>\n","protected":false},"excerpt":{"rendered":"<p>Badge Chasseur Suisse au choix : couleur argent ou or.<\/p>\n<p>Grand badge de Chasseur Suisse m\u00e9tallique : 82,5 mm x 55,5 mm ; poids avec la pince : 58 g.<\/p>\n<p>Pr\u00e9sent\u00e9 dans une jolie bo\u00eete cadeau en alu argent\u00e9 avec fen\u00eatre comprise dans le prix.<\/p>\n","protected":false},"featured_media":25004,"comment_status":"open","ping_status":"closed","template":"","meta":{"inline_featured_image":false},"product_brand":[],"product_cat":[2363,1123],"product_tag":[],"class_list":{"0":"post-25009","1":"product","2":"type-product","3":"status-publish","4":"has-post-thumbnail","6":"product_cat-chausseur-suisse-fr","7":"product_cat-chausseur-suisse","9":"first","10":"instock","11":"taxable","12":"shipping-taxable","13":"purchasable","14":"product-type-simple"},"_links":{"self":[{"href":"https:\/\/metal-badge.ch\/fr\/wp-json\/wp\/v2\/product\/25009","targetHints":{"allow":["GET"]}}],"collection":[{"href":"https:\/\/metal-badge.ch\/fr\/wp-json\/wp\/v2\/product"}],"about":[{"href":"https:\/\/metal-badge.ch\/fr\/wp-json\/wp\/v2\/types\/product"}],"replies":[{"embeddable":true,"href":"https:\/\/metal-badge.ch\/fr\/wp-json\/wp\/v2\/comments?post=25009"}],"wp:featuredmedia":[{"embeddable":true,"href":"https:\/\/metal-badge.ch\/fr\/wp-json\/wp\/v2\/media\/25004"}],"wp:attachment":[{"href":"https:\/\/metal-badge.ch\/fr\/wp-json\/wp\/v2\/media?parent=25009"}],"wp:term":[{"taxonomy":"product_brand","embeddable":true,"href":"https:\/\/metal-badge.ch\/fr\/wp-json\/wp\/v2\/product_brand?post=25009"},{"taxonomy":"product_cat","embeddable":true,"href":"https:\/\/metal-badge.ch\/fr\/wp-json\/wp\/v2\/product_cat?post=25009"},{"taxonomy":"product_tag","embeddable":true,"href":"https:\/\/metal-badge.ch\/fr\/wp-json\/wp\/v2\/product_tag?post=25009"}],"curies":[{"name":"wp","href":"https:\/\/api.w.org\/{rel}","templated":true}]}}