{"id":24994,"date":"2014-04-24T00:02:01","date_gmt":"2014-04-24T00:02:01","guid":{"rendered":"https:\/\/shop.metal-badge.ch\/?product=platron-securite-security"},"modified":"2015-10-14T13:49:27","modified_gmt":"2015-10-14T13:49:27","slug":"platron-securite-security","status":"publish","type":"product","link":"https:\/\/metal-badge.ch\/fr\/product\/24994\/platron-securite-security\/","title":{"rendered":"Platron SECURITE \/ SECURITY"},"content":{"rendered":"<p>Profil : plat<br \/>\nCouleur : argent\u00e9 brillant<br \/>\nDimensions : 70 x 20 mm<br \/>\nMat\u00e9riau : alliage de fer <br \/>\n\u00c9paisseur : 1,2 mm<br \/>\nPoids : environ 17 g<br \/>\nFixation : triple aimant tr\u00e8s puissant<br \/>\nGravure recouverte de couleur noire<br \/>\nGravure\/inscription : S\u00c9CURIT\u00c9 \/ SECURITY<\/p>\n","protected":false},"excerpt":{"rendered":"<p>Profil : plat Couleur : argent\u00e9 brillant Dimensions : 70 x 20 mm Mat\u00e9riau : alliage de fer \u00c9paisseur : 1,2 mm Poids : environ 17 g Fixation : triple aimant tr\u00e8s puissant Gravure recouverte de couleur noire Gravure\/inscription : S\u00c9CURIT\u00c9 \/ SECURITY<\/p>\n","protected":false},"featured_media":92147,"comment_status":"open","ping_status":"closed","template":"","meta":{"inline_featured_image":false},"product_brand":[],"product_cat":[1087],"product_tag":[],"class_list":{"0":"post-24994","1":"product","2":"type-product","3":"status-publish","4":"has-post-thumbnail","6":"product_cat-badges-nominatifs","8":"first","9":"instock","10":"taxable","11":"shipping-taxable","12":"purchasable","13":"product-type-simple"},"_links":{"self":[{"href":"https:\/\/metal-badge.ch\/fr\/wp-json\/wp\/v2\/product\/24994","targetHints":{"allow":["GET"]}}],"collection":[{"href":"https:\/\/metal-badge.ch\/fr\/wp-json\/wp\/v2\/product"}],"about":[{"href":"https:\/\/metal-badge.ch\/fr\/wp-json\/wp\/v2\/types\/product"}],"replies":[{"embeddable":true,"href":"https:\/\/metal-badge.ch\/fr\/wp-json\/wp\/v2\/comments?post=24994"}],"wp:featuredmedia":[{"embeddable":true,"href":"https:\/\/metal-badge.ch\/fr\/wp-json\/wp\/v2\/media\/92147"}],"wp:attachment":[{"href":"https:\/\/metal-badge.ch\/fr\/wp-json\/wp\/v2\/media?parent=24994"}],"wp:term":[{"taxonomy":"product_brand","embeddable":true,"href":"https:\/\/metal-badge.ch\/fr\/wp-json\/wp\/v2\/product_brand?post=24994"},{"taxonomy":"product_cat","embeddable":true,"href":"https:\/\/metal-badge.ch\/fr\/wp-json\/wp\/v2\/product_cat?post=24994"},{"taxonomy":"product_tag","embeddable":true,"href":"https:\/\/metal-badge.ch\/fr\/wp-json\/wp\/v2\/product_tag?post=24994"}],"curies":[{"name":"wp","href":"https:\/\/api.w.org\/{rel}","templated":true}]}}