{"id":24976,"date":"2014-04-23T22:22:51","date_gmt":"2014-04-23T22:22:51","guid":{"rendered":"https:\/\/shop.metal-badge.ch\/?product=veste-en-cuir-police"},"modified":"2021-05-01T05:15:56","modified_gmt":"2021-05-01T03:15:56","slug":"veste-en-cuir-police","status":"publish","type":"product","link":"https:\/\/metal-badge.ch\/fr\/product\/24976\/veste-en-cuir-police\/","title":{"rendered":"Veste en cuir &#8211; POLICE"},"content":{"rendered":"<p><strong>Veste en cuir avec l&rsquo;inscription POLICE r\u00e9fl\u00e9chissante<br \/>\nVeste en cuir sans inscription<br \/>\nVeste en cuir avec inscription sur demande (attention, suppl\u00e9ment de prix) <\/strong><\/p>\n<p><strong>Les vestes en cuir ne se d\u00e9modent jamais.<\/strong><br \/>\nNotre blouson de service en cuir a \u00e9t\u00e9 con\u00e7u avec des agents qui travaillent sur le terrain tous les jours. Une attention particuli\u00e8re a \u00e9t\u00e9 donn\u00e9e \u00e0 la coupe, au respect de la libert\u00e9 de mouvement ainsi qu&rsquo;aux d\u00e9tails peaufin\u00e9s. Cette veste de grande qualit\u00e9 est fabriqu\u00e9e en cuir de vache pleine fleur noir de qualit\u00e9. Avec des d\u00e9tails travaill\u00e9s avec soin comme l&rsquo;incrustation de tissu dans le dos et sur les poignets, ainsi que les rabats d&rsquo;\u00e9paule, vous \u00eates toujours totalement \u00e0 la mode. Ajustement confortable et sportif. Sur la poitrine, une bande velcro est cousue pour permettre d&rsquo;indiquer votre nom, unit\u00e9, etc. La taille droite offre un bon confort de port et de nombreuses possibilit\u00e9s d&rsquo;assortiment.<\/p>\n<p>\nSi vous voulez ajouter votre propre inscription sur demande, c&rsquo;est possible:<br \/>\navec un suppl\u00e9ment de prix, nous pouvons vous fournir la veste avec d&rsquo;autres inscriptions.<\/p>\n<p>\u00a0<\/p>\n<p><strong>\u00c9quipement: Version standard:<\/strong><br \/>\nInscription POLICE r\u00e9fl\u00e9chissante \u00e0 l&rsquo;avant et \u00e0 l&rsquo;arri\u00e8re.<br \/>\nBande velcro \u00e0 droite sur la poitrine pour ajouter une plaque d&rsquo;identification.<br \/>\nDeux porte-stylos sur le bras gauche \u00e0 l&rsquo;ext\u00e9rieur, porte-stylos sur le bras.<br \/>\nSur le bras droit, velcro rond de 8.5 cm de diam\u00e8tre pour un galon, un logo ou des armoiries.<br \/>\n\u00c9paulettes pour indiquer le grade<br \/>\nPoids approximatif : 1,7 kg<br \/>\nCouleur : noir<br \/>\nMat\u00e9riau : cuir de vache<br \/>\ncoupe normale, en dessous de la taille<br \/>\nExt\u00e9rieur ; deux poches sur la poitrine avec des pattes et fermables avec des boutons pression, ainsi que deux poches sur le c\u00f4t\u00e9<br \/>\n3 poches int\u00e9rieures (avec une fermeture \u00e9clair)<br \/>\nFermeture \u00e9clair en m\u00e9tal et boutons pression suppl\u00e9mentaires.<br \/>\nBande \u00e9lastique \u00e0 la taille.<br \/>\nNous pouvons \u00e9galement r\u00e9aliser sur demande des \u00e9cussons en tissu, des galons, des logos, des armoiries, des plaques nominatives et des \u00e9paulettes moyennant le paiement d&rsquo;un suppl\u00e9ment.<\/p>\n<p>Prix : CHF 195.- y compris l&rsquo;inscription POLICE<br \/>\nPrix : CHF 170.- sans inscription<br \/>\nPrix : CHF 240.- avec inscription au choix<\/p>\n<p>Autres mod\u00e8les et inscriptions possibles sur demande.<br \/>\nSur demande, nous fabriquons \u00e9galement des \u00e9cussons en tissu, des \u00e9paulettes, des galons de grade ou des plaques nominatives.<\/p>\n<p>Recommandation d&rsquo;entretien : Nettoyage sp\u00e9cial cuir : le cuir est imperm\u00e9able pour prot\u00e9ger l&rsquo;utilisateur de la pluie<\/p>\n<p><strong>Taille : S= 48 \u00e0 50 \/ M = 52 \u00e0 54 \/ L = 56 \/ XL = 58 <\/strong><\/p>\n","protected":false},"excerpt":{"rendered":"<p>Veste en cuir avec l&rsquo;inscription POLICE r\u00e9fl\u00e9chissante Veste en cuir sans inscription Veste en cuir avec inscription sur demande (attention, suppl\u00e9ment de prix) Les vestes en cuir ne se d\u00e9modent jamais. Notre blouson de service en cuir a \u00e9t\u00e9 con\u00e7u avec des agents qui travaillent sur le terrain tous les jours. Une attention particuli\u00e8re a [&hellip;]<\/p>\n","protected":false},"featured_media":55731,"comment_status":"open","ping_status":"closed","template":"","meta":{"inline_featured_image":false},"product_brand":[],"product_cat":[1594],"product_tag":[1765],"class_list":{"0":"post-24976","1":"product","2":"type-product","3":"status-publish","4":"has-post-thumbnail","6":"product_cat-vestes-en-cuir","7":"product_tag-sport-outdoor-fr","9":"first","10":"instock","11":"taxable","12":"shipping-taxable","13":"purchasable","14":"product-type-simple"},"_links":{"self":[{"href":"https:\/\/metal-badge.ch\/fr\/wp-json\/wp\/v2\/product\/24976","targetHints":{"allow":["GET"]}}],"collection":[{"href":"https:\/\/metal-badge.ch\/fr\/wp-json\/wp\/v2\/product"}],"about":[{"href":"https:\/\/metal-badge.ch\/fr\/wp-json\/wp\/v2\/types\/product"}],"replies":[{"embeddable":true,"href":"https:\/\/metal-badge.ch\/fr\/wp-json\/wp\/v2\/comments?post=24976"}],"wp:featuredmedia":[{"embeddable":true,"href":"https:\/\/metal-badge.ch\/fr\/wp-json\/wp\/v2\/media\/55731"}],"wp:attachment":[{"href":"https:\/\/metal-badge.ch\/fr\/wp-json\/wp\/v2\/media?parent=24976"}],"wp:term":[{"taxonomy":"product_brand","embeddable":true,"href":"https:\/\/metal-badge.ch\/fr\/wp-json\/wp\/v2\/product_brand?post=24976"},{"taxonomy":"product_cat","embeddable":true,"href":"https:\/\/metal-badge.ch\/fr\/wp-json\/wp\/v2\/product_cat?post=24976"},{"taxonomy":"product_tag","embeddable":true,"href":"https:\/\/metal-badge.ch\/fr\/wp-json\/wp\/v2\/product_tag?post=24976"}],"curies":[{"name":"wp","href":"https:\/\/api.w.org\/{rel}","templated":true}]}}