{"id":24965,"date":"2014-03-10T21:16:28","date_gmt":"2014-03-10T21:16:28","guid":{"rendered":"https:\/\/shop.metal-badge.ch\/?product=dry-bag-sac-impermeable-45-l"},"modified":"2015-02-05T15:05:46","modified_gmt":"2015-02-05T15:05:46","slug":"dry-bag-sac-impermeable-45-l","status":"publish","type":"product","link":"https:\/\/metal-badge.ch\/fr\/product\/24965\/dry-bag-sac-impermeable-45-l\/","title":{"rendered":"Dry Bag \/ Sac imperm\u00e9able 4,5 L"},"content":{"rendered":"<p>Coutures soud\u00e9es 100 % imperm\u00e9ables<\/p>\n<p>\nDans ce sac, vous pourrez \u00eatre s\u00fbr que vos affaires resteront au sec (sauf en cas de plong\u00e9e). Le sac est id\u00e9al pour \u00eatre emmen\u00e9 \u00e0 l&rsquo;ext\u00e9rieur dans des lieux humides, \u00e0 la mer, ou en cas de mauvais temps. La fermeture enroulable en haut permet un scell\u00e9 100 % imperm\u00e9able et offre une protection contre le sable, l&rsquo;eau et la salet\u00e9. Les sacs sont faits de mat\u00e9riaux tr\u00e8s robustes, mais ils restent souples et facile \u00e0 enrouler. M\u00eame lors de courts passages sous l&rsquo;eau, le sac reste imperm\u00e9able. Quand il est bien enroul\u00e9, le sac flotte. La fermeture enroulable en haut offre une poign\u00e9e de saisie pratique. Gr\u00e2ce aux bretelles r\u00e9glables, vous pouvez le porter confortablement sur vos \u00e9paules. Ce mat\u00e9riau est tr\u00e8s durable et est lavable facilement. <\/p>\n<p>Dimensions : diam\u00e8tre 17 cm  \/ largeur 25 cm \/ hauteur 35 cm<br \/>\nMat\u00e9riau : PVC tarpaulin<br \/>\nFlotte de fa\u00e7on s\u00e9curis\u00e9e \u00e0 la surface de l&rsquo;eau<br \/>\n100 % imperm\u00e9able avec des coutures scell\u00e9es \u00e9lectroniquement.<br \/>\nContenu : 4,5 litres<br \/>\nPoids : 170 g <br \/>\nCouleur : bleu<\/p>\n","protected":false},"excerpt":{"rendered":"<p>Coutures soud\u00e9es 100 % imperm\u00e9ables Dans ce sac, vous pourrez \u00eatre s\u00fbr que vos affaires resteront au sec (sauf en cas de plong\u00e9e). Le sac est id\u00e9al pour \u00eatre emmen\u00e9 \u00e0 l&rsquo;ext\u00e9rieur dans des lieux humides, \u00e0 la mer, ou en cas de mauvais temps. La fermeture enroulable en haut permet un scell\u00e9 100 % [&hellip;]<\/p>\n","protected":false},"featured_media":92155,"comment_status":"open","ping_status":"closed","template":"","meta":{"inline_featured_image":false},"product_brand":[],"product_cat":[1059,1815],"product_tag":[1777,1773,1765],"class_list":{"0":"post-24965","1":"product","2":"type-product","3":"status-publish","4":"has-post-thumbnail","6":"product_cat-sacs","7":"product_cat-sacs-de-transport-de-voyage","8":"product_tag-camping-voyage","9":"product_tag-chasse-peche","10":"product_tag-sport-outdoor-fr","12":"first","13":"instock","14":"taxable","15":"shipping-taxable","16":"purchasable","17":"product-type-simple"},"_links":{"self":[{"href":"https:\/\/metal-badge.ch\/fr\/wp-json\/wp\/v2\/product\/24965","targetHints":{"allow":["GET"]}}],"collection":[{"href":"https:\/\/metal-badge.ch\/fr\/wp-json\/wp\/v2\/product"}],"about":[{"href":"https:\/\/metal-badge.ch\/fr\/wp-json\/wp\/v2\/types\/product"}],"replies":[{"embeddable":true,"href":"https:\/\/metal-badge.ch\/fr\/wp-json\/wp\/v2\/comments?post=24965"}],"wp:featuredmedia":[{"embeddable":true,"href":"https:\/\/metal-badge.ch\/fr\/wp-json\/wp\/v2\/media\/92155"}],"wp:attachment":[{"href":"https:\/\/metal-badge.ch\/fr\/wp-json\/wp\/v2\/media?parent=24965"}],"wp:term":[{"taxonomy":"product_brand","embeddable":true,"href":"https:\/\/metal-badge.ch\/fr\/wp-json\/wp\/v2\/product_brand?post=24965"},{"taxonomy":"product_cat","embeddable":true,"href":"https:\/\/metal-badge.ch\/fr\/wp-json\/wp\/v2\/product_cat?post=24965"},{"taxonomy":"product_tag","embeddable":true,"href":"https:\/\/metal-badge.ch\/fr\/wp-json\/wp\/v2\/product_tag?post=24965"}],"curies":[{"name":"wp","href":"https:\/\/api.w.org\/{rel}","templated":true}]}}