{"id":24954,"date":"2014-03-10T20:56:22","date_gmt":"2014-03-10T20:56:22","guid":{"rendered":"https:\/\/shop.metal-badge.ch\/?product=double-fixe-poignet-jetable-asp"},"modified":"2024-12-11T20:39:46","modified_gmt":"2024-12-11T19:39:46","slug":"double-fixe-poignet-jetable","status":"publish","type":"product","link":"https:\/\/metal-badge.ch\/fr\/product\/24954\/double-fixe-poignet-jetable\/","title":{"rendered":"Double fixe-poignet jetable"},"content":{"rendered":"<p>L&rsquo;alternative aux fixe-poignets traditionnels en m\u00e9tal. De poids l\u00e9ger, il peut \u00eatre fix\u00e9 rapidement n&rsquo;importe o\u00f9. Sans bord coupant et tr\u00e8s facile d&rsquo;utilisation. Ce fixe-poignet jetable est \u00e9galement pliable, et il peut \u00eatre rang\u00e9 sans occuper beaucoup de place.<br \/>\nSupporte jusqu&rsquo;\u00e0 150 kg avec une grande force de traction.<br \/>\nCe fixe-poignet en plastique r\u00e9glable de mani\u00e8re fluide avec un syst\u00e8me de retenue est certain de fixer de mani\u00e8re s\u00e9curis\u00e9e. Livr\u00e9 avec anneau de traction.\n<\/p>\n<p>Insensible au froid et \u00e0 la chaleur (de -35 \u00e0 + 85 \u00baC)<br \/>\nMat\u00e9riau : Nylon, sangles thermoplastiques<br \/>\nDimensions : Longueur : 53 cm  <br \/>\nLargeur : 1,2 cm<br \/>\nPrix : 1 unit\u00e9 CHF 4,50<br \/>\nPaquet de 10 : CHF 38.-<br \/>\nCouleur : jaune<br \/>\nPoids : 23 g<\/p>\n","protected":false},"excerpt":{"rendered":"<p>L&rsquo;alternative aux fixe-poignets traditionnels en m\u00e9tal. De poids l\u00e9ger, il peut \u00eatre fix\u00e9 rapidement n&rsquo;importe o\u00f9. Sans bord coupant et tr\u00e8s facile d&rsquo;utilisation. Ce fixe-poignet jetable est \u00e9galement pliable, et il peut \u00eatre rang\u00e9 sans occuper beaucoup de place. Supporte jusqu&rsquo;\u00e0 150 kg avec une grande force de traction. Ce fixe-poignet en plastique r\u00e9glable de [&hellip;]<\/p>\n","protected":false},"featured_media":92157,"comment_status":"open","ping_status":"closed","template":"","meta":{"inline_featured_image":false},"product_brand":[],"product_cat":[1463],"product_tag":[1781],"class_list":{"0":"post-24954","1":"product","2":"type-product","3":"status-publish","4":"has-post-thumbnail","6":"product_cat-menottes-bracelets-de-cheville-zak-tool","7":"product_tag-police-securite","9":"first","10":"instock","11":"taxable","12":"shipping-taxable","13":"purchasable","14":"product-type-simple"},"_links":{"self":[{"href":"https:\/\/metal-badge.ch\/fr\/wp-json\/wp\/v2\/product\/24954","targetHints":{"allow":["GET"]}}],"collection":[{"href":"https:\/\/metal-badge.ch\/fr\/wp-json\/wp\/v2\/product"}],"about":[{"href":"https:\/\/metal-badge.ch\/fr\/wp-json\/wp\/v2\/types\/product"}],"replies":[{"embeddable":true,"href":"https:\/\/metal-badge.ch\/fr\/wp-json\/wp\/v2\/comments?post=24954"}],"wp:featuredmedia":[{"embeddable":true,"href":"https:\/\/metal-badge.ch\/fr\/wp-json\/wp\/v2\/media\/92157"}],"wp:attachment":[{"href":"https:\/\/metal-badge.ch\/fr\/wp-json\/wp\/v2\/media?parent=24954"}],"wp:term":[{"taxonomy":"product_brand","embeddable":true,"href":"https:\/\/metal-badge.ch\/fr\/wp-json\/wp\/v2\/product_brand?post=24954"},{"taxonomy":"product_cat","embeddable":true,"href":"https:\/\/metal-badge.ch\/fr\/wp-json\/wp\/v2\/product_cat?post=24954"},{"taxonomy":"product_tag","embeddable":true,"href":"https:\/\/metal-badge.ch\/fr\/wp-json\/wp\/v2\/product_tag?post=24954"}],"curies":[{"name":"wp","href":"https:\/\/api.w.org\/{rel}","templated":true}]}}