{"id":24946,"date":"2014-03-10T20:40:22","date_gmt":"2014-03-10T20:40:22","guid":{"rendered":"https:\/\/shop.metal-badge.ch\/?product=lunettes-de-protection-bleu"},"modified":"2015-02-05T15:42:18","modified_gmt":"2015-02-05T15:42:18","slug":"lunettes-de-protection-bleu","status":"publish","type":"product","link":"https:\/\/metal-badge.ch\/fr\/product\/24946\/lunettes-de-protection-bleu\/","title":{"rendered":"Lunettes de protection &#8211; bleu"},"content":{"rendered":"<p>Lunettes de protection universelles. Monture en nylon. En noir et en bleu. Taille des verres : gabarit 62 x 52 mm Longueur des branches r\u00e9glable. Pr\u00eates \u00e0 \u00eatre utilis\u00e9e, lunettes de travail g\u00e9n\u00e9rales avec vue int\u00e9gr\u00e9e sur les c\u00f4t\u00e9s et forme proche du visage au niveau du front et des joues. Ces lunettes de protection sont tr\u00e8s l\u00e9g\u00e8res et offrent un grand confort de port.<\/p>\n<p>Branche r\u00e9glable en longueur<br \/>\nPoids : 20 g <\/p>\n","protected":false},"excerpt":{"rendered":"<p>Lunettes de protection universelles. Monture en nylon. En noir et en bleu. Taille des verres : gabarit 62 x 52 mm Longueur des branches r\u00e9glable. Pr\u00eates \u00e0 \u00eatre utilis\u00e9e, lunettes de travail g\u00e9n\u00e9rales avec vue int\u00e9gr\u00e9e sur les c\u00f4t\u00e9s et forme proche du visage au niveau du front et des joues. Ces lunettes de protection [&hellip;]<\/p>\n","protected":false},"featured_media":92159,"comment_status":"open","ping_status":"closed","template":"","meta":{"inline_featured_image":false},"product_brand":[],"product_cat":[1115],"product_tag":[1781,1765],"class_list":{"0":"post-24946","1":"product","2":"type-product","3":"status-publish","4":"has-post-thumbnail","6":"product_cat-lunettes-de-protection-lunettes-de-soleil","7":"product_tag-police-securite","8":"product_tag-sport-outdoor-fr","10":"first","11":"instock","12":"taxable","13":"shipping-taxable","14":"purchasable","15":"product-type-simple"},"_links":{"self":[{"href":"https:\/\/metal-badge.ch\/fr\/wp-json\/wp\/v2\/product\/24946","targetHints":{"allow":["GET"]}}],"collection":[{"href":"https:\/\/metal-badge.ch\/fr\/wp-json\/wp\/v2\/product"}],"about":[{"href":"https:\/\/metal-badge.ch\/fr\/wp-json\/wp\/v2\/types\/product"}],"replies":[{"embeddable":true,"href":"https:\/\/metal-badge.ch\/fr\/wp-json\/wp\/v2\/comments?post=24946"}],"wp:featuredmedia":[{"embeddable":true,"href":"https:\/\/metal-badge.ch\/fr\/wp-json\/wp\/v2\/media\/92159"}],"wp:attachment":[{"href":"https:\/\/metal-badge.ch\/fr\/wp-json\/wp\/v2\/media?parent=24946"}],"wp:term":[{"taxonomy":"product_brand","embeddable":true,"href":"https:\/\/metal-badge.ch\/fr\/wp-json\/wp\/v2\/product_brand?post=24946"},{"taxonomy":"product_cat","embeddable":true,"href":"https:\/\/metal-badge.ch\/fr\/wp-json\/wp\/v2\/product_cat?post=24946"},{"taxonomy":"product_tag","embeddable":true,"href":"https:\/\/metal-badge.ch\/fr\/wp-json\/wp\/v2\/product_tag?post=24946"}],"curies":[{"name":"wp","href":"https:\/\/api.w.org\/{rel}","templated":true}]}}