{"id":24928,"date":"2014-03-10T20:28:39","date_gmt":"2014-03-10T20:28:39","guid":{"rendered":"https:\/\/shop.metal-badge.ch\/?product=surlunettes-de-protection"},"modified":"2014-03-10T20:30:57","modified_gmt":"2014-03-10T20:30:57","slug":"surlunettes-de-protection","status":"publish","type":"product","link":"https:\/\/metal-badge.ch\/fr\/product\/24928\/surlunettes-de-protection\/","title":{"rendered":"Surlunettes de protection"},"content":{"rendered":"<p>Lunettes de protection modernes avec une grande surface panoramique et un grand champ visuel. Ces lunettes de protection en polycarbonate correspondant \u00e0 la norme EN 166 sont \u00e9galement adapt\u00e9es aux porteurs de lunettes. Protection des yeux s\u00fbre contre les petites particules lors de travaux, visites, etc. avec vue sur les c\u00f4t\u00e9s int\u00e9gr\u00e9e. La couverture sp\u00e9ciale des verres offre une excellente r\u00e9sistance contre les produits chimiques, et les \u00e9l\u00e9ments liquides comme les pollutions graisseuses peuvent \u00eatre retir\u00e9s sans effort.<\/p>\n<p>Couleur : transparent<br \/>\nTaille : taille unique<br \/>\nPoids : 36 g <\/p>\n","protected":false},"excerpt":{"rendered":"<p>Lunettes de protection modernes avec une grande surface panoramique et un grand champ visuel. Ces lunettes de protection en polycarbonate correspondant \u00e0 la norme EN 166 sont \u00e9galement adapt\u00e9es aux porteurs de lunettes. Protection des yeux s\u00fbre contre les petites particules lors de travaux, visites, etc. avec vue sur les c\u00f4t\u00e9s int\u00e9gr\u00e9e. La couverture sp\u00e9ciale [&hellip;]<\/p>\n","protected":false},"featured_media":92163,"comment_status":"open","ping_status":"closed","template":"","meta":{"inline_featured_image":false},"product_brand":[],"product_cat":[1115],"product_tag":[1781,1765],"class_list":{"0":"post-24928","1":"product","2":"type-product","3":"status-publish","4":"has-post-thumbnail","6":"product_cat-lunettes-de-protection-lunettes-de-soleil","7":"product_tag-police-securite","8":"product_tag-sport-outdoor-fr","10":"first","11":"instock","12":"taxable","13":"shipping-taxable","14":"purchasable","15":"product-type-simple"},"_links":{"self":[{"href":"https:\/\/metal-badge.ch\/fr\/wp-json\/wp\/v2\/product\/24928","targetHints":{"allow":["GET"]}}],"collection":[{"href":"https:\/\/metal-badge.ch\/fr\/wp-json\/wp\/v2\/product"}],"about":[{"href":"https:\/\/metal-badge.ch\/fr\/wp-json\/wp\/v2\/types\/product"}],"replies":[{"embeddable":true,"href":"https:\/\/metal-badge.ch\/fr\/wp-json\/wp\/v2\/comments?post=24928"}],"wp:featuredmedia":[{"embeddable":true,"href":"https:\/\/metal-badge.ch\/fr\/wp-json\/wp\/v2\/media\/92163"}],"wp:attachment":[{"href":"https:\/\/metal-badge.ch\/fr\/wp-json\/wp\/v2\/media?parent=24928"}],"wp:term":[{"taxonomy":"product_brand","embeddable":true,"href":"https:\/\/metal-badge.ch\/fr\/wp-json\/wp\/v2\/product_brand?post=24928"},{"taxonomy":"product_cat","embeddable":true,"href":"https:\/\/metal-badge.ch\/fr\/wp-json\/wp\/v2\/product_cat?post=24928"},{"taxonomy":"product_tag","embeddable":true,"href":"https:\/\/metal-badge.ch\/fr\/wp-json\/wp\/v2\/product_tag?post=24928"}],"curies":[{"name":"wp","href":"https:\/\/api.w.org\/{rel}","templated":true}]}}