{"id":24907,"date":"2014-03-10T20:07:56","date_gmt":"2014-03-10T20:07:56","guid":{"rendered":"https:\/\/shop.metal-badge.ch\/?product=sac-banane-vert-fluo"},"modified":"2020-08-02T00:00:07","modified_gmt":"2020-08-01T22:00:07","slug":"sac-banane-vert-fluo","status":"publish","type":"product","link":"https:\/\/metal-badge.ch\/fr\/product\/24907\/sac-banane-vert-fluo\/","title":{"rendered":"Sac banane &#8211; vert fluo"},"content":{"rendered":"<p>Ce sac robuste \u00e0 porter sur la hanche est petit, mais offre un grand espace de rangement. Avec son compartiment interne zipp\u00e9 additionnel et une petite poche ext\u00e9rieure zipp\u00e9e, le sac banane est id\u00e9al pour voyager, courir, sortir, etc. Le sac banane est disponible dans les couleurs noir, orange, vert fluo, bleu clair. Sangle amovible avec fermeture \u00e0 clic. Largeur de la ceinture : 3,5 cm. Le mat\u00e9riau en nylon est imperm\u00e9able et peut \u00eatre port\u00e9 m\u00eame par temps humide.<\/p>\n<p>Poids: Profondeur : 7 cm \/ largeur : 17 cm \/ hauteur : 11 cm<br \/>\nComposition: Nylon 600 D<br \/>\nPoids: 84 g<\/p>\n","protected":false},"excerpt":{"rendered":"<p>Ce sac robuste \u00e0 porter sur la hanche est petit, mais offre un grand espace de rangement. Avec son compartiment interne zipp\u00e9 additionnel et une petite poche ext\u00e9rieure zipp\u00e9e, le sac banane est id\u00e9al pour voyager, courir, sortir, etc. Le sac banane est disponible dans les couleurs noir, orange, vert fluo, bleu clair. Sangle amovible [&hellip;]<\/p>\n","protected":false},"featured_media":92165,"comment_status":"open","ping_status":"closed","template":"","meta":{"inline_featured_image":false},"product_brand":[],"product_cat":[1059,1818,1654,1815],"product_tag":[1777,1773,1765],"class_list":{"0":"post-24907","1":"product","2":"type-product","3":"status-publish","4":"has-post-thumbnail","6":"product_cat-sacs","7":"product_cat-sacs-a-bandouliere","8":"product_cat-sacs-banane-et-sacs-banane","9":"product_cat-sacs-de-transport-de-voyage","10":"product_tag-camping-voyage","11":"product_tag-chasse-peche","12":"product_tag-sport-outdoor-fr","14":"first","15":"instock","16":"taxable","17":"shipping-taxable","18":"purchasable","19":"product-type-simple"},"_links":{"self":[{"href":"https:\/\/metal-badge.ch\/fr\/wp-json\/wp\/v2\/product\/24907","targetHints":{"allow":["GET"]}}],"collection":[{"href":"https:\/\/metal-badge.ch\/fr\/wp-json\/wp\/v2\/product"}],"about":[{"href":"https:\/\/metal-badge.ch\/fr\/wp-json\/wp\/v2\/types\/product"}],"replies":[{"embeddable":true,"href":"https:\/\/metal-badge.ch\/fr\/wp-json\/wp\/v2\/comments?post=24907"}],"wp:featuredmedia":[{"embeddable":true,"href":"https:\/\/metal-badge.ch\/fr\/wp-json\/wp\/v2\/media\/92165"}],"wp:attachment":[{"href":"https:\/\/metal-badge.ch\/fr\/wp-json\/wp\/v2\/media?parent=24907"}],"wp:term":[{"taxonomy":"product_brand","embeddable":true,"href":"https:\/\/metal-badge.ch\/fr\/wp-json\/wp\/v2\/product_brand?post=24907"},{"taxonomy":"product_cat","embeddable":true,"href":"https:\/\/metal-badge.ch\/fr\/wp-json\/wp\/v2\/product_cat?post=24907"},{"taxonomy":"product_tag","embeddable":true,"href":"https:\/\/metal-badge.ch\/fr\/wp-json\/wp\/v2\/product_tag?post=24907"}],"curies":[{"name":"wp","href":"https:\/\/api.w.org\/{rel}","templated":true}]}}