{"id":24864,"date":"2014-03-10T19:20:21","date_gmt":"2014-03-10T19:20:21","guid":{"rendered":"https:\/\/shop.metal-badge.ch\/?product=sac-banane-pour-lexterieur"},"modified":"2020-09-29T16:33:27","modified_gmt":"2020-09-29T14:33:27","slug":"sac-banane-pour-lexterieur-2","status":"publish","type":"product","link":"https:\/\/metal-badge.ch\/fr\/product\/24864\/sac-banane-pour-lexterieur-2\/","title":{"rendered":"Sac banane pour l&rsquo;ext\u00e9rieur"},"content":{"rendered":"<p>Quand un sac \u00e0 dos serait de trop, mais qu&rsquo;un sac pour quelques provisions et une l\u00e9g\u00e8re veste s&rsquo;av\u00e8re n\u00e9cessaire, nous avons le sac banane parfait pour vous. Avec 8 litres de volume, notre sac \u00e0 porter sur la hanche offre suffisamment d&rsquo;espace de rangement. Gr\u00e2ce \u00e0 ses sangles de stabilisation et sa ceinture, le sac est facile \u00e0 serrer contre vous pour que son poids se trouve toujours proche du corps. Parfait pour l&rsquo;ext\u00e9rieur, pour courir, faire du v\u00e9lo, etc. La partie arri\u00e8re rembourr\u00e9e est compos\u00e9e de mousse l\u00e9g\u00e8re (\u00e0 alv\u00e9oles ouvertes). Le sac banane peut \u00eatre utilis\u00e9 en bandouli\u00e8re. Il suffit d&rsquo;accrocher la bandouli\u00e8re r\u00e9glable aux deux supports. La ceinture peut facilement \u00eatre repli\u00e9e dans la partie arri\u00e8re et rang\u00e9e dans la poche zipp\u00e9e sur le c\u00f4t\u00e9. Ainsi, vous obtiendrez un sac en bandouli\u00e8re qui comportera en plus une poign\u00e9e de support.<\/p>\n<p>Le sac compte une grande poche principale zipp\u00e9e ainsi qu&rsquo;une poche int\u00e9rieure zipp\u00e9e imperm\u00e9able. Deux poches \u00e9lastiques se trouvent \u00e0 gauche et \u00e0 droite \u00e0 l&rsquo;ext\u00e9rieur pour le t\u00e9l\u00e9phone portable, etc.<\/p>\n<p>Trois petits compartiments se trouvent dans la poche int\u00e9rieure zipp\u00e9e de 21 x16 cm, ainsi qu&rsquo;un quatri\u00e8me pour la monnaie, \u00e9galement zipp\u00e9, de 8 x 6 cm. \u00c0 l&rsquo;ext\u00e9rieur se trouve un \u00e9lastique permettant de fixer une veste, etc. qui comporte un bouton r\u00e9glable.<\/p>\n<p>Poids : profondeur du fond de la poche principale : 11 cm \/ hauteur : 19 cm \/ largeur : 25 cm<br \/>\nComposition : Nylon hyper performance solide et imperm\u00e9able \/ tissu Ripstop 210D<br \/>\nVolume : 8 litres<br \/>\nPoids : 310 g <br \/>\nCouleurs : vert <\/p>\n","protected":false},"excerpt":{"rendered":"<p>Quand un sac \u00e0 dos serait de trop, mais qu&rsquo;un sac pour quelques provisions et une l\u00e9g\u00e8re veste s&rsquo;av\u00e8re n\u00e9cessaire, nous avons le sac banane parfait pour vous. Avec 8 litres de volume, notre sac \u00e0 porter sur la hanche offre suffisamment d&rsquo;espace de rangement. Gr\u00e2ce \u00e0 ses sangles de stabilisation et sa ceinture, le [&hellip;]<\/p>\n","protected":false},"featured_media":24856,"comment_status":"open","ping_status":"closed","template":"","meta":{"inline_featured_image":false},"product_brand":[],"product_cat":[1347,1059,1818,1654,1815],"product_tag":[1769,1777,1773,1765],"class_list":{"0":"post-24864","1":"product","2":"type-product","3":"status-publish","4":"has-post-thumbnail","6":"product_cat-accessoires-militaires-de-chasse","7":"product_cat-sacs","8":"product_cat-sacs-a-bandouliere","9":"product_cat-sacs-banane-et-sacs-banane","10":"product_cat-sacs-de-transport-de-voyage","11":"product_tag-army-survival-fr","12":"product_tag-camping-voyage","13":"product_tag-chasse-peche","14":"product_tag-sport-outdoor-fr","16":"first","17":"instock","18":"taxable","19":"shipping-taxable","20":"purchasable","21":"product-type-simple"},"_links":{"self":[{"href":"https:\/\/metal-badge.ch\/fr\/wp-json\/wp\/v2\/product\/24864","targetHints":{"allow":["GET"]}}],"collection":[{"href":"https:\/\/metal-badge.ch\/fr\/wp-json\/wp\/v2\/product"}],"about":[{"href":"https:\/\/metal-badge.ch\/fr\/wp-json\/wp\/v2\/types\/product"}],"replies":[{"embeddable":true,"href":"https:\/\/metal-badge.ch\/fr\/wp-json\/wp\/v2\/comments?post=24864"}],"wp:featuredmedia":[{"embeddable":true,"href":"https:\/\/metal-badge.ch\/fr\/wp-json\/wp\/v2\/media\/24856"}],"wp:attachment":[{"href":"https:\/\/metal-badge.ch\/fr\/wp-json\/wp\/v2\/media?parent=24864"}],"wp:term":[{"taxonomy":"product_brand","embeddable":true,"href":"https:\/\/metal-badge.ch\/fr\/wp-json\/wp\/v2\/product_brand?post=24864"},{"taxonomy":"product_cat","embeddable":true,"href":"https:\/\/metal-badge.ch\/fr\/wp-json\/wp\/v2\/product_cat?post=24864"},{"taxonomy":"product_tag","embeddable":true,"href":"https:\/\/metal-badge.ch\/fr\/wp-json\/wp\/v2\/product_tag?post=24864"}],"curies":[{"name":"wp","href":"https:\/\/api.w.org\/{rel}","templated":true}]}}