{"id":24847,"date":"2014-02-27T21:05:27","date_gmt":"2014-02-27T21:05:27","guid":{"rendered":"https:\/\/shop.metal-badge.ch\/?product=badge-militaire-suisse-sans-etui"},"modified":"2020-12-03T05:04:00","modified_gmt":"2020-12-03T04:04:00","slug":"badge-militaire-suisse-sans-etui","status":"publish","type":"product","link":"https:\/\/metal-badge.ch\/fr\/product\/24847\/badge-militaire-suisse-sans-etui\/","title":{"rendered":"Badge militaire suisse (sans \u00e9tui)"},"content":{"rendered":"<p>Badge de l&rsquo;arm\u00e9e suisse sans \u00e9tui ou en bois. Au choix, argent ou or.<br \/>\nGrand badge : 82,5 mm x 55,5 mm \/ badge, poids avec la pince : 58 g<\/p>\n<p>Une grande gamme d&rsquo;\u00e9tuis en cuir est assortie aux badges. Cliquez sur <a style=\"font-size: 13px;font-weight: bold\" href=\"https:\/\/metal-badge.ch\/fr\/product-category\/metal-badge-fr\/etuis-en-cuir-sans-badge\/\">le lien<\/a> et commandez votre \u00e9tui personnel.<\/p>\n<p>Id\u00e9al \u00e0 offrir ou pour d\u00e9corer: vous trouverez <a style=\"font-size: 13px;font-weight: bold\" href=\"https:\/\/metal-badge.ch\/fr\/product-category\/metal-badge-fr\/bois-place-of-honour\/\">ici<\/a> nos \u00e9l\u00e9gantes variantes en bois et en acrylique \u00e0 poser ou suspendre.<\/p>\n<p>Cette jolie bo\u00eete cadeau en alu argent\u00e9 avec fen\u00eatre est comprise dans le prix.<\/p>\n","protected":false},"excerpt":{"rendered":"<p>Badge de l&rsquo;arm\u00e9e suisse sans \u00e9tui ou en bois. Au choix, argent ou or. Grand badge : 82,5 mm x 55,5 mm \/ badge, poids avec la pince : 58 g Une grande gamme d&rsquo;\u00e9tuis en cuir est assortie aux badges. Cliquez sur le lien et commandez votre \u00e9tui personnel. Id\u00e9al \u00e0 offrir ou pour [&hellip;]<\/p>\n","protected":false},"featured_media":24843,"comment_status":"open","ping_status":"closed","template":"","meta":{"inline_featured_image":false},"product_brand":[],"product_cat":[1111],"product_tag":[],"class_list":{"0":"post-24847","1":"product","2":"type-product","3":"status-publish","4":"has-post-thumbnail","6":"product_cat-armee-suisse","8":"first","9":"instock","10":"taxable","11":"shipping-taxable","12":"purchasable","13":"product-type-simple"},"_links":{"self":[{"href":"https:\/\/metal-badge.ch\/fr\/wp-json\/wp\/v2\/product\/24847","targetHints":{"allow":["GET"]}}],"collection":[{"href":"https:\/\/metal-badge.ch\/fr\/wp-json\/wp\/v2\/product"}],"about":[{"href":"https:\/\/metal-badge.ch\/fr\/wp-json\/wp\/v2\/types\/product"}],"replies":[{"embeddable":true,"href":"https:\/\/metal-badge.ch\/fr\/wp-json\/wp\/v2\/comments?post=24847"}],"wp:featuredmedia":[{"embeddable":true,"href":"https:\/\/metal-badge.ch\/fr\/wp-json\/wp\/v2\/media\/24843"}],"wp:attachment":[{"href":"https:\/\/metal-badge.ch\/fr\/wp-json\/wp\/v2\/media?parent=24847"}],"wp:term":[{"taxonomy":"product_brand","embeddable":true,"href":"https:\/\/metal-badge.ch\/fr\/wp-json\/wp\/v2\/product_brand?post=24847"},{"taxonomy":"product_cat","embeddable":true,"href":"https:\/\/metal-badge.ch\/fr\/wp-json\/wp\/v2\/product_cat?post=24847"},{"taxonomy":"product_tag","embeddable":true,"href":"https:\/\/metal-badge.ch\/fr\/wp-json\/wp\/v2\/product_tag?post=24847"}],"curies":[{"name":"wp","href":"https:\/\/api.w.org\/{rel}","templated":true}]}}