{"id":24667,"date":"2014-02-16T16:15:30","date_gmt":"2014-02-16T16:15:30","guid":{"rendered":"https:\/\/shop.metal-badge.ch\/?product=bois-noyer-a-suspendre-ipa-uk"},"modified":"2017-04-07T02:32:37","modified_gmt":"2017-04-07T02:32:37","slug":"bois-noyer-a-suspendre-ipa-uk","status":"publish","type":"product","link":"https:\/\/metal-badge.ch\/fr\/product\/24667\/bois-noyer-a-suspendre-ipa-uk\/","title":{"rendered":"Bois (Noyer)  \u00e0 suspendre IPA UK"},"content":{"rendered":"<p>Id\u00e9al comme cadeau ou comme distinction. 100% bois noyer suisse, \u00e0 suspendre.<\/p>\n","protected":false},"excerpt":{"rendered":"<p>Id\u00e9al comme cadeau ou comme distinction. 100% bois noyer suisse, \u00e0 suspendre.<\/p>\n","protected":false},"featured_media":92175,"comment_status":"open","ping_status":"closed","template":"","meta":{"inline_featured_image":false},"product_brand":[],"product_cat":[1107],"product_tag":[],"class_list":{"0":"post-24667","1":"product","2":"type-product","3":"status-publish","4":"has-post-thumbnail","6":"product_cat-royaume-uni","8":"first","9":"instock","10":"taxable","11":"shipping-taxable","12":"purchasable","13":"product-type-simple"},"_links":{"self":[{"href":"https:\/\/metal-badge.ch\/fr\/wp-json\/wp\/v2\/product\/24667","targetHints":{"allow":["GET"]}}],"collection":[{"href":"https:\/\/metal-badge.ch\/fr\/wp-json\/wp\/v2\/product"}],"about":[{"href":"https:\/\/metal-badge.ch\/fr\/wp-json\/wp\/v2\/types\/product"}],"replies":[{"embeddable":true,"href":"https:\/\/metal-badge.ch\/fr\/wp-json\/wp\/v2\/comments?post=24667"}],"wp:featuredmedia":[{"embeddable":true,"href":"https:\/\/metal-badge.ch\/fr\/wp-json\/wp\/v2\/media\/92175"}],"wp:attachment":[{"href":"https:\/\/metal-badge.ch\/fr\/wp-json\/wp\/v2\/media?parent=24667"}],"wp:term":[{"taxonomy":"product_brand","embeddable":true,"href":"https:\/\/metal-badge.ch\/fr\/wp-json\/wp\/v2\/product_brand?post=24667"},{"taxonomy":"product_cat","embeddable":true,"href":"https:\/\/metal-badge.ch\/fr\/wp-json\/wp\/v2\/product_cat?post=24667"},{"taxonomy":"product_tag","embeddable":true,"href":"https:\/\/metal-badge.ch\/fr\/wp-json\/wp\/v2\/product_tag?post=24667"}],"curies":[{"name":"wp","href":"https:\/\/api.w.org\/{rel}","templated":true}]}}