{"id":24645,"date":"2013-12-07T15:33:01","date_gmt":"2013-12-07T15:33:01","guid":{"rendered":"https:\/\/shop.metal-badge.ch\/?product=veste-tactique-security-police"},"modified":"2024-08-03T00:01:48","modified_gmt":"2024-08-02T22:01:48","slug":"veste-tactique-jaune-fluo-2","status":"publish","type":"product","link":"https:\/\/metal-badge.ch\/fr\/product\/24645\/veste-tactique-jaune-fluo-2\/","title":{"rendered":"Veste tactique &#8211; jaune fluo"},"content":{"rendered":"<p>Veste tactique jaune en maille polyester robuste 425 GSM, mat\u00e9riau basique en nylon 300 deniers avec un rev\u00eatement en PU hydrophobe. La veste de signalisation comporte deux bandes r\u00e9fl\u00e9chissantes \u00e0 la ceinture et deux bandes verticales. La veste est disponible en diff\u00e9rentes tailles et se ferme \u00e0 l&rsquo;avant avec une fermeture \u00e9clair. \u00c0 l&rsquo;arri\u00e8re, un grand emplacement est pr\u00e9vu pour pouvoir ajouter et retirer facilement l&rsquo;inscription plastifi\u00e9e et r\u00e9fl\u00e9chissante <strong>SECURITY \/ POLICE<\/strong>. Les mesures du panneau de l&rsquo;inscription sont de 24 cm x 11 cm.<\/p>\n<p>\u00c0 l&rsquo;avant, sur le c\u00f4t\u00e9 gauche de la poitrine, se trouve un emplacement avec l&rsquo;inscription r\u00e9fl\u00e9chissante <strong>SECURITY \/ POLICE<\/strong> qui mesure 12,5 x 5 cm.<br \/>\nDeux poches externes sont pr\u00e9sentes en dessous. La plus petite poche externe est pr\u00e9vue pour une radio avec une boucle r\u00e9glable individuellement, un rabat de fermeture et un bouton-pression. M\u00eame une radio de grande taille pourra s&rsquo;adapter parfaitement gr\u00e2ce \u00e0 la boucle.<br \/>\nLes poches sont plastifi\u00e9es \u00e0 l&rsquo;int\u00e9rieur. Les plus grandes poches disposent d&rsquo;une fen\u00eatre transparente pour y mettre un identifiant ou une autorisation et un emplacement pour le nom.<\/p>\n<p>Deux porte-stylos \u00e9lastiques se trouvent \u00e9galement du c\u00f4t\u00e9 externe ; la veste compte aussi deux grandes poches \u00e0 fermeture sur le c\u00f4t\u00e9, pour les armes par exemple. Les mesures de ces poches \u00e0 droite et \u00e0 gauche sont de 23 cm de haut pour 22 cm de large.<\/p>\n<p>\u00c0 l&rsquo;avant \u00e0 droite : poche ext\u00e9rieure avec deux boutons pressions rempla\u00e7ables individuellement, capitonn\u00e9e de l&rsquo;int\u00e9rieur pour un t\u00e9l\u00e9phone portable. Porte-cl\u00e9s suppl\u00e9mentaire \u00e0 l&rsquo;ext\u00e9rieur. Sur le m\u00eame c\u00f4t\u00e9 se trouve une poche double pour menottes avec une fermeture \u00e9clair, et une autre poche se trouve \u00e0 l&rsquo;arri\u00e8re avec des boutons pression. La veste peut \u00eatre ouverte \u00e0 l&rsquo;arri\u00e8re par une fermeture \u00e9clair et donc s&rsquo;adapter encore mieux au porteur.<\/p>\n<ul>\n<li>Mat\u00e9riau : maille polyester robuste 425 GSM, mat\u00e9riau basique comme le nylon \u00e0 300 deniers avec un rev\u00eatement en PU hydrophobe<\/li>\n<li>Couleur : jaune fluo<\/li>\n<li>Inscriptions : emplacement \u00e9changeable<\/li>\n<li>Taille de la poche externe \u00e0 fen\u00eatre transparente : 20,5 cm de haut pour 12,5 cm de large<\/li>\n<li>Taille : S, M, L, XL, 2XL<\/li>\n<li>Poids : 950 g<\/li>\n<li>Poche pour pistolet, lampe de poche, radio ou divers objets de petite taille<\/li>\n<li>Certifi\u00e9 selon EN 471, classe 2<\/li>\n<\/ul>\n<p><strong>Impression propre disponible sur demande \u00e0 partir de 40 pi\u00e8ces command\u00e9es.<\/strong><br \/>\n<strong>Prix r\u00e9duit pour des commandes de plus de 40 pi\u00e8ces : contactez-nous.<\/strong><\/p>\n","protected":false},"excerpt":{"rendered":"<p>Veste tactique jaune en maille polyester robuste 425 GSM, mat\u00e9riau basique en nylon 300 deniers avec un rev\u00eatement en PU hydrophobe : la veste avec beaucoup d&rsquo;avantages. La veste de signalisation comporte deux bandes r\u00e9fl\u00e9chissantes \u00e0 la ceinture et deux bandes verticales. La veste est disponible en diff\u00e9rentes tailles et se ferme \u00e0 l&rsquo;avant avec une fermeture \u00e9clair. \u00c0 l&rsquo;arri\u00e8re, un grand emplacement est pr\u00e9vu pour pouvoir ajouter et retirer facilement l&rsquo;inscription plastifi\u00e9e et r\u00e9fl\u00e9chissante <strong>SECURITY \/ POLICE<\/strong>. Les mesures du panneau de l&rsquo;inscription sont de 24 cm x 11 cm.<\/p>\n","protected":false},"featured_media":24637,"comment_status":"open","ping_status":"closed","template":"","meta":{"inline_featured_image":false},"product_brand":[],"product_cat":[2215,1103,1606],"product_tag":[1765],"class_list":{"0":"post-24645","1":"product","2":"type-product","3":"status-publish","4":"has-post-thumbnail","6":"product_cat-vestes_tactiques","7":"product_cat-vetements","8":"product_cat-vetements-haute-visibilite-et-lumineux","9":"product_tag-sport-outdoor-fr","11":"first","12":"instock","13":"taxable","14":"shipping-taxable","15":"purchasable","16":"product-type-simple"},"_links":{"self":[{"href":"https:\/\/metal-badge.ch\/fr\/wp-json\/wp\/v2\/product\/24645","targetHints":{"allow":["GET"]}}],"collection":[{"href":"https:\/\/metal-badge.ch\/fr\/wp-json\/wp\/v2\/product"}],"about":[{"href":"https:\/\/metal-badge.ch\/fr\/wp-json\/wp\/v2\/types\/product"}],"replies":[{"embeddable":true,"href":"https:\/\/metal-badge.ch\/fr\/wp-json\/wp\/v2\/comments?post=24645"}],"wp:featuredmedia":[{"embeddable":true,"href":"https:\/\/metal-badge.ch\/fr\/wp-json\/wp\/v2\/media\/24637"}],"wp:attachment":[{"href":"https:\/\/metal-badge.ch\/fr\/wp-json\/wp\/v2\/media?parent=24645"}],"wp:term":[{"taxonomy":"product_brand","embeddable":true,"href":"https:\/\/metal-badge.ch\/fr\/wp-json\/wp\/v2\/product_brand?post=24645"},{"taxonomy":"product_cat","embeddable":true,"href":"https:\/\/metal-badge.ch\/fr\/wp-json\/wp\/v2\/product_cat?post=24645"},{"taxonomy":"product_tag","embeddable":true,"href":"https:\/\/metal-badge.ch\/fr\/wp-json\/wp\/v2\/product_tag?post=24645"}],"curies":[{"name":"wp","href":"https:\/\/api.w.org\/{rel}","templated":true}]}}