{"id":24634,"date":"2013-12-03T00:11:21","date_gmt":"2013-12-03T00:11:21","guid":{"rendered":"https:\/\/shop.metal-badge.ch\/?product=veste-tactique-security-et-police"},"modified":"2024-08-03T00:41:14","modified_gmt":"2024-08-02T22:41:14","slug":"veste-tactique-security-et-police-2","status":"publish","type":"product","link":"https:\/\/metal-badge.ch\/fr\/product\/24634\/veste-tactique-security-et-police-2\/","title":{"rendered":"Veste tactique \u00ab\u00a0SECURITY\u00a0\u00bb et \u00ab\u00a0POLICE\u00a0\u00bb"},"content":{"rendered":"<p>Veste tactique noire en maille polyester robuste 425 GSM, mat\u00e9riau basique en nylon 1000 deniers avec un rev\u00eatement en PU hydrophobe : la veste avec beaucoup d&rsquo;avantages. La veste est disponible en diff\u00e9rentes tailles et se ferme \u00e0 l&rsquo;avant avec une fermeture \u00e9clair. \u00c0 l&rsquo;arri\u00e8re, un grand emplacement est pr\u00e9vu pour pouvoir ajouter et retirer facilement l&rsquo;inscription plastifi\u00e9e et r\u00e9fl\u00e9chissante <strong>SECURITY \/ POLICE<\/strong>. Les mesures du panneau de l&rsquo;inscription sont de 24 cm x 11 cm.<\/p>\n<p>\u00c0 l&rsquo;avant, sur le c\u00f4t\u00e9 gauche de la poitrine, se trouve un emplacement avec l&rsquo;inscription r\u00e9fl\u00e9chissante <strong>SECURITY \/ POLICE<\/strong> qui mesure 12,5 x 5 cm. Deux poches externes sont pr\u00e9sentes en dessous. La plus petite poche externe est pr\u00e9vue pour une radio avec une boucle r\u00e9glable individuellement, un rabat de fermeture et un bouton-pression. M\u00eame une radio de grande taille pourra s&rsquo;adapter parfaitement gr\u00e2ce \u00e0 la boucle.<\/p>\n<p>Les poches sont plastifi\u00e9es \u00e0 l&rsquo;int\u00e9rieur. Les plus grandes poches disposent d&rsquo;une fen\u00eatre transparente pour y mettre une autorisation et un emplacement pour le nom. Il y a \u00e9galement \u00e0 l&rsquo;ext\u00e9rieur deux porte-stylos \u00e9lastiques et un porte-cl\u00e9. La veste compte aussi deux grandes poches \u00e0 fermeture sur le c\u00f4t\u00e9, pour les armes par exemple. Les mesures de ces poches \u00e0 droite et \u00e0 gauche sont de 23 cm de haut pour 22 cm de large. En haut \u00e0 droite, \u00e0 l&rsquo;avant, on pourra trouver deux petites poches ext\u00e9rieures ferm\u00e9es par boutons pression pour y mettre un spray au poivre, un magasine, etc.<\/p>\n<p>\u00c0 bas \u00e0 droite, \u00e0 l&rsquo;avant : poche ext\u00e9rieure avec deux boutons pressions rempla\u00e7ables individuellement, capitonn\u00e9e de l&rsquo;int\u00e9rieur pour un t\u00e9l\u00e9phone portable. Porte-cl\u00e9s suppl\u00e9mentaire \u00e0 l&rsquo;ext\u00e9rieur. Sur le m\u00eame c\u00f4t\u00e9 se trouve une poche double pour menottes avec une fermeture \u00e9clair, et une autre poche se trouve \u00e0 l&rsquo;arri\u00e8re avec des boutons pression.<\/p>\n<p>La veste s&rsquo;ajuste \u00e0 la ceinture s&rsquo;ajuste avec quatre cordons en nylons : deux \u00e0 l&rsquo;avant et deux \u00e0 l&rsquo;arri\u00e8re. Ceux-ci peuvent \u00eatre remplac\u00e9s par une fermeture \u00e9clair \u00e0 la taille qui correspond. La veste peut \u00eatre ouverte \u00e0 l&rsquo;arri\u00e8re et au niveau des \u00e9paules par une fermeture \u00e9clair et donc s&rsquo;adapter encore mieux au porteur.<\/p>\n<ul>\n<li>Mat\u00e9riau : maille polyester robuste 425 GSM, mat\u00e9riau basique comme le nylon \u00e0 1000 deniers avec un rev\u00eatement en PU hydrophobe<\/li>\n<li>Couleur noire<\/li>\n<li>Inscriptions : emplacement \u00e9changeable<\/li>\n<li>Taille de la poche externe \u00e0 fen\u00eatre transparente : 20,5<\/li>\n<li>cm de haut pour 12,5 cm de large<\/li>\n<li>Taille : S, M, L, XL, 2XL<\/li>\n<li>Poids : 1190 g<\/li>\n<li>Poche pour pistolet, lampe de poche, radio ou divers objets de petite taille<br \/>\nCordons en nylon pour ajuster \u00e0 la ceinture Article num\u00e9ro<\/li>\n<\/ul>\n<p><strong>Impression propre disponible sur demande \u00e0 partir de 40 pi\u00e8ces command\u00e9es. Prix r\u00e9duit pour des commandes de plus de 40 pi\u00e8ces : contactez-nous.<\/strong><\/p>\n","protected":false},"excerpt":{"rendered":"<p>Veste tactique noire en maille polyester robuste 425 GSM, mat\u00e9riau basique en nylon 1000 deniers avec un rev\u00eatement en PU hydrophobe : la veste avec beaucoup d&rsquo;avantages. La veste est disponible en diff\u00e9rentes tailles et se ferme \u00e0 l&rsquo;avant avec une fermeture \u00e9clair. \u00c0 l&rsquo;arri\u00e8re, un grand emplacement est pr\u00e9vu pour pouvoir ajouter et retirer facilement l&rsquo;inscription plastifi\u00e9e et r\u00e9fl\u00e9chissante <strong>SECURITY \/ POLICE<\/strong>. Les mesures du panneau de l&rsquo;inscription sont de 24 cm x 11 cm.<\/p>\n","protected":false},"featured_media":24626,"comment_status":"open","ping_status":"closed","template":"","meta":{"inline_featured_image":false},"product_brand":[],"product_cat":[2215,1103,1606],"product_tag":[1765],"class_list":{"0":"post-24634","1":"product","2":"type-product","3":"status-publish","4":"has-post-thumbnail","6":"product_cat-vestes_tactiques","7":"product_cat-vetements","8":"product_cat-vetements-haute-visibilite-et-lumineux","9":"product_tag-sport-outdoor-fr","11":"first","12":"instock","13":"taxable","14":"shipping-taxable","15":"purchasable","16":"product-type-simple"},"_links":{"self":[{"href":"https:\/\/metal-badge.ch\/fr\/wp-json\/wp\/v2\/product\/24634","targetHints":{"allow":["GET"]}}],"collection":[{"href":"https:\/\/metal-badge.ch\/fr\/wp-json\/wp\/v2\/product"}],"about":[{"href":"https:\/\/metal-badge.ch\/fr\/wp-json\/wp\/v2\/types\/product"}],"replies":[{"embeddable":true,"href":"https:\/\/metal-badge.ch\/fr\/wp-json\/wp\/v2\/comments?post=24634"}],"wp:featuredmedia":[{"embeddable":true,"href":"https:\/\/metal-badge.ch\/fr\/wp-json\/wp\/v2\/media\/24626"}],"wp:attachment":[{"href":"https:\/\/metal-badge.ch\/fr\/wp-json\/wp\/v2\/media?parent=24634"}],"wp:term":[{"taxonomy":"product_brand","embeddable":true,"href":"https:\/\/metal-badge.ch\/fr\/wp-json\/wp\/v2\/product_brand?post=24634"},{"taxonomy":"product_cat","embeddable":true,"href":"https:\/\/metal-badge.ch\/fr\/wp-json\/wp\/v2\/product_cat?post=24634"},{"taxonomy":"product_tag","embeddable":true,"href":"https:\/\/metal-badge.ch\/fr\/wp-json\/wp\/v2\/product_tag?post=24634"}],"curies":[{"name":"wp","href":"https:\/\/api.w.org\/{rel}","templated":true}]}}