{"id":24623,"date":"2013-12-02T23:28:24","date_gmt":"2013-12-02T22:28:24","guid":{"rendered":"https:\/\/shop.metal-badge.ch\/?product=veste-soft-shell-jaune-fluo-police"},"modified":"2025-10-14T19:27:07","modified_gmt":"2025-10-14T17:27:07","slug":"veste-soft-shell-jaune-fluo-police","status":"publish","type":"product","link":"https:\/\/metal-badge.ch\/fr\/product\/24623\/veste-soft-shell-jaune-fluo-police\/","title":{"rendered":"Veste Soft Shell jaune fluo \u00ab\u00a0POLICE\u00a0\u00bb"},"content":{"rendered":"<p>Cette veste Soft Shell est \u00e9quip\u00e9 de bandes r\u00e9fl\u00e9chissantes de s\u00e9curit\u00e9 autour du corps, aux bras et aux \u00e9paules, ainsi que sur les c\u00f4t\u00e9s.<br \/>\nInscription <b>POLICE<\/b><\/p>\n<p>Mesure de la face avant : 12,7 cm x 5 cm<br \/>\nMesure de la face arri\u00e8re : 24 cm x 11 cm<\/p>\n<p><strong>Sp\u00e9cification \/ mat\u00e9riau:<\/strong><\/p>\n<ul>\n<li>100% polyester avec une excellente isolation contre le froid gr\u00e2ce au rembourrage en microfibres de 4 couches thermoactif.<\/li>\n<li><span style=\"font-weight: 400;\">Le gilet est facile \u00e0 nettoyer et \u00e0 laver et est conforme \u00e0 la derni\u00e8re norme ISO EN 20471.<\/span><\/li>\n<li>Coupe-vent et \u00e9tanche<\/li>\n<li>Cordon ajustable \u00e0 la ceinture<\/li>\n<li>Col montant<\/li>\n<li>Thermoactif<\/li>\n<li>Meilleur confort de port<\/li>\n<li>3 poches avec beaucoup d&rsquo;espace de rangement et \u00e0 fermeture \u00e9clair<\/li>\n<li>Rembourrage : 100% polyester<\/li>\n<li>Certifi\u00e9 classe EN 471, EN 14058 (v\u00eatements de signalisation)<\/li>\n<li>Poids du mat\u00e9riau : 245 GSM<\/li>\n<li>Partie int\u00e9rieure en microfibres avec du<\/li>\n<li>TPU enduit thermoactif<\/li>\n<li>Tailles : S, M, L, XL<\/li>\n<\/ul>\n<p>Prix r\u00e9duit pour des commandes de plus de 50 pi\u00e8ces. Inscription sur demande \u00c9galement disponible en orange et dans d&rsquo;autres couleurs. Nous pouvons \u00e9galement adapter la veste \u00e0 vos souhaits en r\u00e9alisant diverses modifications.<br \/>\nContactez-nous.<\/p>\n<p>Sur demande, nous vous proposons des conseils comp\u00e9tents concernant des uniformes complets et un large choix d&rsquo;accessoires<\/p>\n","protected":false},"excerpt":{"rendered":"<p>Cette veste Soft Shell est \u00e9quip\u00e9 de bandes r\u00e9fl\u00e9chissantes de s\u00e9curit\u00e9 autour du corps, aux bras et aux \u00e9paules, ainsi que sur les c\u00f4t\u00e9s.<br \/>\nInscription <b>POLICE<\/b><\/p>\n<p><span style=\"font-weight: 400;\">Le gilet est facile \u00e0 nettoyer et \u00e0 laver et est conforme \u00e0 la derni\u00e8re norme ISO EN 20471.<\/span><\/p>\n","protected":false},"featured_media":92181,"comment_status":"open","ping_status":"closed","template":"","meta":{"inline_featured_image":false},"product_brand":[],"product_cat":[1103,1602,1606],"product_tag":[1765],"class_list":{"0":"post-24623","1":"product","2":"type-product","3":"status-publish","4":"has-post-thumbnail","6":"product_cat-vetements","7":"product_cat-vestes-en-softshell-pantalons-et-vetements-haute-visibilite","8":"product_cat-vetements-haute-visibilite-et-lumineux","9":"product_tag-sport-outdoor-fr","11":"first","12":"instock","13":"taxable","14":"shipping-taxable","15":"purchasable","16":"product-type-simple"},"_links":{"self":[{"href":"https:\/\/metal-badge.ch\/fr\/wp-json\/wp\/v2\/product\/24623","targetHints":{"allow":["GET"]}}],"collection":[{"href":"https:\/\/metal-badge.ch\/fr\/wp-json\/wp\/v2\/product"}],"about":[{"href":"https:\/\/metal-badge.ch\/fr\/wp-json\/wp\/v2\/types\/product"}],"replies":[{"embeddable":true,"href":"https:\/\/metal-badge.ch\/fr\/wp-json\/wp\/v2\/comments?post=24623"}],"wp:featuredmedia":[{"embeddable":true,"href":"https:\/\/metal-badge.ch\/fr\/wp-json\/wp\/v2\/media\/92181"}],"wp:attachment":[{"href":"https:\/\/metal-badge.ch\/fr\/wp-json\/wp\/v2\/media?parent=24623"}],"wp:term":[{"taxonomy":"product_brand","embeddable":true,"href":"https:\/\/metal-badge.ch\/fr\/wp-json\/wp\/v2\/product_brand?post=24623"},{"taxonomy":"product_cat","embeddable":true,"href":"https:\/\/metal-badge.ch\/fr\/wp-json\/wp\/v2\/product_cat?post=24623"},{"taxonomy":"product_tag","embeddable":true,"href":"https:\/\/metal-badge.ch\/fr\/wp-json\/wp\/v2\/product_tag?post=24623"}],"curies":[{"name":"wp","href":"https:\/\/api.w.org\/{rel}","templated":true}]}}