{"id":24606,"date":"2013-12-01T21:44:57","date_gmt":"2013-12-01T21:44:57","guid":{"rendered":"https:\/\/shop.metal-badge.ch\/?product=veste-lumineuse-ou-de-signalement-security"},"modified":"2023-04-01T13:21:44","modified_gmt":"2023-04-01T11:21:44","slug":"veste-lumineuse-ou-de-signalement-security","status":"publish","type":"product","link":"https:\/\/metal-badge.ch\/fr\/product\/24606\/veste-lumineuse-ou-de-signalement-security\/","title":{"rendered":"Veste lumineuse ou de signalement \u00ab\u00a0SECURITY\u00a0\u00bb"},"content":{"rendered":"<p>Avec nos vestes, vous serez toujours visible. Qualit\u00e9 sup\u00e9rieure \u00e0 bon prix.<br \/>\nVeste de signalisation avec une fermeture \u00e9clair \u00e0 l&rsquo;avant. En polyester 120 GSM. La veste avec l&rsquo;inscription \u00ab S\u00c9CURIT\u00c9 \u00bb est, \u00e0 l&rsquo;avant comme \u00e0 l&rsquo;arri\u00e8re avec une fermeture scratch et peut donc \u00eatre retir\u00e9e ou remplac\u00e9e par une autre inscription. L&rsquo;inscription S\u00c9CURIT\u00c9 est r\u00e9fl\u00e9chissante bleue \/ blanche. La veste de signalisation comporte deux bandes r\u00e9fl\u00e9chissantes \u00e0 la ceinture et deux bandes verticales. Deux grandes poches \u00e0 scratch se trouvent \u00e0 l&rsquo;avant. En plus, une fen\u00eatre transparente se trouve \u00e0 gauche au niveau de la poitrine et poche pour mettre une lampe de poche se trouve \u00e0 droite de la poitrine. Deux poches pour stylos et un porte-cl\u00e9s compl\u00e8tent cette veste de signalement fonctionnelle. Ces vestes peuvent \u00eatre lav\u00e9es.<\/p>\n<p>Couleur jaune brillant \/ citron<br \/>\nTaille : S, M, L, XL<br \/>\nMat\u00e9riau : 100 % polyester 120 GSM<br \/>\nCertifi\u00e9 selon EN 471, classe 2<\/p>\n<p>Impression propre disponible sur demande \u00e0 partir de 50 pi\u00e8ces command\u00e9es.<br \/>\nSur demande et \u00e0 partir de 50 pi\u00e8ces, disponible \u00e9galement en orange.<br \/>\nPrix r\u00e9duit pour des commandes de plus de 100 pi\u00e8ces : contactez-nous.<\/p>\n","protected":false},"excerpt":{"rendered":"<p>Avec nos vestes, vous serez toujours visible. Qualit\u00e9 sup\u00e9rieure \u00e0 bon prix. Veste de signalisation avec une fermeture \u00e9clair \u00e0 l&rsquo;avant. En polyester 120 GSM. La veste avec l&rsquo;inscription \u00ab S\u00c9CURIT\u00c9 \u00bb est, \u00e0 l&rsquo;avant comme \u00e0 l&rsquo;arri\u00e8re avec une fermeture scratch et peut donc \u00eatre retir\u00e9e ou remplac\u00e9e par une autre inscription. L&rsquo;inscription S\u00c9CURIT\u00c9 [&hellip;]<\/p>\n","protected":false},"featured_media":24603,"comment_status":"open","ping_status":"closed","template":"","meta":{"inline_featured_image":false},"product_brand":[],"product_cat":[2215,1103,1606],"product_tag":[1765],"class_list":{"0":"post-24606","1":"product","2":"type-product","3":"status-publish","4":"has-post-thumbnail","6":"product_cat-vestes_tactiques","7":"product_cat-vetements","8":"product_cat-vetements-haute-visibilite-et-lumineux","9":"product_tag-sport-outdoor-fr","11":"first","12":"instock","13":"taxable","14":"shipping-taxable","15":"purchasable","16":"product-type-simple"},"_links":{"self":[{"href":"https:\/\/metal-badge.ch\/fr\/wp-json\/wp\/v2\/product\/24606","targetHints":{"allow":["GET"]}}],"collection":[{"href":"https:\/\/metal-badge.ch\/fr\/wp-json\/wp\/v2\/product"}],"about":[{"href":"https:\/\/metal-badge.ch\/fr\/wp-json\/wp\/v2\/types\/product"}],"replies":[{"embeddable":true,"href":"https:\/\/metal-badge.ch\/fr\/wp-json\/wp\/v2\/comments?post=24606"}],"wp:featuredmedia":[{"embeddable":true,"href":"https:\/\/metal-badge.ch\/fr\/wp-json\/wp\/v2\/media\/24603"}],"wp:attachment":[{"href":"https:\/\/metal-badge.ch\/fr\/wp-json\/wp\/v2\/media?parent=24606"}],"wp:term":[{"taxonomy":"product_brand","embeddable":true,"href":"https:\/\/metal-badge.ch\/fr\/wp-json\/wp\/v2\/product_brand?post=24606"},{"taxonomy":"product_cat","embeddable":true,"href":"https:\/\/metal-badge.ch\/fr\/wp-json\/wp\/v2\/product_cat?post=24606"},{"taxonomy":"product_tag","embeddable":true,"href":"https:\/\/metal-badge.ch\/fr\/wp-json\/wp\/v2\/product_tag?post=24606"}],"curies":[{"name":"wp","href":"https:\/\/api.w.org\/{rel}","templated":true}]}}