{"id":24583,"date":"2013-12-01T21:14:18","date_gmt":"2013-12-01T21:14:18","guid":{"rendered":"https:\/\/shop.metal-badge.ch\/?product=veste-lumineuse-ou-de-signalement-police"},"modified":"2023-04-01T13:24:52","modified_gmt":"2023-04-01T11:24:52","slug":"veste-lumineuse-ou-de-signalement-police-2","status":"publish","type":"product","link":"https:\/\/metal-badge.ch\/fr\/product\/24583\/veste-lumineuse-ou-de-signalement-police-2\/","title":{"rendered":"Veste lumineuse ou de signalement \u00ab\u00a0POLICE\u00a0\u00bb"},"content":{"rendered":"<p>Avec nos vestes, vous serez toujours visible. Qualit\u00e9 sup\u00e9rieure \u00e0 bon prix. Veste de signalisation l\u00e9g\u00e8re avec une fermeture \u00e9clair \u00e0 l&rsquo;avant. Grande surface \u00e0 l&rsquo;arri\u00e8re avec le mot POLICE r\u00e9fl\u00e9chissant. Surface \u00e0 l&rsquo;avant avec le mot POLICE.<br \/>\nDeux bandes r\u00e9fl\u00e9chissantes au niveau de la ceinture.<br \/>\nCes vestes peuvent \u00eatre lav\u00e9es.<\/p>\n<p>Couleur jaune brillant \/ citron<br \/>\nTaille : M, L, XL<br \/>\nMat\u00e9riau : 100 % polyester<br \/>\nCertifi\u00e9 selon EN 471, classe 2<\/p>\n<p>Impression propre disponible sur demande \u00e0 partir de 50 pi\u00e8ces command\u00e9es.<br \/>\nSur demande et \u00e0 partir de 50 pi\u00e8ces, disponible \u00e9galement en orange.<br \/>\nPrix r\u00e9duit pour des commandes de plus de 100 pi\u00e8ces : contactez-nous.<\/p>\n","protected":false},"excerpt":{"rendered":"<p>Avec nos vestes, vous serez toujours visible. Qualit\u00e9 sup\u00e9rieure \u00e0 bon prix. Veste de signalisation l\u00e9g\u00e8re avec une fermeture \u00e9clair \u00e0 l&rsquo;avant. Grande surface \u00e0 l&rsquo;arri\u00e8re avec le mot POLICE r\u00e9fl\u00e9chissant. Surface \u00e0 l&rsquo;avant avec le mot POLICE. Deux bandes r\u00e9fl\u00e9chissantes au niveau de la ceinture. Ces vestes peuvent \u00eatre lav\u00e9es. Couleur jaune brillant \/ [&hellip;]<\/p>\n","protected":false},"featured_media":24580,"comment_status":"open","ping_status":"closed","template":"","meta":{"inline_featured_image":false},"product_brand":[],"product_cat":[2215,1103,1606],"product_tag":[1765],"class_list":{"0":"post-24583","1":"product","2":"type-product","3":"status-publish","4":"has-post-thumbnail","6":"product_cat-vestes_tactiques","7":"product_cat-vetements","8":"product_cat-vetements-haute-visibilite-et-lumineux","9":"product_tag-sport-outdoor-fr","11":"first","12":"instock","13":"taxable","14":"shipping-taxable","15":"purchasable","16":"product-type-simple"},"_links":{"self":[{"href":"https:\/\/metal-badge.ch\/fr\/wp-json\/wp\/v2\/product\/24583","targetHints":{"allow":["GET"]}}],"collection":[{"href":"https:\/\/metal-badge.ch\/fr\/wp-json\/wp\/v2\/product"}],"about":[{"href":"https:\/\/metal-badge.ch\/fr\/wp-json\/wp\/v2\/types\/product"}],"replies":[{"embeddable":true,"href":"https:\/\/metal-badge.ch\/fr\/wp-json\/wp\/v2\/comments?post=24583"}],"wp:featuredmedia":[{"embeddable":true,"href":"https:\/\/metal-badge.ch\/fr\/wp-json\/wp\/v2\/media\/24580"}],"wp:attachment":[{"href":"https:\/\/metal-badge.ch\/fr\/wp-json\/wp\/v2\/media?parent=24583"}],"wp:term":[{"taxonomy":"product_brand","embeddable":true,"href":"https:\/\/metal-badge.ch\/fr\/wp-json\/wp\/v2\/product_brand?post=24583"},{"taxonomy":"product_cat","embeddable":true,"href":"https:\/\/metal-badge.ch\/fr\/wp-json\/wp\/v2\/product_cat?post=24583"},{"taxonomy":"product_tag","embeddable":true,"href":"https:\/\/metal-badge.ch\/fr\/wp-json\/wp\/v2\/product_tag?post=24583"}],"curies":[{"name":"wp","href":"https:\/\/api.w.org\/{rel}","templated":true}]}}