{"id":24577,"date":"2013-12-01T20:46:05","date_gmt":"2013-12-01T20:46:05","guid":{"rendered":"https:\/\/shop.metal-badge.ch\/?product=veste-reflechissante-veste-de-securite-pour-motards-ou-cyclistes"},"modified":"2023-04-01T13:16:57","modified_gmt":"2023-04-01T11:16:57","slug":"veste-reflechissante-veste-de-securite-pour-motards-ou-cyclistes","status":"publish","type":"product","link":"https:\/\/metal-badge.ch\/fr\/product\/24577\/veste-reflechissante-veste-de-securite-pour-motards-ou-cyclistes\/","title":{"rendered":"Veste r\u00e9fl\u00e9chissante, veste de s\u00e9curit\u00e9 pour motards ou cyclistes"},"content":{"rendered":"<p>Cette veste de moto 100 % polyester est un m\u00e9lange parfait de s\u00e9curit\u00e9 et de style ! La veste de moto est munie de plusieurs bandes r\u00e9fl\u00e9chissantes afin<br \/>\nd&rsquo;amoindrir le risque de ne pas \u00eatre vu en deux roues. La veste pour motard est cependant super en ce qui concerne la coupe et la conception. Cette veste<br \/>\nest dispose d&rsquo;\u00e9lastiques sur les c\u00f4t\u00e9s r\u00e9glables individuellement et est munie d&rsquo;une fermeture \u00e9clair \u00e0 l&rsquo;avant.<\/p>\n<p>Tissu \u00e9lastique laissant respirer mais 100 % imperm\u00e9able La doublure interne est en maillage laissant respirer. Cette veste de s\u00e9curit\u00e9 comprend une poche<br \/>\nint\u00e9rieure avec une fermeture \u00e9clair. \u00c0 l&rsquo;ext\u00e9rieur, au niveau de la poitrine, on trouve un porte carte avec une fen\u00eatre en plastique. Sur la partie droite<br \/>\next\u00e9rieure se trouve une poche avec un rabat et une fermeture scratch. Une grande poche de 25 x 20 cm se trouve \u00e0 l&rsquo;arri\u00e8re : cette veste dispose donc d&rsquo;un<br \/>\nespace de rangement id\u00e9al. Cette veste est livr\u00e9e de couleur jaune brillant \/ noir.<\/p>\n<p>Elle peut \u00eatre lav\u00e9e sans aucun probl\u00e8me.<\/p>\n<p>Couleur jaune brillant \/ noir<\/p>\n<p>Taille : S, M, L, XL<\/p>\n<p>Mat\u00e9riau : 100 % polyester avec des zones r\u00e9fl\u00e9chissantes \u00e0 l&rsquo;avant et \u00e0 l&rsquo;arri\u00e8re.<\/p>\n<p>Impression propre disponible sur demande \u00e0 partir de 50 pi\u00e8ces command\u00e9es.<\/p>\n<p>Sur demande et \u00e0 partir de 50 pi\u00e8ces, disponible \u00e9galement en orange.<\/p>\n<p>Prix r\u00e9duit pour des commandes de plus de 50 pi\u00e8ces : contactez-nous.<\/p>\n","protected":false},"excerpt":{"rendered":"<p>Cette veste de moto 100 % polyester est un m\u00e9lange parfait de s\u00e9curit\u00e9 et de style ! La veste de moto est munie de plusieurs bandes r\u00e9fl\u00e9chissantes afin d&rsquo;amoindrir le risque de ne pas \u00eatre vu en deux roues. La veste pour motard est cependant super en ce qui concerne la coupe et la conception. [&hellip;]<\/p>\n","protected":false},"featured_media":24570,"comment_status":"open","ping_status":"closed","template":"","meta":{"inline_featured_image":false},"product_brand":[],"product_cat":[2215,1103,1606],"product_tag":[1765],"class_list":{"0":"post-24577","1":"product","2":"type-product","3":"status-publish","4":"has-post-thumbnail","6":"product_cat-vestes_tactiques","7":"product_cat-vetements","8":"product_cat-vetements-haute-visibilite-et-lumineux","9":"product_tag-sport-outdoor-fr","11":"first","12":"instock","13":"taxable","14":"shipping-taxable","15":"purchasable","16":"product-type-simple"},"_links":{"self":[{"href":"https:\/\/metal-badge.ch\/fr\/wp-json\/wp\/v2\/product\/24577","targetHints":{"allow":["GET"]}}],"collection":[{"href":"https:\/\/metal-badge.ch\/fr\/wp-json\/wp\/v2\/product"}],"about":[{"href":"https:\/\/metal-badge.ch\/fr\/wp-json\/wp\/v2\/types\/product"}],"replies":[{"embeddable":true,"href":"https:\/\/metal-badge.ch\/fr\/wp-json\/wp\/v2\/comments?post=24577"}],"wp:featuredmedia":[{"embeddable":true,"href":"https:\/\/metal-badge.ch\/fr\/wp-json\/wp\/v2\/media\/24570"}],"wp:attachment":[{"href":"https:\/\/metal-badge.ch\/fr\/wp-json\/wp\/v2\/media?parent=24577"}],"wp:term":[{"taxonomy":"product_brand","embeddable":true,"href":"https:\/\/metal-badge.ch\/fr\/wp-json\/wp\/v2\/product_brand?post=24577"},{"taxonomy":"product_cat","embeddable":true,"href":"https:\/\/metal-badge.ch\/fr\/wp-json\/wp\/v2\/product_cat?post=24577"},{"taxonomy":"product_tag","embeddable":true,"href":"https:\/\/metal-badge.ch\/fr\/wp-json\/wp\/v2\/product_tag?post=24577"}],"curies":[{"name":"wp","href":"https:\/\/api.w.org\/{rel}","templated":true}]}}