{"id":24567,"date":"2013-12-01T20:26:54","date_gmt":"2013-12-01T20:26:54","guid":{"rendered":"https:\/\/shop.metal-badge.ch\/?product=polo-a-manches-courtes-jaune-brillant-security"},"modified":"2023-11-02T19:21:07","modified_gmt":"2023-11-02T18:21:07","slug":"polo-a-manches-courtes-jaune-brillant-security","status":"publish","type":"product","link":"https:\/\/metal-badge.ch\/fr\/product\/24567\/polo-a-manches-courtes-jaune-brillant-security\/","title":{"rendered":"Polo \u00e0 manches courtes jaune brillant \u00ab\u00a0SECURITY\u00a0\u00bb"},"content":{"rendered":"<p>\u2022 Polo \u00e0 manches courtes \u00e0 la couleur de signalisation jaune brillant citron<br \/>\n\u2022 Emplacement pour une plaque a gauche sur la poitrine<br \/>\n\u2022 Inscription \u00ab\u00a0SECURITY\u00a0\u00bb plastifi\u00e9 bleu\/blanc en velcro \u00e0 l&rsquo;arri\u00e8re ou l&rsquo;avant (peut \u00eatre retir\u00e9e)<br \/>\n\u2022 Inscription <b>SECURITY<\/b> \u00e0 l&rsquo;avant 12,5 cm x 4 cm Arri\u00e8re : 30 cm x 10cm<br \/>\n\u2022 Certifi\u00e9 classe 2 EN 471<br \/>\n\u2022 Respirable et r\u00e9gulateur d&rsquo;humidit\u00e9.<br \/>\n\u2022 Bandes r\u00e9fl\u00e9chissantes de s\u00e9curit\u00e9 sur le c\u00f4t\u00e9s de la ceinture, des manches et des \u00e9paules<br \/>\n\u2022 Col polo tricot\u00e9<br \/>\n\u2022 Seconde patte de boutonnage<br \/>\n\u2022 Poids du mat\u00e9riau : 170 g\/m\u00b2<br \/>\n\u2022 100 % polyester<\/p>\n<p>Prix r\u00e9duit pour des commandes de plus de 100 pi\u00e8ces. Inscription sur demande Contactez-nous.<\/p>\n<p>Sur demande, nous vous proposons des conseils comp\u00e9tents concernant des uniformes complets et un large choix d&rsquo;accessoires<\/p>\n","protected":false},"excerpt":{"rendered":"<p>\u2022 Polo \u00e0 manches courtes \u00e0 la couleur de signalisation jaune brillant citron \u2022 Emplacement pour une plaque a gauche sur la poitrine \u2022 Inscription \u00ab\u00a0SECURITY\u00a0\u00bb plastifi\u00e9 bleu\/blanc en velcro \u00e0 l&rsquo;arri\u00e8re ou l&rsquo;avant (peut \u00eatre retir\u00e9e) \u2022 Inscription SECURITY \u00e0 l&rsquo;avant 12,5 cm x 4 cm Arri\u00e8re : 30 cm x 10cm \u2022 Certifi\u00e9 [&hellip;]<\/p>\n","protected":false},"featured_media":85135,"comment_status":"open","ping_status":"closed","template":"","meta":{"inline_featured_image":false},"product_brand":[],"product_cat":[1570,1103,1606],"product_tag":[1781,1765],"class_list":{"0":"post-24567","1":"product","2":"type-product","3":"status-publish","4":"has-post-thumbnail","6":"product_cat-t-shirts-polo-shirts-fr","7":"product_cat-vetements","8":"product_cat-vetements-haute-visibilite-et-lumineux","9":"product_tag-police-securite","10":"product_tag-sport-outdoor-fr","12":"first","13":"instock","14":"taxable","15":"shipping-taxable","16":"purchasable","17":"product-type-simple"},"_links":{"self":[{"href":"https:\/\/metal-badge.ch\/fr\/wp-json\/wp\/v2\/product\/24567","targetHints":{"allow":["GET"]}}],"collection":[{"href":"https:\/\/metal-badge.ch\/fr\/wp-json\/wp\/v2\/product"}],"about":[{"href":"https:\/\/metal-badge.ch\/fr\/wp-json\/wp\/v2\/types\/product"}],"replies":[{"embeddable":true,"href":"https:\/\/metal-badge.ch\/fr\/wp-json\/wp\/v2\/comments?post=24567"}],"wp:featuredmedia":[{"embeddable":true,"href":"https:\/\/metal-badge.ch\/fr\/wp-json\/wp\/v2\/media\/85135"}],"wp:attachment":[{"href":"https:\/\/metal-badge.ch\/fr\/wp-json\/wp\/v2\/media?parent=24567"}],"wp:term":[{"taxonomy":"product_brand","embeddable":true,"href":"https:\/\/metal-badge.ch\/fr\/wp-json\/wp\/v2\/product_brand?post=24567"},{"taxonomy":"product_cat","embeddable":true,"href":"https:\/\/metal-badge.ch\/fr\/wp-json\/wp\/v2\/product_cat?post=24567"},{"taxonomy":"product_tag","embeddable":true,"href":"https:\/\/metal-badge.ch\/fr\/wp-json\/wp\/v2\/product_tag?post=24567"}],"curies":[{"name":"wp","href":"https:\/\/api.w.org\/{rel}","templated":true}]}}