{"id":24552,"date":"2013-12-01T19:48:33","date_gmt":"2013-12-01T19:48:33","guid":{"rendered":"https:\/\/shop.metal-badge.ch\/?product=t-shirt-de-securite"},"modified":"2020-12-04T01:37:10","modified_gmt":"2020-12-04T00:37:10","slug":"t-shirt-de-securite","status":"publish","type":"product","link":"https:\/\/metal-badge.ch\/fr\/product\/24552\/t-shirt-de-securite\/","title":{"rendered":"T-shirt de s\u00e9curit\u00e9"},"content":{"rendered":"<p>Le T-shirt classique \u00e0 col rond.<br \/>\n\u00c9lastique et confortable.<br \/>\nConfortable \u00e0 porter et tr\u00e8s faciles d&rsquo;entretien.<br \/>\n100 % coton<br \/>\nImprim\u00e9 S\u00c9CURIT\u00c9 \u00e0 l&rsquo;avant et \u00e0 l&rsquo;arri\u00e8re.<br \/>\nDisponible en plusieurs tailles.<\/p>\n","protected":false},"excerpt":{"rendered":"<p>Le T-shirt classique \u00e0 col rond. \u00c9lastique et confortable. Confortable \u00e0 porter et tr\u00e8s faciles d&rsquo;entretien. 100 % coton Imprim\u00e9 S\u00c9CURIT\u00c9 \u00e0 l&rsquo;avant et \u00e0 l&rsquo;arri\u00e8re. Disponible en plusieurs tailles.<\/p>\n","protected":false},"featured_media":85137,"comment_status":"open","ping_status":"closed","template":"","meta":{"inline_featured_image":false},"product_brand":[],"product_cat":[1570,1103],"product_tag":[1765],"class_list":{"0":"post-24552","1":"product","2":"type-product","3":"status-publish","4":"has-post-thumbnail","6":"product_cat-t-shirts-polo-shirts-fr","7":"product_cat-vetements","8":"product_tag-sport-outdoor-fr","10":"first","11":"instock","12":"taxable","13":"shipping-taxable","14":"purchasable","15":"product-type-simple"},"_links":{"self":[{"href":"https:\/\/metal-badge.ch\/fr\/wp-json\/wp\/v2\/product\/24552","targetHints":{"allow":["GET"]}}],"collection":[{"href":"https:\/\/metal-badge.ch\/fr\/wp-json\/wp\/v2\/product"}],"about":[{"href":"https:\/\/metal-badge.ch\/fr\/wp-json\/wp\/v2\/types\/product"}],"replies":[{"embeddable":true,"href":"https:\/\/metal-badge.ch\/fr\/wp-json\/wp\/v2\/comments?post=24552"}],"wp:featuredmedia":[{"embeddable":true,"href":"https:\/\/metal-badge.ch\/fr\/wp-json\/wp\/v2\/media\/85137"}],"wp:attachment":[{"href":"https:\/\/metal-badge.ch\/fr\/wp-json\/wp\/v2\/media?parent=24552"}],"wp:term":[{"taxonomy":"product_brand","embeddable":true,"href":"https:\/\/metal-badge.ch\/fr\/wp-json\/wp\/v2\/product_brand?post=24552"},{"taxonomy":"product_cat","embeddable":true,"href":"https:\/\/metal-badge.ch\/fr\/wp-json\/wp\/v2\/product_cat?post=24552"},{"taxonomy":"product_tag","embeddable":true,"href":"https:\/\/metal-badge.ch\/fr\/wp-json\/wp\/v2\/product_tag?post=24552"}],"curies":[{"name":"wp","href":"https:\/\/api.w.org\/{rel}","templated":true}]}}