{"id":24167,"date":"2013-11-13T19:03:06","date_gmt":"2013-11-13T19:03:06","guid":{"rendered":"https:\/\/shop.metal-badge.ch\/?product=lampe-de-poche-del-porte-cles"},"modified":"2015-02-05T15:44:17","modified_gmt":"2015-02-05T15:44:17","slug":"lampe-de-poche-del-porte-cles","status":"publish","type":"product","link":"https:\/\/metal-badge.ch\/fr\/product\/24167\/lampe-de-poche-del-porte-cles\/","title":{"rendered":"Lampe de poche DEL porte-cl\u00e9s"},"content":{"rendered":"<p>\n<b>Mini lampe de poche de valeur<\/b> avec un bo\u00eetier anodis\u00e9 en aluminium.<br \/> <br \/>\nLa lampe de poche ultraclaire, petite mais efficace, est indispensable pour tous les porte-cl\u00e9s. Qu&rsquo;est-ce que vous attendez? Cette combinaison de lampe de poche et de porte-cl\u00e9s vous montre tout ce qui est dans l&rsquo;ombre. Le bo\u00eetier en aluminium convainc avec sa surface laqu\u00e9e brillante et ses d\u00e9corations argent\u00e9es La lampe blanche LED est pr\u00eate \u00e0 \u00eatre utilis\u00e9e et \u00e9claire jusqu&rsquo;\u00e0 25 m\u00e8tres.\n<\/p>\n<p>Le porte-cl\u00e9s lampe de poche DEL petit, mais efficace<\/p>\n<p>Couleur de la lumi\u00e8re : blanc<br \/>\nLongueur : 6,5 cm<br \/>\nDiam\u00e8tre : 1.5 cm <br \/>\nCouleur : noir\/aluminium<br \/>\nPoids : 22 g, piles incluses<br \/>\n\u00c9clairage :  3 DEL <br \/>\nLargeur du faisceau : lumi\u00e8re brillante allant jusqu&rsquo;\u00e0 25 m<br \/>\nPile : Demande 4 piles au lithium (incluses) de type LR 44<\/p>\n","protected":false},"excerpt":{"rendered":"<p>Mini lampe de poche de valeur avec un bo\u00eetier anodis\u00e9 en aluminium. La lampe de poche ultraclaire, petite mais efficace, est indispensable pour tous les porte-cl\u00e9s. Qu&rsquo;est-ce que vous attendez? Cette combinaison de lampe de poche et de porte-cl\u00e9s vous montre tout ce qui est dans l&rsquo;ombre. Le bo\u00eetier en aluminium convainc avec sa surface [&hellip;]<\/p>\n","protected":false},"featured_media":92243,"comment_status":"open","ping_status":"closed","template":"","meta":{"inline_featured_image":false},"product_brand":[],"product_cat":[1347,1343],"product_tag":[1769,1777,1773,1871,1765],"class_list":{"0":"post-24167","1":"product","2":"type-product","3":"status-publish","4":"has-post-thumbnail","6":"product_cat-accessoires-militaires-de-chasse","7":"product_cat-lampes-lampes-de-poche","8":"product_tag-army-survival-fr","9":"product_tag-camping-voyage","10":"product_tag-chasse-peche","11":"product_tag-lampes-torche-fr","12":"product_tag-sport-outdoor-fr","14":"first","15":"instock","16":"taxable","17":"shipping-taxable","18":"purchasable","19":"product-type-simple"},"_links":{"self":[{"href":"https:\/\/metal-badge.ch\/fr\/wp-json\/wp\/v2\/product\/24167","targetHints":{"allow":["GET"]}}],"collection":[{"href":"https:\/\/metal-badge.ch\/fr\/wp-json\/wp\/v2\/product"}],"about":[{"href":"https:\/\/metal-badge.ch\/fr\/wp-json\/wp\/v2\/types\/product"}],"replies":[{"embeddable":true,"href":"https:\/\/metal-badge.ch\/fr\/wp-json\/wp\/v2\/comments?post=24167"}],"wp:featuredmedia":[{"embeddable":true,"href":"https:\/\/metal-badge.ch\/fr\/wp-json\/wp\/v2\/media\/92243"}],"wp:attachment":[{"href":"https:\/\/metal-badge.ch\/fr\/wp-json\/wp\/v2\/media?parent=24167"}],"wp:term":[{"taxonomy":"product_brand","embeddable":true,"href":"https:\/\/metal-badge.ch\/fr\/wp-json\/wp\/v2\/product_brand?post=24167"},{"taxonomy":"product_cat","embeddable":true,"href":"https:\/\/metal-badge.ch\/fr\/wp-json\/wp\/v2\/product_cat?post=24167"},{"taxonomy":"product_tag","embeddable":true,"href":"https:\/\/metal-badge.ch\/fr\/wp-json\/wp\/v2\/product_tag?post=24167"}],"curies":[{"name":"wp","href":"https:\/\/api.w.org\/{rel}","templated":true}]}}