{"id":24146,"date":"2013-11-13T16:54:12","date_gmt":"2013-11-13T16:54:12","guid":{"rendered":"https:\/\/shop.metal-badge.ch\/?product=etui-cuir-personal-garde-suisse"},"modified":"2015-02-10T19:18:54","modified_gmt":"2015-02-10T19:18:54","slug":"etui-cuir-personal-garde-suisse","status":"publish","type":"product","link":"https:\/\/metal-badge.ch\/fr\/product\/24146\/etui-cuir-personal-garde-suisse\/","title":{"rendered":"Etui cuir \u00ab\u00a0Personal\u00a0\u00bb Garde Suisse"},"content":{"rendered":"<p>Etui en cuir de vache gris fonc\u00e9, pratique et robuste avec surcoutures claires. L\u2019\u00e9tui est dot\u00e9 d\u2019un porte-monnaie extra large avec bouton pression. A l\u2019int\u00e9rieur vous trouvez le volet avec trois porte-cartes d\u2019une capacit\u00e9 minimale de neuf cartes de cr\u00e9dit. Sous le porte-cartes se trouve un autre volet qui offre de la place pour des petites choses telles que des re\u00e7us, des adresses, etc.<\/p>\n<p>Sur cet \u00e9tui, le badge peut \u00eatre gliss\u00e9 de l\u2019ext\u00e9rieur par le c\u00f4t\u00e9. Le volet avec le badge est d\u00e9pliable vers le haut. Sur le c\u00f4t\u00e9 int\u00e9rieur du volet d\u00e9pli\u00e9, il y a une fen\u00eatre transparente de la taille d\u2019une carte de cr\u00e9dit destin\u00e9e aux papiers d\u2019identit\u00e9. Ce porte-monnaie est de plus dot\u00e9 de deux grands compartiments de secours.<\/p>\n<p>\nDimensions : hauteur  10cm \/ largeur  11.4cm<br \/>\nDimensions de la fen\u00eatre transparente : Largeur  9.5cm \/ hauteur  6.5cm<\/p>\n<p>Une belle bo\u00eete \u00e0 cadeau avec un stylo, un porte-cl\u00e9s et un \u00e9tui avec un badge est \u00e9galement inclus dans le prix.<\/p>\n","protected":false},"excerpt":{"rendered":"<p>Etui en cuir de vache gris fonc\u00e9, pratique et robuste avec surcoutures claires. L\u2019\u00e9tui est dot\u00e9 d\u2019un porte-monnaie extra large avec bouton pression. A l\u2019int\u00e9rieur vous trouvez le volet avec trois porte-cartes d\u2019une capacit\u00e9 minimale de neuf cartes de cr\u00e9dit. Sous le porte-cartes se trouve un autre volet qui offre de la place pour des [&hellip;]<\/p>\n","protected":false},"featured_media":92247,"comment_status":"open","ping_status":"closed","template":"","meta":{"inline_featured_image":false},"product_brand":[],"product_cat":[1047],"product_tag":[],"class_list":{"0":"post-24146","1":"product","2":"type-product","3":"status-publish","4":"has-post-thumbnail","6":"product_cat-garde-suisse","8":"first","9":"instock","10":"taxable","11":"shipping-taxable","12":"purchasable","13":"product-type-simple"},"_links":{"self":[{"href":"https:\/\/metal-badge.ch\/fr\/wp-json\/wp\/v2\/product\/24146","targetHints":{"allow":["GET"]}}],"collection":[{"href":"https:\/\/metal-badge.ch\/fr\/wp-json\/wp\/v2\/product"}],"about":[{"href":"https:\/\/metal-badge.ch\/fr\/wp-json\/wp\/v2\/types\/product"}],"replies":[{"embeddable":true,"href":"https:\/\/metal-badge.ch\/fr\/wp-json\/wp\/v2\/comments?post=24146"}],"wp:featuredmedia":[{"embeddable":true,"href":"https:\/\/metal-badge.ch\/fr\/wp-json\/wp\/v2\/media\/92247"}],"wp:attachment":[{"href":"https:\/\/metal-badge.ch\/fr\/wp-json\/wp\/v2\/media?parent=24146"}],"wp:term":[{"taxonomy":"product_brand","embeddable":true,"href":"https:\/\/metal-badge.ch\/fr\/wp-json\/wp\/v2\/product_brand?post=24146"},{"taxonomy":"product_cat","embeddable":true,"href":"https:\/\/metal-badge.ch\/fr\/wp-json\/wp\/v2\/product_cat?post=24146"},{"taxonomy":"product_tag","embeddable":true,"href":"https:\/\/metal-badge.ch\/fr\/wp-json\/wp\/v2\/product_tag?post=24146"}],"curies":[{"name":"wp","href":"https:\/\/api.w.org\/{rel}","templated":true}]}}