{"id":24073,"date":"2013-11-12T20:50:37","date_gmt":"2013-11-12T20:50:37","guid":{"rendered":"https:\/\/shop.metal-badge.ch\/?product=piece-detachee-cordon-en-nylon"},"modified":"2023-05-29T10:57:31","modified_gmt":"2023-05-29T08:57:31","slug":"piece-detachee-cordon-en-nylon","status":"publish","type":"product","link":"https:\/\/metal-badge.ch\/fr\/product\/24073\/piece-detachee-cordon-en-nylon\/","title":{"rendered":"Cordon porte-badge : cordon en nylon noir"},"content":{"rendered":"<p>Cordon porte-badge confortable \u00e0 porter<\/p>\n<p>Cordon en nylon noir avec un mousqueton et une fermeture de s\u00e9curit\u00e9.&nbsp;Confortable \u00e0 porter.<\/p>\n<p><strong>Prix unitaire :<\/strong> 2,50 CHF<br \/>\n<strong>Largeur :<\/strong> 1 cm<\/p>\n","protected":false},"excerpt":{"rendered":"<p>Cordon porte-badge confortable \u00e0 porter : cordon en nylon noir avec un mousqueton et une fermeture de s\u00e9curit\u00e9.<\/p>\n","protected":false},"featured_media":92259,"comment_status":"open","ping_status":"closed","template":"","meta":{"inline_featured_image":false},"product_brand":[],"product_cat":[907],"product_tag":[],"class_list":{"0":"post-24073","1":"product","2":"type-product","3":"status-publish","4":"has-post-thumbnail","6":"product_cat-etuis-en-cuir-sans-badge","8":"first","9":"instock","10":"taxable","11":"shipping-taxable","12":"purchasable","13":"product-type-simple"},"_links":{"self":[{"href":"https:\/\/metal-badge.ch\/fr\/wp-json\/wp\/v2\/product\/24073","targetHints":{"allow":["GET"]}}],"collection":[{"href":"https:\/\/metal-badge.ch\/fr\/wp-json\/wp\/v2\/product"}],"about":[{"href":"https:\/\/metal-badge.ch\/fr\/wp-json\/wp\/v2\/types\/product"}],"replies":[{"embeddable":true,"href":"https:\/\/metal-badge.ch\/fr\/wp-json\/wp\/v2\/comments?post=24073"}],"wp:featuredmedia":[{"embeddable":true,"href":"https:\/\/metal-badge.ch\/fr\/wp-json\/wp\/v2\/media\/92259"}],"wp:attachment":[{"href":"https:\/\/metal-badge.ch\/fr\/wp-json\/wp\/v2\/media?parent=24073"}],"wp:term":[{"taxonomy":"product_brand","embeddable":true,"href":"https:\/\/metal-badge.ch\/fr\/wp-json\/wp\/v2\/product_brand?post=24073"},{"taxonomy":"product_cat","embeddable":true,"href":"https:\/\/metal-badge.ch\/fr\/wp-json\/wp\/v2\/product_cat?post=24073"},{"taxonomy":"product_tag","embeddable":true,"href":"https:\/\/metal-badge.ch\/fr\/wp-json\/wp\/v2\/product_tag?post=24073"}],"curies":[{"name":"wp","href":"https:\/\/api.w.org\/{rel}","templated":true}]}}