{"id":23752,"date":"2013-11-06T00:11:18","date_gmt":"2013-11-06T00:11:18","guid":{"rendered":"https:\/\/shop.metal-badge.ch\/?product=badge-sapeurs-pompiers"},"modified":"2017-04-15T01:57:04","modified_gmt":"2017-04-15T01:57:04","slug":"badge-sapeurs-pompiers","status":"publish","type":"product","link":"https:\/\/metal-badge.ch\/fr\/product\/23752\/badge-sapeurs-pompiers\/","title":{"rendered":"Badge Sapeurs-Pompiers"},"content":{"rendered":"<p>Badge Sapeurs-Pompiers, sans \u00e9tui, ni bois. Au choix en argent ou en or.<\/p>\n<p>Badge Taille: 82,5 mm x 55,5 mm \/ insigne poids avec clip: 58 gr.<\/p>\n<p>Cette jolie bo\u00eete cadeau en alu argent\u00e9 avec fen\u00eatre est comprise dans le prix.<\/p>\n","protected":false},"excerpt":{"rendered":"<p>Badge Sapeurs-Pompiers, sans \u00e9tui, ni bois. Au choix en argent ou en or. Badge Taille: 82,5 mm x 55,5 mm \/ insigne poids avec clip: 58 gr. Cette jolie bo\u00eete cadeau en alu argent\u00e9 avec fen\u00eatre est comprise dans le prix.<\/p>\n","protected":false},"featured_media":76701,"comment_status":"open","ping_status":"closed","template":"","meta":{"inline_featured_image":false},"product_brand":[],"product_cat":[1099],"product_tag":[],"class_list":{"0":"post-23752","1":"product","2":"type-product","3":"status-publish","4":"has-post-thumbnail","6":"product_cat-sapeurs-pompiers-sub","8":"first","9":"instock","10":"taxable","11":"shipping-taxable","12":"purchasable","13":"product-type-simple"},"_links":{"self":[{"href":"https:\/\/metal-badge.ch\/fr\/wp-json\/wp\/v2\/product\/23752","targetHints":{"allow":["GET"]}}],"collection":[{"href":"https:\/\/metal-badge.ch\/fr\/wp-json\/wp\/v2\/product"}],"about":[{"href":"https:\/\/metal-badge.ch\/fr\/wp-json\/wp\/v2\/types\/product"}],"replies":[{"embeddable":true,"href":"https:\/\/metal-badge.ch\/fr\/wp-json\/wp\/v2\/comments?post=23752"}],"wp:featuredmedia":[{"embeddable":true,"href":"https:\/\/metal-badge.ch\/fr\/wp-json\/wp\/v2\/media\/76701"}],"wp:attachment":[{"href":"https:\/\/metal-badge.ch\/fr\/wp-json\/wp\/v2\/media?parent=23752"}],"wp:term":[{"taxonomy":"product_brand","embeddable":true,"href":"https:\/\/metal-badge.ch\/fr\/wp-json\/wp\/v2\/product_brand?post=23752"},{"taxonomy":"product_cat","embeddable":true,"href":"https:\/\/metal-badge.ch\/fr\/wp-json\/wp\/v2\/product_cat?post=23752"},{"taxonomy":"product_tag","embeddable":true,"href":"https:\/\/metal-badge.ch\/fr\/wp-json\/wp\/v2\/product_tag?post=23752"}],"curies":[{"name":"wp","href":"https:\/\/api.w.org\/{rel}","templated":true}]}}