{"id":23281,"date":"2013-08-24T11:07:15","date_gmt":"2013-08-24T11:07:15","guid":{"rendered":"https:\/\/shop.metal-badge.ch\/?product=appareil-zd-2028-multifonctions-6-en-1-altimetre-barometre-boussole"},"modified":"2020-08-01T23:50:59","modified_gmt":"2020-08-01T23:50:59","slug":"appareil-zd-2028-multifonctions-6-en-1-altimetre-barometre-boussole","status":"publish","type":"product","link":"https:\/\/metal-badge.ch\/fr\/product\/23281\/appareil-zd-2028-multifonctions-6-en-1-altimetre-barometre-boussole\/","title":{"rendered":"Appareil ZD-2028 multifonctions 6 en 1 Altim\u00e8tre-Barom\u00e8tre-Boussole"},"content":{"rendered":"<p>Propri\u00e9t\u00e9s principales:<\/p>\n<p>Cette boussole multifonctions est le partenaire id\u00e9al pour l\u2019ext\u00e9rieur, fut-ce pour le sport, le voyage, le camping, la chasse, la randonn\u00e9e et l\u2019escalade. Cette boussole digitale ne devrait pas manquer \u00e0 votre paquetage. Dot\u00e9e de six fonctions : boussole digitale, thermom\u00e8tre, barom\u00e8tre, altim\u00e8tre, horloge et pr\u00e9visions m\u00e9t\u00e9o le tout dans un appareil pratique et en plus l\u00e9ger. Toutes les fonctions sont affich\u00e9es sur un \u00e9cran LCD avec r\u00e9tro\u00e9clairage vif LED vert clair. L\u2019appareil est tr\u00e8s simple d\u2019utilisation et l\u00e9ger \u00e0 porter. De plus, vous recevez une bandouli\u00e8re amovible dot\u00e9e d\u2019un petit raccord d\u2019alimentation. Le mode d\u2019emploi est fourni.<\/p>\n<p><b><br \/>\nDonn\u00e9es techniques:<br \/>\n<\/b>Couleur : argent \/ noir<br \/>\nMat\u00e9riaux : plastique<br \/>\nPoids : 95gr<br \/>\nDimensions : Longueur 12cm Largeur 7,5cm Hauteur 2,5cm<br \/>\n2&#215;1,5V Batteries AAA livr\u00e9es dans l\u2019emballage<\/p>\n<p><b>Boussole:<\/b><br \/>\nQuatre diff\u00e9rents modes d\u2019affichage<br \/>\nPr\u00e9cision: \u00b1 3 degr\u00e9s<\/p>\n<p><b>Thermom\u00e8tre :<\/b><br \/>\nPort\u00e9e: -5\u00b0C \u00e0 +50\u00b0C (affichage Celsius \/ Fahrenheit au choix)<br \/>\nPr\u00e9cision : \u00b1 2\u00b0C <\/p>\n<p><b>Altim\u00e8tre<\/b>:<br \/>\n-700 \u00e0 +9000 m\u00e8tres (-2300 \u00e0 +29500 pieds) <\/p>\n<p><b>Horloge :<\/b><br \/>\nTemps en heures 24h ou 12h<br \/>\nHeures, minutes, secondes\n<\/p>\n<p><b>Barom\u00e8tre :<\/b><br \/>\nDe 300 \u00e0 1100 mbar, r\u00e9solution 0,1mbar<\/p>\n<p><b>Calendrier<\/b><br \/>\nMois, semaine, jour<\/p>\n","protected":false},"excerpt":{"rendered":"<p>Propri\u00e9t\u00e9s principales: Cette boussole multifonctions est le partenaire id\u00e9al pour l\u2019ext\u00e9rieur, fut-ce pour le sport, le voyage, le camping, la chasse, la randonn\u00e9e et l\u2019escalade. Cette boussole digitale ne devrait pas manquer \u00e0 votre paquetage. Dot\u00e9e de six fonctions : boussole digitale, thermom\u00e8tre, barom\u00e8tre, altim\u00e8tre, horloge et pr\u00e9visions m\u00e9t\u00e9o le tout dans un appareil pratique [&hellip;]<\/p>\n","protected":false},"featured_media":92609,"comment_status":"open","ping_status":"closed","template":"","meta":{"inline_featured_image":false},"product_brand":[],"product_cat":[1347,1698],"product_tag":[1769,1777,1773,1765],"class_list":{"0":"post-23281","1":"product","2":"type-product","3":"status-publish","4":"has-post-thumbnail","6":"product_cat-accessoires-militaires-de-chasse","7":"product_cat-boussoles","8":"product_tag-army-survival-fr","9":"product_tag-camping-voyage","10":"product_tag-chasse-peche","11":"product_tag-sport-outdoor-fr","13":"first","14":"instock","15":"taxable","16":"shipping-taxable","17":"purchasable","18":"product-type-simple"},"_links":{"self":[{"href":"https:\/\/metal-badge.ch\/fr\/wp-json\/wp\/v2\/product\/23281","targetHints":{"allow":["GET"]}}],"collection":[{"href":"https:\/\/metal-badge.ch\/fr\/wp-json\/wp\/v2\/product"}],"about":[{"href":"https:\/\/metal-badge.ch\/fr\/wp-json\/wp\/v2\/types\/product"}],"replies":[{"embeddable":true,"href":"https:\/\/metal-badge.ch\/fr\/wp-json\/wp\/v2\/comments?post=23281"}],"wp:featuredmedia":[{"embeddable":true,"href":"https:\/\/metal-badge.ch\/fr\/wp-json\/wp\/v2\/media\/92609"}],"wp:attachment":[{"href":"https:\/\/metal-badge.ch\/fr\/wp-json\/wp\/v2\/media?parent=23281"}],"wp:term":[{"taxonomy":"product_brand","embeddable":true,"href":"https:\/\/metal-badge.ch\/fr\/wp-json\/wp\/v2\/product_brand?post=23281"},{"taxonomy":"product_cat","embeddable":true,"href":"https:\/\/metal-badge.ch\/fr\/wp-json\/wp\/v2\/product_cat?post=23281"},{"taxonomy":"product_tag","embeddable":true,"href":"https:\/\/metal-badge.ch\/fr\/wp-json\/wp\/v2\/product_tag?post=23281"}],"curies":[{"name":"wp","href":"https:\/\/api.w.org\/{rel}","templated":true}]}}