{"id":23270,"date":"2013-08-24T10:35:12","date_gmt":"2013-08-24T10:35:12","guid":{"rendered":"https:\/\/shop.metal-badge.ch\/?product=altimetre-digital-8-en-1-avec-barometre-boussole-thermometre-station-meteo-etc"},"modified":"2023-12-15T00:46:05","modified_gmt":"2023-12-14T23:46:05","slug":"altimetre-digital-8-en-1-avec-barometre-boussole-thermometre-station-meteo-etc","status":"publish","type":"product","link":"https:\/\/metal-badge.ch\/fr\/product\/23270\/altimetre-digital-8-en-1-avec-barometre-boussole-thermometre-station-meteo-etc\/","title":{"rendered":"Altim\u00e8tre digital 8 en 1 avec barom\u00e8tre, boussole, thermom\u00e8tre, station m\u00e9t\u00e9o etc.."},"content":{"rendered":"<p>Cet altim\u00e8tre compact avec boussole et borne m\u00e9t\u00e9o est parfait pour les randonneurs, les VTTistes, les grimpeurs, les escaladeurs et durant les voyages un accompagnant toujours plus s\u00fbr. Avec le r\u00e9tro\u00e9clairage de l\u2019\u00e9cran, l\u2019on peut utiliser l\u2019appareil nuit et jour. Il peut \u00eatre accroch\u00e9 ais\u00e9ment partout avec le mousqueton. C\u2019est le cadeau id\u00e9al. Avec cette boussole et altim\u00e8tre, vous maintenez toujours le cap. Un <i>must<\/i> pour le sport outdoor.<\/p>\n<p>L\u2019appareil livre une information pr\u00e9cise et rapide:<br \/>\nOrientation : avec la boussole digitale, vous \u00eates toujours certain de trouver le bon chemin.<br \/>\nBorne m\u00e9t\u00e9o : 12 \u00e0 24h de pr\u00e9visions m\u00e9t\u00e9orologiques<br \/>\nAltim\u00e8tre:<br \/>\nfonctionnalit\u00e9 de -700 \u00e0 +9000m (de -2296 \u00e0 +29500 pieds), mesure en m\u00e9trique britannique et autre.<br \/>\nBorne m\u00e9t\u00e9o avec barom\u00e8tre de 300 \u00e0 1100 mbar (hPa)<br \/>\nThermom\u00e8tre : donn\u00e9es sur la temp\u00e9rature actuelle<br \/>\nHorloge : acc\u00e8s rapide \u00e0 la montre digitale, heures, minutes, secondes<br \/>\nDonn\u00e9es sur une m\u00e9t\u00e9o ensoleill\u00e9e, faiblement ensoleill\u00e9e, nuageuse ou pluvieux<\/p>\n<p><b>Informations du fabricant<\/b><br \/>\nDescription du produit<br \/>\nAltim\u00e8tre digital et boussole multifonctions 8 en 1<br \/>\nAffichage : \u00e9cran digital LCD 1,2 Zoll avec r\u00e9tro\u00e9clairage bleu<br \/>\nAltim\u00e8tre<br \/>\nMesurabilit\u00e9 de -2296 \u00e0 +29500 pieds (-700 \u00e0 8992 m\u00e8tres)<br \/>\nR\u00e9solution \u00e0 1 m\u00e8tre ou 3 pieds<br \/>\nDonn\u00e9es en m\u00e8tres ou pieds<br \/>\nMesure absolue du niveau de la mer<br \/>\nMesure relative de l\u2019altitude<br \/>\nFonction Remise \u00e0 z\u00e9ro en mesure relative<br \/>\nEnregistrement de l\u2019altitude<br \/>\nEtalonnage de l\u2019altitude<\/p>\n<p>Barom\u00e8tre<br \/>\n&#8211; Mesurabilit\u00e9 de 300 \u00e0 1100mbar<br \/>\n&#8211; Pr\u00e9cision \u00e0 1mbar<\/p>\n<p>Bo Bussole digitale:<br \/>\n&#8211; Etalonnage externe du champs magn\u00e9tique<br \/>\n&#8211; R\u00e9glage magn\u00e9tique de la d\u00e9clinaison et haute pr\u00e9cision<br \/>\n&#8211; Haute r\u00e9solution: +\/- 3 degr\u00e9s<\/p>\n<p>Thermom\u00e8tre:<br \/>\nDonn\u00e9es du thermom\u00e8tre: -10C \u00e0 +60\u00b0C mesurabilit\u00e9 optionnelle en Celsius et Fahrenheit<br \/>\nR\u00e9tro\u00e9clairage: lumi\u00e8re LED bleue de 5 secondes<br \/>\nAlimentation: pile plate CR2032 incluse dans la livraison<br \/>\nDimension du boitier: 63x53x15mm<\/p>\n<p><b>Contenu du coffret livr\u00e9<\/b><br \/>\n1 x altim\u00e8tre digital multifonctions<br \/>\n1 x mousqueton<br \/>\n1 x pile plate<br \/>\n1 x manuel d\u2019utilisation en anglais<\/p>\n","protected":false},"excerpt":{"rendered":"<p>Cet altim\u00e8tre compact avec boussole et borne m\u00e9t\u00e9o est parfait pour les randonneurs, les VTTistes, les grimpeurs, les escaladeurs et durant les voyages un accompagnant toujours plus s\u00fbr. Avec le r\u00e9tro\u00e9clairage de l\u2019\u00e9cran, l\u2019on peut utiliser l\u2019appareil nuit et jour. Il peut \u00eatre accroch\u00e9 ais\u00e9ment partout avec le mousqueton. C\u2019est le cadeau id\u00e9al. Avec cette [&hellip;]<\/p>\n","protected":false},"featured_media":92611,"comment_status":"open","ping_status":"closed","template":"","meta":{"inline_featured_image":false},"product_brand":[],"product_cat":[1347,1698],"product_tag":[1769,1777,1773,1765],"class_list":{"0":"post-23270","1":"product","2":"type-product","3":"status-publish","4":"has-post-thumbnail","6":"product_cat-accessoires-militaires-de-chasse","7":"product_cat-boussoles","8":"product_tag-army-survival-fr","9":"product_tag-camping-voyage","10":"product_tag-chasse-peche","11":"product_tag-sport-outdoor-fr","13":"first","14":"outofstock","15":"taxable","16":"shipping-taxable","17":"purchasable","18":"product-type-simple"},"_links":{"self":[{"href":"https:\/\/metal-badge.ch\/fr\/wp-json\/wp\/v2\/product\/23270","targetHints":{"allow":["GET"]}}],"collection":[{"href":"https:\/\/metal-badge.ch\/fr\/wp-json\/wp\/v2\/product"}],"about":[{"href":"https:\/\/metal-badge.ch\/fr\/wp-json\/wp\/v2\/types\/product"}],"replies":[{"embeddable":true,"href":"https:\/\/metal-badge.ch\/fr\/wp-json\/wp\/v2\/comments?post=23270"}],"wp:featuredmedia":[{"embeddable":true,"href":"https:\/\/metal-badge.ch\/fr\/wp-json\/wp\/v2\/media\/92611"}],"wp:attachment":[{"href":"https:\/\/metal-badge.ch\/fr\/wp-json\/wp\/v2\/media?parent=23270"}],"wp:term":[{"taxonomy":"product_brand","embeddable":true,"href":"https:\/\/metal-badge.ch\/fr\/wp-json\/wp\/v2\/product_brand?post=23270"},{"taxonomy":"product_cat","embeddable":true,"href":"https:\/\/metal-badge.ch\/fr\/wp-json\/wp\/v2\/product_cat?post=23270"},{"taxonomy":"product_tag","embeddable":true,"href":"https:\/\/metal-badge.ch\/fr\/wp-json\/wp\/v2\/product_tag?post=23270"}],"curies":[{"name":"wp","href":"https:\/\/api.w.org\/{rel}","templated":true}]}}